{"id":1402,"date":"2021-04-28T15:39:07","date_gmt":"2021-04-28T22:39:07","guid":{"rendered":"http:\/\/spectrespast.com\/?page_id=1402"},"modified":"2021-05-09T17:52:46","modified_gmt":"2021-05-10T00:52:46","slug":"actionbound","status":"publish","type":"page","link":"https:\/\/spectrespast.com\/es\/faq\/actionbound\/","title":{"rendered":"Actionbound"},"content":{"rendered":"<div data-elementor-type=\"wp-page\" data-elementor-id=\"1402\" class=\"elementor elementor-1402\" data-elementor-post-type=\"page\">\n\t\t\t\t\t\t<section class=\"elementor-section elementor-top-section elementor-element elementor-element-05b045b elementor-section-boxed elementor-section-height-default elementor-section-height-default\" data-id=\"05b045b\" data-element_type=\"section\">\n\t\t\t\t\t\t<div class=\"elementor-container elementor-column-gap-default\">\n\t\t\t\t\t<div class=\"elementor-column elementor-col-100 elementor-top-column elementor-element elementor-element-c10d0bf\" data-id=\"c10d0bf\" data-element_type=\"column\">\n\t\t\t<div class=\"elementor-widget-wrap elementor-element-populated\">\n\t\t\t\t\t\t<div class=\"elementor-element elementor-element-c9a5103 elementor-widget elementor-widget-heading\" data-id=\"c9a5103\" data-element_type=\"widget\" data-widget_type=\"heading.default\">\n\t\t\t\t\t<h1 class=\"elementor-heading-title elementor-size-default\">Instrucciones de acci\u00f3n<\/h1>\t\t\t\t<\/div>\n\t\t\t\t\t<\/div>\n\t\t<\/div>\n\t\t\t\t\t<\/div>\n\t\t<\/section>\n\t\t\t\t<section class=\"elementor-section elementor-top-section elementor-element elementor-element-cf2ac21 elementor-section-boxed elementor-section-height-default elementor-section-height-default\" data-id=\"cf2ac21\" data-element_type=\"section\">\n\t\t\t\t\t\t<div class=\"elementor-container elementor-column-gap-default\">\n\t\t\t\t\t<div class=\"elementor-column elementor-col-33 elementor-top-column elementor-element elementor-element-9e5e685\" data-id=\"9e5e685\" data-element_type=\"column\">\n\t\t\t<div class=\"elementor-widget-wrap elementor-element-populated\">\n\t\t\t\t\t\t<div class=\"elementor-element elementor-element-e8c8c01 elementor-widget elementor-widget-image\" data-id=\"e8c8c01\" data-element_type=\"widget\" data-widget_type=\"image.default\">\n\t\t\t\t\t\t\t\t\t\t\t\t\t\t\t<img fetchpriority=\"high\" decoding=\"async\" width=\"646\" height=\"780\" src=\"https:\/\/spectrespast.com\/wp-content\/uploads\/2021\/04\/ActionBoundHand.png\" class=\"attachment-large size-large wp-image-1798\" alt=\"\" srcset=\"https:\/\/spectrespast.com\/wp-content\/uploads\/2021\/04\/ActionBoundHand.png 646w, https:\/\/spectrespast.com\/wp-content\/uploads\/2021\/04\/ActionBoundHand-248x300.png 248w, https:\/\/spectrespast.com\/wp-content\/uploads\/2021\/04\/ActionBoundHand-10x12.png 10w\" sizes=\"(max-width: 646px) 100vw, 646px\" \/>\t\t\t\t\t\t\t\t\t\t\t\t\t\t\t<\/div>\n\t\t\t\t\t<\/div>\n\t\t<\/div>\n\t\t\t\t<div class=\"elementor-column elementor-col-33 elementor-top-column elementor-element elementor-element-e282223\" data-id=\"e282223\" data-element_type=\"column\">\n\t\t\t<div class=\"elementor-widget-wrap elementor-element-populated\">\n\t\t\t\t\t\t<div class=\"elementor-element elementor-element-1a5cc6b elementor-widget elementor-widget-text-editor\" data-id=\"1a5cc6b\" data-element_type=\"widget\" data-widget_type=\"text-editor.default\">\n\t\t\t\t\t\t\t\t\t<blockquote><h3><em><span dir=\"ltr\">A Bound es una b\u00fasqueda interactiva de tel\u00e9fonos inteligentes. (La caza tambi\u00e9n puede<\/span><span dir=\"ltr\">\u00a0ser accedido desde tu <\/span><span dir=\"ltr\">navegador.) Con la aplicaci\u00f3n Actionbound, puede participar <\/span><span dir=\"ltr\">en emocionante, divertido e informativo <\/span><span dir=\"ltr\">\u00a1L\u00edmites como ESPECTORES PASADOS! El principio es similar a una b\u00fasqueda del tesoro cl\u00e1sica.<\/span><span dir=\"ltr\"> o geocaching, pero tambi\u00e9n <\/span><span dir=\"ltr\">incluye archivos multimedia, Internet y archivos creados por el reproductor <\/span><\/em><span dir=\"ltr\"><em>contenido.<\/em> <\/span><\/h3><\/blockquote>\t\t\t\t\t\t\t\t<\/div>\n\t\t\t\t\t<\/div>\n\t\t<\/div>\n\t\t\t\t<div class=\"elementor-column elementor-col-33 elementor-top-column elementor-element elementor-element-daec2ce\" data-id=\"daec2ce\" data-element_type=\"column\">\n\t\t\t<div class=\"elementor-widget-wrap elementor-element-populated\">\n\t\t\t\t\t\t<div class=\"elementor-element elementor-element-abaadcb elementor-widget elementor-widget-image\" data-id=\"abaadcb\" data-element_type=\"widget\" data-widget_type=\"image.default\">\n\t\t\t\t\t\t\t\t\t\t\t\t\t\t\t<img decoding=\"async\" width=\"768\" height=\"1326\" src=\"https:\/\/spectrespast.com\/wp-content\/uploads\/2021\/04\/ActionboundHandPhone-768x1326.png\" class=\"attachment-medium_large size-medium_large wp-image-1799\" alt=\"\" srcset=\"https:\/\/spectrespast.com\/wp-content\/uploads\/2021\/04\/ActionboundHandPhone-768x1326.png 768w, https:\/\/spectrespast.com\/wp-content\/uploads\/2021\/04\/ActionboundHandPhone-174x300.png 174w, https:\/\/spectrespast.com\/wp-content\/uploads\/2021\/04\/ActionboundHandPhone-593x1024.png 593w, https:\/\/spectrespast.com\/wp-content\/uploads\/2021\/04\/ActionboundHandPhone-7x12.png 7w, https:\/\/spectrespast.com\/wp-content\/uploads\/2021\/04\/ActionboundHandPhone.png 771w\" sizes=\"(max-width: 768px) 100vw, 768px\" \/>\t\t\t\t\t\t\t\t\t\t\t\t\t\t\t<\/div>\n\t\t\t\t\t<\/div>\n\t\t<\/div>\n\t\t\t\t\t<\/div>\n\t\t<\/section>\n\t\t\t\t<section class=\"elementor-section elementor-top-section elementor-element elementor-element-8613949 elementor-section-boxed elementor-section-height-default elementor-section-height-default\" data-id=\"8613949\" data-element_type=\"section\">\n\t\t\t\t\t\t<div class=\"elementor-container elementor-column-gap-default\">\n\t\t\t\t\t<div class=\"elementor-column elementor-col-100 elementor-top-column elementor-element elementor-element-198219e\" data-id=\"198219e\" data-element_type=\"column\">\n\t\t\t<div class=\"elementor-widget-wrap elementor-element-populated\">\n\t\t\t\t\t\t<div class=\"elementor-element elementor-element-6bcee77 elementor-tabs-view-horizontal elementor-widget elementor-widget-tabs\" data-id=\"6bcee77\" data-element_type=\"widget\" data-widget_type=\"tabs.default\">\n\t\t\t\t\t\t\t<div class=\"elementor-tabs\">\n\t\t\t<div class=\"elementor-tabs-wrapper\" role=\"tablist\" >\n\t\t\t\t\t\t\t\t\t<div id=\"elementor-tab-title-1131\" class=\"elementor-tab-title elementor-tab-desktop-title\" aria-selected=\"true\" data-tab=\"1\" role=\"tab\" tabindex=\"0\" aria-controls=\"elementor-tab-content-1131\" aria-expanded=\"false\">\u00bfD\u00f3nde puedo acceder a Actionbound?<\/div>\n\t\t\t\t\t\t\t\t\t<div id=\"elementor-tab-title-1132\" class=\"elementor-tab-title elementor-tab-desktop-title\" aria-selected=\"false\" data-tab=\"2\" role=\"tab\" tabindex=\"-1\" aria-controls=\"elementor-tab-content-1132\" aria-expanded=\"false\">\u00bfC\u00f3mo juego?<\/div>\n\t\t\t\t\t\t\t\t\t<div id=\"elementor-tab-title-1133\" class=\"elementor-tab-title elementor-tab-desktop-title\" aria-selected=\"false\" data-tab=\"3\" role=\"tab\" tabindex=\"-1\" aria-controls=\"elementor-tab-content-1133\" aria-expanded=\"false\">\u00bfNecesito una conexi\u00f3n a Internet mientras juego?<\/div>\n\t\t\t\t\t\t\t<\/div>\n\t\t\t<div class=\"elementor-tabs-content-wrapper\" role=\"tablist\" aria-orientation=\"vertical\">\n\t\t\t\t\t\t\t\t\t<div class=\"elementor-tab-title elementor-tab-mobile-title\" aria-selected=\"true\" data-tab=\"1\" role=\"tab\" tabindex=\"0\" aria-controls=\"elementor-tab-content-1131\" aria-expanded=\"false\">\u00bfD\u00f3nde puedo acceder a Actionbound?<\/div>\n\t\t\t\t\t<div id=\"elementor-tab-content-1131\" class=\"elementor-tab-content elementor-clearfix\" data-tab=\"1\" role=\"tabpanel\" aria-labelledby=\"elementor-tab-title-1131\" tabindex=\"0\" hidden=\"false\"><p>Hay dos formas de acceder al juego utilizando Actionbound.<\/p><ol><li>Descargue la aplicaci\u00f3n Actionbound de la tienda de aplicaciones de su dispositivo m\u00f3vil.<p><strong>Versi\u00f3n de Google Play<\/strong> aqu\u00ed: <a href=\"https:\/\/play.google.com\/store\/apps\/details?id=de.actionbound\">https:\/\/play.google.com\/store\/apps\/details?id=de.actionbound<\/a><\/p><p><strong>Versi\u00f3n de la App Store<\/strong> aqu\u00ed: <a href=\"https:\/\/apps.apple.com\/app\/actionbound\/id582660833\">https:\/\/apps.apple.com\/app\/actionbound\/id582660833\u00a0<\/a><\/p><\/li><\/ol><\/div>\n\t\t\t\t\t\t\t\t\t<div class=\"elementor-tab-title elementor-tab-mobile-title\" aria-selected=\"false\" data-tab=\"2\" role=\"tab\" tabindex=\"-1\" aria-controls=\"elementor-tab-content-1132\" aria-expanded=\"false\">\u00bfC\u00f3mo juego?<\/div>\n\t\t\t\t\t<div id=\"elementor-tab-content-1132\" class=\"elementor-tab-content elementor-clearfix\" data-tab=\"2\" role=\"tabpanel\" aria-labelledby=\"elementor-tab-title-1132\" tabindex=\"0\" hidden=\"hidden\"><p>Para encontrar nuestro juego usando su dispositivo m\u00f3vil, vaya a la p\u00e1gina del juego de la semana actual y escanee el c\u00f3digo QR. TENGA EN CUENTA: ANTES de escanear el c\u00f3digo QR del juego, \u00a1ASEG\u00daRESE DE HABER INSTALADO Actionbound en su dispositivo!<\/p><p><a href=\"https:\/\/de.actionbound.com\/bound\/spectres\">https:\/\/de.actionbound.com\/bound\/spectres<\/a><\/p><\/div>\n\t\t\t\t\t\t\t\t\t<div class=\"elementor-tab-title elementor-tab-mobile-title\" aria-selected=\"false\" data-tab=\"3\" role=\"tab\" tabindex=\"-1\" aria-controls=\"elementor-tab-content-1133\" aria-expanded=\"false\">\u00bfNecesito una conexi\u00f3n a Internet mientras juego?<\/div>\n\t\t\t\t\t<div id=\"elementor-tab-content-1133\" class=\"elementor-tab-content elementor-clearfix\" data-tab=\"3\" role=\"tabpanel\" aria-labelledby=\"elementor-tab-title-1133\" tabindex=\"0\" hidden=\"hidden\"><p>No. El contenido multimedia de Bound estar\u00e1 precargado. Esto se aplica a todo el contenido: misiones, texto, im\u00e1genes, videos y sonidos cargados en la biblioteca de medios de Actionbound.<\/p><\/div>\n\t\t\t\t\t\t\t<\/div>\n\t\t<\/div>\n\t\t\t\t\t\t<\/div>\n\t\t\t\t\t<\/div>\n\t\t<\/div>\n\t\t\t\t\t<\/div>\n\t\t<\/section>\n\t\t\t\t<\/div>","protected":false},"excerpt":{"rendered":"<p>Instrucciones de Actionbound: Un Bound es una b\u00fasqueda interactiva para smartphones. (Tambi\u00e9n puedes acceder a la b\u00fasqueda desde tu navegador). Con la app de Actionbound, puedes participar en Bounds emocionantes, divertidos e informativos como \u00a1SPECTRES PAST! El principio es similar al de una b\u00fasqueda del tesoro o geocaching cl\u00e1sica, pero tambi\u00e9n incluye archivos multimedia, internet y contenido creado por los jugadores. <a title=\"Actionbound\" class=\"read-more\" href=\"https:\/\/spectrespast.com\/es\/faq\/actionbound\/\" aria-label=\"Leer m\u00e1s sobre Actionbound\">Leer m\u00e1s<\/a><\/p>","protected":false},"author":6,"featured_media":0,"parent":762,"menu_order":0,"comment_status":"closed","ping_status":"closed","template":"","meta":{"footnotes":""},"folder":[65],"class_list":["post-1402","page","type-page","status-publish"],"_links":{"self":[{"href":"https:\/\/spectrespast.com\/es\/wp-json\/wp\/v2\/pages\/1402","targetHints":{"allow":["GET"]}}],"collection":[{"href":"https:\/\/spectrespast.com\/es\/wp-json\/wp\/v2\/pages"}],"about":[{"href":"https:\/\/spectrespast.com\/es\/wp-json\/wp\/v2\/types\/page"}],"author":[{"embeddable":true,"href":"https:\/\/spectrespast.com\/es\/wp-json\/wp\/v2\/users\/6"}],"replies":[{"embeddable":true,"href":"https:\/\/spectrespast.com\/es\/wp-json\/wp\/v2\/comments?post=1402"}],"version-history":[{"count":54,"href":"https:\/\/spectrespast.com\/es\/wp-json\/wp\/v2\/pages\/1402\/revisions"}],"predecessor-version":[{"id":2532,"href":"https:\/\/spectrespast.com\/es\/wp-json\/wp\/v2\/pages\/1402\/revisions\/2532"}],"up":[{"embeddable":true,"href":"https:\/\/spectrespast.com\/es\/wp-json\/wp\/v2\/pages\/762"}],"wp:attachment":[{"href":"https:\/\/spectrespast.com\/es\/wp-json\/wp\/v2\/media?parent=1402"}],"wp:term":[{"taxonomy":"folder","embeddable":true,"href":"https:\/\/spectrespast.com\/es\/wp-json\/wp\/v2\/folder?post=1402"}],"curies":[{"name":"wp","href":"https:\/\/api.w.org\/{rel}","templated":true}]}}