{"id":3461,"date":"2022-05-06T22:30:08","date_gmt":"2022-05-07T05:30:08","guid":{"rendered":"http:\/\/spectrespast.com\/?page_id=3461"},"modified":"2025-05-17T13:42:45","modified_gmt":"2025-05-17T20:42:45","slug":"s2-episode-2-philomath-reunion-committee","status":"publish","type":"page","link":"https:\/\/spectrespast.com\/es\/season2-game-overview\/s2-episode-2-philomath-reunion-committee\/","title":{"rendered":"T2 - Episodio 2 - Comit\u00e9 de reuni\u00f3n de Philomath"},"content":{"rendered":"<div data-elementor-type=\"wp-page\" data-elementor-id=\"3461\" class=\"elementor elementor-3461\" data-elementor-post-type=\"page\">\n\t\t\t\t\t\t<section class=\"elementor-section elementor-top-section elementor-element elementor-element-1352a60 elementor-section-boxed elementor-section-height-default elementor-section-height-default\" data-id=\"1352a60\" data-element_type=\"section\">\n\t\t\t\t\t\t<div class=\"elementor-container elementor-column-gap-default\">\n\t\t\t\t\t<div class=\"elementor-column elementor-col-100 elementor-top-column elementor-element elementor-element-b99116a\" data-id=\"b99116a\" data-element_type=\"column\">\n\t\t\t<div class=\"elementor-widget-wrap elementor-element-populated\">\n\t\t\t\t\t\t<div class=\"elementor-element elementor-element-b5c20b8 dc-has-condition dc-condition-greater elementor-nav-menu--dropdown-tablet elementor-nav-menu__text-align-aside elementor-nav-menu--toggle elementor-nav-menu--burger elementor-widget elementor-widget-global elementor-global-2208 elementor-widget-nav-menu\" data-id=\"b5c20b8\" data-element_type=\"widget\" data-settings=\"{&quot;layout&quot;:&quot;horizontal&quot;,&quot;submenu_icon&quot;:{&quot;value&quot;:&quot;fas fa-caret-down&quot;,&quot;library&quot;:&quot;fa-solid&quot;},&quot;toggle&quot;:&quot;burger&quot;}\" data-widget_type=\"nav-menu.default\">\n\t\t\t\t\t\t\t\t<nav aria-label=\"Men\u00fa\" class=\"elementor-nav-menu--main elementor-nav-menu__container elementor-nav-menu--layout-horizontal e--pointer-underline e--animation-fade\">\n\t\t\t\t<ul id=\"menu-1-b5c20b8\" class=\"elementor-nav-menu\"><li class=\"menu-item menu-item-type-post_type menu-item-object-page menu-item-5247\"><a href=\"https:\/\/spectrespast.com\/es\/game-landing-page\/\" class=\"elementor-item\">Juego de la temporada 1<\/a><\/li>\n<li class=\"menu-item menu-item-type-post_type menu-item-object-page menu-item-5321\"><a href=\"https:\/\/spectrespast.com\/es\/season2-game-overview\/\" class=\"elementor-item\">Juego de la temporada 2<\/a><\/li>\n<li class=\"menu-item menu-item-type-post_type menu-item-object-page menu-item-5398\"><a href=\"https:\/\/spectrespast.com\/es\/season-3-game-overview\/\" class=\"elementor-item\">Juego de la temporada 3<\/a><\/li>\n<li class=\"menu-item menu-item-type-post_type menu-item-object-page menu-item-5484\"><a href=\"https:\/\/spectrespast.com\/es\/2022-sponsors\/\" class=\"elementor-item\">Patrocinadores 2022<\/a><\/li>\n<\/ul>\t\t\t<\/nav>\n\t\t\t\t\t<div class=\"elementor-menu-toggle\" role=\"button\" tabindex=\"0\" aria-label=\"Alternar men\u00fa\" aria-expanded=\"false\">\n\t\t\t<svg aria-hidden=\"true\" role=\"presentation\" class=\"elementor-menu-toggle__icon--open e-font-icon-svg e-eicon-menu-bar\" viewbox=\"0 0 1000 1000\" xmlns=\"http:\/\/www.w3.org\/2000\/svg\"><path d=\"M104 333H896C929 333 958 304 958 271S929 208 896 208H104C71 208 42 237 42 271S71 333 104 333ZM104 583H896C929 583 958 554 958 521S929 458 896 458H104C71 458 42 487 42 521S71 583 104 583ZM104 833H896C929 833 958 804 958 771S929 708 896 708H104C71 708 42 737 42 771S71 833 104 833Z\"><\/path><\/svg><svg aria-hidden=\"true\" role=\"presentation\" class=\"elementor-menu-toggle__icon--close e-font-icon-svg e-eicon-close\" viewbox=\"0 0 1000 1000\" xmlns=\"http:\/\/www.w3.org\/2000\/svg\"><path d=\"M742 167L500 408 258 167C246 154 233 150 217 150 196 150 179 158 167 167 154 179 150 196 150 212 150 229 154 242 171 254L408 500 167 742C138 771 138 800 167 829 196 858 225 858 254 829L496 587 738 829C750 842 767 846 783 846 800 846 817 842 829 829 842 817 846 804 846 783 846 767 842 750 829 737L588 500 833 258C863 229 863 200 833 171 804 137 775 137 742 167Z\"><\/path><\/svg>\t\t<\/div>\n\t\t\t\t\t<nav class=\"elementor-nav-menu--dropdown elementor-nav-menu__container\" aria-hidden=\"true\">\n\t\t\t\t<ul id=\"menu-2-b5c20b8\" class=\"elementor-nav-menu\"><li class=\"menu-item menu-item-type-post_type menu-item-object-page menu-item-5247\"><a href=\"https:\/\/spectrespast.com\/es\/game-landing-page\/\" class=\"elementor-item\" tabindex=\"-1\">Juego de la temporada 1<\/a><\/li>\n<li class=\"menu-item menu-item-type-post_type menu-item-object-page menu-item-5321\"><a href=\"https:\/\/spectrespast.com\/es\/season2-game-overview\/\" class=\"elementor-item\" tabindex=\"-1\">Juego de la temporada 2<\/a><\/li>\n<li class=\"menu-item menu-item-type-post_type menu-item-object-page menu-item-5398\"><a href=\"https:\/\/spectrespast.com\/es\/season-3-game-overview\/\" class=\"elementor-item\" tabindex=\"-1\">Juego de la temporada 3<\/a><\/li>\n<li class=\"menu-item menu-item-type-post_type menu-item-object-page menu-item-5484\"><a href=\"https:\/\/spectrespast.com\/es\/2022-sponsors\/\" class=\"elementor-item\" tabindex=\"-1\">Patrocinadores 2022<\/a><\/li>\n<\/ul>\t\t\t<\/nav>\n\t\t\t\t\t\t<\/div>\n\t\t\t\t<div class=\"elementor-element elementor-element-d04dbc1 elementor-widget elementor-widget-text-editor\" data-id=\"d04dbc1\" data-element_type=\"widget\" data-widget_type=\"text-editor.default\">\n\t\t\t\t\t\t\t\t\t<h3 style=\"text-align: center;\"><span style=\"font-weight: 400;\">A medida que avanza en los juegos y desaf\u00edos, encontrar\u00e1<br \/><\/span><span style=\"font-weight: 400;\"> p\u00e1ginas web con un rompecabezas, cuestionario u otro desaf\u00edo.<\/span><\/h3><blockquote><p><span style=\"font-weight: 400;\">Siga las instrucciones de la p\u00e1gina para resolver el desaf\u00edo y, al completarlo con \u00e9xito, aparecer\u00e1 una ventana emergente felicit\u00e1ndolo. Tambi\u00e9n puede mostrar informaci\u00f3n adicional. <\/span><span style=\"color: #000000;\">Tome nota de la informaci\u00f3n crucial presentada<\/span><span style=\"font-weight: 400;\">, ya que solo se mostrar\u00e1 en esta ventana emergente, y solo se puede mostrar nuevamente al resolver el desaf\u00edo nuevamente.<\/span><\/p><\/blockquote>\t\t\t\t\t\t\t\t<\/div>\n\t\t\t\t<section class=\"elementor-section elementor-inner-section elementor-element elementor-element-73f59bf elementor-section-boxed elementor-section-height-default elementor-section-height-default\" data-id=\"73f59bf\" data-element_type=\"section\">\n\t\t\t\t\t\t\t<div class=\"elementor-background-overlay\"><\/div>\n\t\t\t\t\t\t\t<div class=\"elementor-container elementor-column-gap-default\">\n\t\t\t\t\t<div class=\"elementor-column elementor-col-50 elementor-inner-column elementor-element elementor-element-6e6adbf\" data-id=\"6e6adbf\" data-element_type=\"column\">\n\t\t\t<div class=\"elementor-widget-wrap elementor-element-populated\">\n\t\t\t\t\t\t<div class=\"elementor-element elementor-element-2b38746 elementor-widget elementor-widget-text-editor\" data-id=\"2b38746\" data-element_type=\"widget\" data-widget_type=\"text-editor.default\">\n\t\t\t\t\t\t\t\t\t<p>CR\u00cdTICO: en la parte inferior de la ventana emergente de felicitaciones est\u00e1 el enlace a la p\u00e1gina siguiente del juego.<\/p>\t\t\t\t\t\t\t\t<\/div>\n\t\t\t\t\t<\/div>\n\t\t<\/div>\n\t\t\t\t<div class=\"elementor-column elementor-col-50 elementor-inner-column elementor-element elementor-element-722a5cd\" data-id=\"722a5cd\" data-element_type=\"column\">\n\t\t\t<div class=\"elementor-widget-wrap elementor-element-populated\">\n\t\t\t\t\t\t<div class=\"elementor-element elementor-element-f2b5695 elementor-widget elementor-widget-text-editor\" data-id=\"f2b5695\" data-element_type=\"widget\" data-widget_type=\"text-editor.default\">\n\t\t\t\t\t\t\t\t\t<p style=\"text-align: center;\"><strong>\u00a0ESTE ES EL \u00daNICO LUGAR DONDE PUEDE PROGRESAR HACIA LA PR\u00d3XIMA ETAPA.\u00a0<\/strong><\/p>\t\t\t\t\t\t\t\t<\/div>\n\t\t\t\t\t<\/div>\n\t\t<\/div>\n\t\t\t\t\t<\/div>\n\t\t<\/section>\n\t\t\t\t<div class=\"elementor-element elementor-element-28c3d01 elementor-widget elementor-widget-text-editor\" data-id=\"28c3d01\" data-element_type=\"widget\" data-widget_type=\"text-editor.default\">\n\t\t\t\t\t\t\t\t\t<blockquote><p style=\"text-align: center;\"><span style=\"font-weight: 400;\">Si cierra la ventana emergente, tendr\u00e1 que volver a cargar la p\u00e1gina y resolver el desaf\u00edo nuevamente.<\/span><\/p><\/blockquote><h2 style=\"text-align: center;\">\u00a1Vamos al juego!<\/h2>\t\t\t\t\t\t\t\t<\/div>\n\t\t\t\t<div class=\"elementor-element elementor-element-fd62f38 elementor-widget elementor-widget-heading\" data-id=\"fd62f38\" data-element_type=\"widget\" data-widget_type=\"heading.default\">\n\t\t\t\t\t<h2 class=\"elementor-heading-title elementor-size-default\">El reto<\/h2>\t\t\t\t<\/div>\n\t\t\t\t<div class=\"elementor-element elementor-element-2acdf43 elementor-widget elementor-widget-text-editor\" data-id=\"2acdf43\" data-element_type=\"widget\" data-widget_type=\"text-editor.default\">\n\t\t\t\t\t\t\t\t\t<p>Echas un vistazo m\u00e1s de cerca a los otros trozos de papel que agarraste en el Whiteside, el primero,<\/p>\t\t\t\t\t\t\t\t<\/div>\n\t\t\t\t<div class=\"elementor-element elementor-element-3bc0a0a elementor-widget elementor-widget-image-gallery\" data-id=\"3bc0a0a\" data-element_type=\"widget\" data-widget_type=\"image-gallery.default\">\n\t\t\t\t\t\t\t<div class=\"elementor-image-gallery\">\n\t\t\t<div id='gallery-1' class='gallery galleryid-3461 gallery-columns-4 gallery-size-thumbnail'><figure class='gallery-item'>\n\t\t\t<div class='gallery-icon portrait'>\n\t\t\t\t<a data-elementor-open-lightbox=\"yes\" data-elementor-lightbox-slideshow=\"3bc0a0a\" data-elementor-lightbox-title=\"Student-Petition-with-WM-103227\" data-e-action-hash=\"#elementor-action%3Aaction%3Dlightbox%26settings%3DeyJpZCI6MzcyMCwidXJsIjoiaHR0cHM6XC9cL3NwZWN0cmVzcGFzdC5jb21cL3dwLWNvbnRlbnRcL3VwbG9hZHNcLzIwMjJcLzA1XC8xOTk0LTAzOC0xMjg5LTEuSlBHIiwic2xpZGVzaG93IjoiM2JjMGEwYSJ9\" href='https:\/\/spectrespast.com\/wp-content\/uploads\/2022\/05\/1994-038-1289-1.JPG'><img decoding=\"async\" width=\"150\" height=\"150\" src=\"https:\/\/spectrespast.com\/wp-content\/uploads\/2022\/05\/1994-038-1289-1-150x150.jpg\" class=\"attachment-thumbnail size-thumbnail\" alt=\"Petition of the Student Body to the College Board to appoint Sarah Keezel to President of the College.\" \/><\/a>\n\t\t\t<\/div><\/figure>\n\t\t<\/div>\n\t\t<\/div>\n\t\t\t\t\t\t<\/div>\n\t\t\t\t<div class=\"elementor-element elementor-element-7d3bd9a elementor-widget elementor-widget-text-editor\" data-id=\"7d3bd9a\" data-element_type=\"widget\" data-widget_type=\"text-editor.default\">\n\t\t\t\t\t\t\t\t\t<p>Ok, Philomath College, o espera un momento, esto dice College of Philomath. Eso es un poco extra\u00f1o -\u00a0<\/p><p>Y luego, estas notas: tres hojas arrancadas de un bloc de notas.<\/p>\t\t\t\t\t\t\t\t<\/div>\n\t\t\t\t\t<\/div>\n\t\t<\/div>\n\t\t\t\t\t<\/div>\n\t\t<\/section>\n\t\t\t\t<section class=\"elementor-section elementor-top-section elementor-element elementor-element-2692dbe elementor-section-boxed elementor-section-height-default elementor-section-height-default\" data-id=\"2692dbe\" data-element_type=\"section\">\n\t\t\t\t\t\t<div class=\"elementor-container elementor-column-gap-default\">\n\t\t\t\t\t<div class=\"elementor-column elementor-col-100 elementor-top-column elementor-element elementor-element-4fcf634\" data-id=\"4fcf634\" data-element_type=\"column\">\n\t\t\t<div class=\"elementor-widget-wrap\">\n\t\t\t\t\t\t\t<\/div>\n\t\t<\/div>\n\t\t\t\t\t<\/div>\n\t\t<\/section>\n\t\t\t\t<section class=\"elementor-section elementor-top-section elementor-element elementor-element-0b288c8 elementor-section-boxed elementor-section-height-default elementor-section-height-default\" data-id=\"0b288c8\" data-element_type=\"section\">\n\t\t\t\t\t\t<div class=\"elementor-container elementor-column-gap-default\">\n\t\t\t\t\t<div class=\"elementor-column elementor-col-100 elementor-top-column elementor-element elementor-element-a6b3d1b\" data-id=\"a6b3d1b\" data-element_type=\"column\">\n\t\t\t<div class=\"elementor-widget-wrap elementor-element-populated\">\n\t\t\t\t\t\t<div class=\"elementor-element elementor-element-a42f5b9 elementor-widget elementor-widget-html\" data-id=\"a42f5b9\" data-element_type=\"widget\" data-no-translation=\"\" data-widget_type=\"html.default\">\n\t\t\t\t\t<style>.elementor-element-a42f5b9{display:none !important}<\/style>\t\t\t\t<\/div>\n\t\t\t\t<section class=\"elementor-section elementor-inner-section elementor-element elementor-element-9c62ee6 elementor-section-boxed elementor-section-height-default elementor-section-height-default\" data-id=\"9c62ee6\" data-element_type=\"section\">\n\t\t\t\t\t\t<div class=\"elementor-container elementor-column-gap-default\">\n\t\t\t\t\t<div class=\"elementor-column elementor-col-33 elementor-inner-column elementor-element elementor-element-743d869\" data-id=\"743d869\" data-element_type=\"column\">\n\t\t\t<div class=\"elementor-widget-wrap\">\n\t\t\t\t\t\t\t<\/div>\n\t\t<\/div>\n\t\t\t\t<div class=\"elementor-column elementor-col-33 elementor-inner-column elementor-element elementor-element-ab985e8\" data-id=\"ab985e8\" data-element_type=\"column\">\n\t\t\t<div class=\"elementor-widget-wrap\">\n\t\t\t\t\t\t\t<\/div>\n\t\t<\/div>\n\t\t\t\t<div class=\"elementor-column elementor-col-33 elementor-inner-column elementor-element elementor-element-8dcc811\" data-id=\"8dcc811\" data-element_type=\"column\">\n\t\t\t<div class=\"elementor-widget-wrap elementor-element-populated\">\n\t\t\t\t\t\t<div class=\"elementor-element elementor-element-b5e3112 elementor-button-warning elementor-align-center animated-slow elementor-invisible elementor-widget elementor-widget-button\" data-id=\"b5e3112\" data-element_type=\"widget\" id=\"css_skip_1_1\" data-settings=\"{&quot;_animation&quot;:&quot;fadeIn&quot;,&quot;_animation_delay&quot;:30000}\" data-widget_type=\"button.default\">\n\t\t\t\t\t\t\t\t\t\t<a class=\"elementor-button elementor-button-link elementor-size-sm\" href=\"\/es\/puzzel-471021\/\" id=\"skip_s2-e2-c1\">\n\t\t\t\t\t\t<span class=\"elementor-button-content-wrapper\">\n\t\t\t\t\t\t\t\t\t<span class=\"elementor-button-text\">\u00bfDarse por vencido? Vaya a la Soluci\u00f3n ...<\/span>\n\t\t\t\t\t<\/span>\n\t\t\t\t\t<\/a>\n\t\t\t\t\t\t\t\t<\/div>\n\t\t\t\t\t<\/div>\n\t\t<\/div>\n\t\t\t\t\t<\/div>\n\t\t<\/section>\n\t\t\t\t\t<\/div>\n\t\t<\/div>\n\t\t\t\t\t<\/div>\n\t\t<\/section>\n\t\t\t\t<\/div>","protected":false},"excerpt":{"rendered":"<p>As you progress through games and challenges, you will encounter webpages with a puzzle , quiz, or other challenge. Follow the instructions on the page to solve the challenge, and at the successful completion of the challenge, a pop-up will show congratulating you. It may also show some additional information. Take note of the crucial &#8230; <a title=\"S2 &#8211; Episode 2 &#8211; Philomath Reunion Committee\" class=\"read-more\" href=\"https:\/\/spectrespast.com\/es\/season2-game-overview\/s2-episode-2-philomath-reunion-committee\/\" aria-label=\"Leer m\u00e1s sobre S2 &#8211; Episode 2 &#8211; Philomath Reunion Committee\">Leer m\u00e1s<\/a><\/p>","protected":false},"author":1,"featured_media":0,"parent":3430,"menu_order":1,"comment_status":"closed","ping_status":"closed","template":"","meta":{"footnotes":""},"folder":[91],"class_list":["post-3461","page","type-page","status-publish"],"_links":{"self":[{"href":"https:\/\/spectrespast.com\/es\/wp-json\/wp\/v2\/pages\/3461","targetHints":{"allow":["GET"]}}],"collection":[{"href":"https:\/\/spectrespast.com\/es\/wp-json\/wp\/v2\/pages"}],"about":[{"href":"https:\/\/spectrespast.com\/es\/wp-json\/wp\/v2\/types\/page"}],"author":[{"embeddable":true,"href":"https:\/\/spectrespast.com\/es\/wp-json\/wp\/v2\/users\/1"}],"replies":[{"embeddable":true,"href":"https:\/\/spectrespast.com\/es\/wp-json\/wp\/v2\/comments?post=3461"}],"version-history":[{"count":46,"href":"https:\/\/spectrespast.com\/es\/wp-json\/wp\/v2\/pages\/3461\/revisions"}],"predecessor-version":[{"id":5367,"href":"https:\/\/spectrespast.com\/es\/wp-json\/wp\/v2\/pages\/3461\/revisions\/5367"}],"up":[{"embeddable":true,"href":"https:\/\/spectrespast.com\/es\/wp-json\/wp\/v2\/pages\/3430"}],"wp:attachment":[{"href":"https:\/\/spectrespast.com\/es\/wp-json\/wp\/v2\/media?parent=3461"}],"wp:term":[{"taxonomy":"folder","embeddable":true,"href":"https:\/\/spectrespast.com\/es\/wp-json\/wp\/v2\/folder?post=3461"}],"curies":[{"name":"wp","href":"https:\/\/api.w.org\/{rel}","templated":true}]}}