{"id":3542,"date":"2022-05-07T11:55:29","date_gmt":"2022-05-07T18:55:29","guid":{"rendered":"http:\/\/spectrespast.com\/?page_id=3542"},"modified":"2022-05-22T23:04:25","modified_gmt":"2022-05-23T06:04:25","slug":"s2-episode-1-challenge-1","status":"publish","type":"page","link":"https:\/\/spectrespast.com\/es\/season2-game-overview\/s2-episode-1-the-womens-lounge\/s2-episode-1-challenge-1\/","title":{"rendered":"el sal\u00f3n de mujeres"},"content":{"rendered":"<div data-elementor-type=\"wp-page\" data-elementor-id=\"3542\" class=\"elementor elementor-3542\" data-elementor-post-type=\"page\">\n\t\t\t\t\t\t<section class=\"elementor-section elementor-top-section elementor-element elementor-element-c5ac562 elementor-section-boxed elementor-section-height-default elementor-section-height-default\" data-id=\"c5ac562\" data-element_type=\"section\">\n\t\t\t\t\t\t<div class=\"elementor-container elementor-column-gap-default\">\n\t\t\t\t\t<div class=\"elementor-column elementor-col-100 elementor-top-column elementor-element elementor-element-4c5c4eb\" data-id=\"4c5c4eb\" data-element_type=\"column\">\n\t\t\t<div class=\"elementor-widget-wrap elementor-element-populated\">\n\t\t\t\t\t\t<div class=\"elementor-element elementor-element-c43f4e9 elementor-widget elementor-widget-text-editor\" data-id=\"c43f4e9\" data-element_type=\"widget\" data-widget_type=\"text-editor.default\">\n\t\t\t\t\t\t\t\t\t<p>Nos encontramos en el Teatro Whiteside, en el centro de Corvallis, Oreg\u00f3n. Se rumorea que el Sal\u00f3n de Mujeres es en realidad un Sal\u00f3n para Mujeres, con escritorios y ventilaci\u00f3n para quienes quieran fumar en privado, en p\u00fablico. :0 Al menos, esa era una forma de eludir la regla para mujeres \u2014prohibido fumar, beber o decir palabrotas en p\u00fablico\u2014 en los a\u00f1os 20, cuando el Whiteside abri\u00f3 por primera vez.<\/p><p>Afuera, al otro lado de la calle de The Whiteside, hay un marcador que parece haber sido destrozado, pero \u00bfquiz\u00e1s puedas entenderlo?\u00a0<\/p><p>Ofrece detalles tentadores de parte de la historia del teatro; \u00a1quiz\u00e1s haya algo all\u00ed que nos ayude al comienzo de nuestro viaje por el condado de Benton!<\/p>\t\t\t\t\t\t\t\t<\/div>\n\t\t\t\t\t<\/div>\n\t\t<\/div>\n\t\t\t\t\t<\/div>\n\t\t<\/section>\n\t\t\t\t<section class=\"elementor-section elementor-top-section elementor-element elementor-element-8c8f4c3 elementor-section-boxed elementor-section-height-default elementor-section-height-default\" data-id=\"8c8f4c3\" data-element_type=\"section\">\n\t\t\t\t\t\t<div class=\"elementor-container elementor-column-gap-default\">\n\t\t\t\t\t<div class=\"elementor-column elementor-col-100 elementor-top-column elementor-element elementor-element-a99251b\" data-id=\"a99251b\" data-element_type=\"column\">\n\t\t\t<div class=\"elementor-widget-wrap elementor-element-populated\">\n\t\t\t\t\t\t<div class=\"elementor-element elementor-element-4dd080d elementor-widget elementor-widget-html\" data-id=\"4dd080d\" data-element_type=\"widget\" data-no-translation=\"\" data-widget_type=\"html.default\">\n\t\t\t\t\t<style>.elementor-element-4dd080d{display:none !important}<\/style>\t\t\t\t<\/div>\n\t\t\t\t\t<\/div>\n\t\t<\/div>\n\t\t\t\t\t<\/div>\n\t\t<\/section>\n\t\t\t\t<section class=\"elementor-section elementor-top-section elementor-element elementor-element-4424cd98 elementor-section-boxed elementor-section-height-default elementor-section-height-default\" data-id=\"4424cd98\" data-element_type=\"section\">\n\t\t\t\t\t\t<div class=\"elementor-container elementor-column-gap-default\">\n\t\t\t\t\t<div class=\"elementor-column elementor-col-100 elementor-top-column elementor-element elementor-element-679f5d35\" data-id=\"679f5d35\" data-element_type=\"column\">\n\t\t\t<div class=\"elementor-widget-wrap elementor-element-populated\">\n\t\t\t\t\t\t<div class=\"elementor-element elementor-element-413f8165 elementor-button-warning elementor-align-right animated-slow elementor-invisible elementor-widget elementor-widget-button\" data-id=\"413f8165\" data-element_type=\"widget\" id=\"css_skip_1_1\" data-settings=\"{&quot;_animation&quot;:&quot;fadeIn&quot;,&quot;_animation_delay&quot;:30000}\" data-widget_type=\"button.default\">\n\t\t\t\t\t\t\t\t\t\t<a class=\"elementor-button elementor-button-link elementor-size-sm\" href=\"http:\/\/spectrespast.com\/es\/puzzel-605162\/\" id=\"skip_3-3\">\n\t\t\t\t\t\t<span class=\"elementor-button-content-wrapper\">\n\t\t\t\t\t\t\t\t\t<span class=\"elementor-button-text\">\u00bfDarse por vencido? Vaya a la Soluci\u00f3n ...<\/span>\n\t\t\t\t\t<\/span>\n\t\t\t\t\t<\/a>\n\t\t\t\t\t\t\t\t<\/div>\n\t\t\t\t\t<\/div>\n\t\t<\/div>\n\t\t\t\t\t<\/div>\n\t\t<\/section>\n\t\t\t\t<\/div>","protected":false},"excerpt":{"rendered":"<p>We find ourselves at The Whiteside Theatre in downtown Corvallis Oregon. There is a rumor that the Women&#8217;s Room is actually a Women&#8217;s Lounge, replete with writing desks, and ventilation for those ladies who want to smoke privately, in public. :0 At least, that was a way around the rule for women &#8211; No Smoking &#8230; <a title=\"the Women&#8217;s Lounge\" class=\"read-more\" href=\"https:\/\/spectrespast.com\/es\/season2-game-overview\/s2-episode-1-the-womens-lounge\/s2-episode-1-challenge-1\/\" aria-label=\"Leer m\u00e1s sobre the Women&#8217;s Lounge\">Leer m\u00e1s<\/a><\/p>","protected":false},"author":1,"featured_media":0,"parent":3459,"menu_order":0,"comment_status":"closed","ping_status":"closed","template":"","meta":{"footnotes":""},"folder":[90],"class_list":["post-3542","page","type-page","status-publish"],"_links":{"self":[{"href":"https:\/\/spectrespast.com\/es\/wp-json\/wp\/v2\/pages\/3542","targetHints":{"allow":["GET"]}}],"collection":[{"href":"https:\/\/spectrespast.com\/es\/wp-json\/wp\/v2\/pages"}],"about":[{"href":"https:\/\/spectrespast.com\/es\/wp-json\/wp\/v2\/types\/page"}],"author":[{"embeddable":true,"href":"https:\/\/spectrespast.com\/es\/wp-json\/wp\/v2\/users\/1"}],"replies":[{"embeddable":true,"href":"https:\/\/spectrespast.com\/es\/wp-json\/wp\/v2\/comments?post=3542"}],"version-history":[{"count":29,"href":"https:\/\/spectrespast.com\/es\/wp-json\/wp\/v2\/pages\/3542\/revisions"}],"predecessor-version":[{"id":4000,"href":"https:\/\/spectrespast.com\/es\/wp-json\/wp\/v2\/pages\/3542\/revisions\/4000"}],"up":[{"embeddable":true,"href":"https:\/\/spectrespast.com\/es\/wp-json\/wp\/v2\/pages\/3459"}],"wp:attachment":[{"href":"https:\/\/spectrespast.com\/es\/wp-json\/wp\/v2\/media?parent=3542"}],"wp:term":[{"taxonomy":"folder","embeddable":true,"href":"https:\/\/spectrespast.com\/es\/wp-json\/wp\/v2\/folder?post=3542"}],"curies":[{"name":"wp","href":"https:\/\/api.w.org\/{rel}","templated":true}]}}