{"id":3673,"date":"2022-05-08T17:53:35","date_gmt":"2022-05-09T00:53:35","guid":{"rendered":"http:\/\/spectrespast.com\/?page_id=3673"},"modified":"2025-05-17T09:40:47","modified_gmt":"2025-05-17T16:40:47","slug":"puzzel-605162","status":"publish","type":"page","link":"https:\/\/spectrespast.com\/es\/season2-game-overview\/s2-episode-1-the-womens-lounge\/s2-episode-1-challenge-1\/puzzel-605162\/","title":{"rendered":"Panel lateral blanco restaurado"},"content":{"rendered":"<div data-elementor-type=\"wp-page\" data-elementor-id=\"3673\" class=\"elementor elementor-3673\" data-elementor-post-type=\"page\">\n\t\t\t\t\t\t<section class=\"elementor-section elementor-top-section elementor-element elementor-element-8c8f4c3 elementor-section-boxed elementor-section-height-default elementor-section-height-default\" data-id=\"8c8f4c3\" data-element_type=\"section\">\n\t\t\t\t\t\t<div class=\"elementor-container elementor-column-gap-default\">\n\t\t\t\t\t<div class=\"elementor-column elementor-col-100 elementor-top-column elementor-element elementor-element-a99251b\" data-id=\"a99251b\" data-element_type=\"column\">\n\t\t\t<div class=\"elementor-widget-wrap elementor-element-populated\">\n\t\t\t\t\t\t<div class=\"elementor-element elementor-element-0ab7a18 elementor-widget elementor-widget-heading\" data-id=\"0ab7a18\" data-element_type=\"widget\" data-widget_type=\"heading.default\">\n\t\t\t\t\t<h2 class=\"elementor-heading-title elementor-size-default\">\u00a1Bien hecho! El marcador luce como nuevo.<\/h2>\t\t\t\t<\/div>\n\t\t\t\t<div class=\"elementor-element elementor-element-6c1048c elementor-widget elementor-widget-image\" data-id=\"6c1048c\" data-element_type=\"widget\" data-widget_type=\"image.default\">\n\t\t\t\t\t\t\t\t\t\t\t\t\t\t\t<img fetchpriority=\"high\" decoding=\"async\" width=\"1024\" height=\"576\" src=\"https:\/\/spectrespast.com\/wp-content\/uploads\/2022\/05\/TheWhitesideTheatre-1024x576.png\" class=\"attachment-large size-large wp-image-3583\" alt=\"\" srcset=\"https:\/\/spectrespast.com\/wp-content\/uploads\/2022\/05\/TheWhitesideTheatre-1024x576.png 1024w, https:\/\/spectrespast.com\/wp-content\/uploads\/2022\/05\/TheWhitesideTheatre-300x169.png 300w, https:\/\/spectrespast.com\/wp-content\/uploads\/2022\/05\/TheWhitesideTheatre-768x432.png 768w, https:\/\/spectrespast.com\/wp-content\/uploads\/2022\/05\/TheWhitesideTheatre-1536x864.png 1536w, https:\/\/spectrespast.com\/wp-content\/uploads\/2022\/05\/TheWhitesideTheatre-2048x1152.png 2048w, https:\/\/spectrespast.com\/wp-content\/uploads\/2022\/05\/TheWhitesideTheatre-18x10.png 18w\" sizes=\"(max-width: 1024px) 100vw, 1024px\" \/>\t\t\t\t\t\t\t\t\t\t\t\t\t\t\t<\/div>\n\t\t\t\t\t<\/div>\n\t\t<\/div>\n\t\t\t\t\t<\/div>\n\t\t<\/section>\n\t\t\t\t<section class=\"elementor-section elementor-top-section elementor-element elementor-element-c5ac562 elementor-section-boxed elementor-section-height-default elementor-section-height-default\" data-id=\"c5ac562\" data-element_type=\"section\">\n\t\t\t\t\t\t<div class=\"elementor-container elementor-column-gap-default\">\n\t\t\t\t\t<div class=\"elementor-column elementor-col-100 elementor-top-column elementor-element elementor-element-4c5c4eb\" data-id=\"4c5c4eb\" data-element_type=\"column\">\n\t\t\t<div class=\"elementor-widget-wrap elementor-element-populated\">\n\t\t\t\t\t\t<div class=\"elementor-element elementor-element-c43f4e9 elementor-widget elementor-widget-text-editor\" data-id=\"c43f4e9\" data-element_type=\"widget\" data-widget_type=\"text-editor.default\">\n\t\t\t\t\t\t\t\t\t<p>Hay mucha informaci\u00f3n aqu\u00ed, \u00bfqu\u00e9 es exactamente lo que los Espectros necesitan que busque? \u00bfQu\u00e9 pasa con los ba\u00f1os? \u00a1Y ese incendio! Mientras reflexionas sobre estos temas, echas un vistazo al escaparate de la pintoresca tienda departamental frente al Whiteside: es una exhibici\u00f3n muy elaborada, en la que se usan peri\u00f3dicos como envoltorios para decoraciones y regalos para el d\u00eda de la madre; muy gracioso, muy pintoresco, muy frugal, de verdad\u2026 \u2013 espera un minuto \u2013 ese es un art\u00edculo sobre ese incendio \u2013 \u00bfc\u00f3mo es posible\u2026?<\/p>\t\t\t\t\t\t\t\t<\/div>\n\t\t\t\t\t<\/div>\n\t\t<\/div>\n\t\t\t\t\t<\/div>\n\t\t<\/section>\n\t\t\t\t<section class=\"elementor-section elementor-top-section elementor-element elementor-element-35f0c1c elementor-section-boxed elementor-section-height-default elementor-section-height-default\" data-id=\"35f0c1c\" data-element_type=\"section\">\n\t\t\t\t\t\t<div class=\"elementor-container elementor-column-gap-default\">\n\t\t\t\t\t<div class=\"elementor-column elementor-col-100 elementor-top-column elementor-element elementor-element-acb205f\" data-id=\"acb205f\" data-element_type=\"column\">\n\t\t\t<div class=\"elementor-widget-wrap elementor-element-populated\">\n\t\t\t\t\t\t<div class=\"elementor-element elementor-element-1ad6d76 elementor-widget elementor-widget-image-gallery\" data-id=\"1ad6d76\" data-element_type=\"widget\" data-widget_type=\"image-gallery.default\">\n\t\t\t\t\t\t\t<div class=\"elementor-image-gallery\">\n\t\t\t<div id='gallery-1' class='gallery galleryid-3673 gallery-columns-4 gallery-size-thumbnail'><figure class='gallery-item'>\n\t\t\t<div class='gallery-icon portrait'>\n\t\t\t\t<a data-elementor-open-lightbox=\"yes\" data-elementor-lightbox-slideshow=\"1ad6d76\" data-elementor-lightbox-title=\"Whiteside Gutted- Patrons leave safely (1_2)\" data-e-action-hash=\"#elementor-action%3Aaction%3Dlightbox%26settings%3DeyJpZCI6MzcwMSwidXJsIjoiaHR0cHM6XC9cL3NwZWN0cmVzcGFzdC5jb21cL3dwLWNvbnRlbnRcL3VwbG9hZHNcLzIwMjJcLzA1XC9XaGl0ZXNpZGUtR3V0dGVkLVBhdHJvbnMtbGVhdmUtc2FmZWx5LTFfMi1zY2FsZWQuanBnIiwic2xpZGVzaG93IjoiMWFkNmQ3NiJ9\" href='https:\/\/spectrespast.com\/wp-content\/uploads\/2022\/05\/Whiteside-Gutted-Patrons-leave-safely-1_2-scaled.jpg'><img decoding=\"async\" width=\"150\" height=\"150\" src=\"https:\/\/spectrespast.com\/wp-content\/uploads\/2022\/05\/Whiteside-Gutted-Patrons-leave-safely-1_2-150x150.jpg\" class=\"attachment-thumbnail size-thumbnail\" alt=\"\" \/><\/a>\n\t\t\t<\/div><\/figure><figure class='gallery-item'>\n\t\t\t<div class='gallery-icon portrait'>\n\t\t\t\t<a data-elementor-open-lightbox=\"yes\" data-elementor-lightbox-slideshow=\"1ad6d76\" data-elementor-lightbox-title=\"Whiteside Gutted- Origin of fire rumors (2_2)\" data-e-action-hash=\"#elementor-action%3Aaction%3Dlightbox%26settings%3DeyJpZCI6MzcwMCwidXJsIjoiaHR0cHM6XC9cL3NwZWN0cmVzcGFzdC5jb21cL3dwLWNvbnRlbnRcL3VwbG9hZHNcLzIwMjJcLzA1XC9XaGl0ZXNpZGUtR3V0dGVkLU9yaWdpbi1vZi1maXJlLXJ1bW9ycy0yXzItc2NhbGVkLmpwZyIsInNsaWRlc2hvdyI6IjFhZDZkNzYifQ%3D%3D\" href='https:\/\/spectrespast.com\/wp-content\/uploads\/2022\/05\/Whiteside-Gutted-Origin-of-fire-rumors-2_2-scaled.jpg'><img decoding=\"async\" width=\"150\" height=\"150\" src=\"https:\/\/spectrespast.com\/wp-content\/uploads\/2022\/05\/Whiteside-Gutted-Origin-of-fire-rumors-2_2-150x150.jpg\" class=\"attachment-thumbnail size-thumbnail\" alt=\"\" \/><\/a>\n\t\t\t<\/div><\/figure><figure class='gallery-item'>\n\t\t\t<div class='gallery-icon portrait'>\n\t\t\t\t<a data-elementor-open-lightbox=\"yes\" data-elementor-lightbox-slideshow=\"1ad6d76\" data-elementor-lightbox-title=\"Possible Motive\" data-e-action-hash=\"#elementor-action%3Aaction%3Dlightbox%26settings%3DeyJpZCI6MzY5NiwidXJsIjoiaHR0cHM6XC9cL3NwZWN0cmVzcGFzdC5jb21cL3dwLWNvbnRlbnRcL3VwbG9hZHNcLzIwMjJcLzA1XC9Qb3NzaWJsZS1Nb3RpdmUuanBnIiwic2xpZGVzaG93IjoiMWFkNmQ3NiJ9\" href='https:\/\/spectrespast.com\/wp-content\/uploads\/2022\/05\/Possible-Motive.jpg'><img loading=\"lazy\" decoding=\"async\" width=\"150\" height=\"150\" src=\"https:\/\/spectrespast.com\/wp-content\/uploads\/2022\/05\/Possible-Motive-150x150.jpg\" class=\"attachment-thumbnail size-thumbnail\" alt=\"\" \/><\/a>\n\t\t\t<\/div><\/figure><figure class='gallery-item'>\n\t\t\t<div class='gallery-icon portrait'>\n\t\t\t\t<a data-elementor-open-lightbox=\"yes\" data-elementor-lightbox-slideshow=\"1ad6d76\" data-elementor-lightbox-title=\"official investigation DA office\" data-e-action-hash=\"#elementor-action%3Aaction%3Dlightbox%26settings%3DeyJpZCI6MzY5NSwidXJsIjoiaHR0cHM6XC9cL3NwZWN0cmVzcGFzdC5jb21cL3dwLWNvbnRlbnRcL3VwbG9hZHNcLzIwMjJcLzA1XC9vZmZpY2lhbC1pbnZlc3RpZ2F0aW9uLURBLW9mZmljZS5qcGciLCJzbGlkZXNob3ciOiIxYWQ2ZDc2In0%3D\" href='https:\/\/spectrespast.com\/wp-content\/uploads\/2022\/05\/official-investigation-DA-office.jpg'><img loading=\"lazy\" decoding=\"async\" width=\"150\" height=\"150\" src=\"https:\/\/spectrespast.com\/wp-content\/uploads\/2022\/05\/official-investigation-DA-office-150x150.jpg\" class=\"attachment-thumbnail size-thumbnail\" alt=\"\" srcset=\"https:\/\/spectrespast.com\/wp-content\/uploads\/2022\/05\/official-investigation-DA-office-150x150.jpg 150w, https:\/\/spectrespast.com\/wp-content\/uploads\/2022\/05\/official-investigation-DA-office-11x12.jpg 11w\" sizes=\"(max-width: 150px) 100vw, 150px\" \/><\/a>\n\t\t\t<\/div><\/figure><figure class='gallery-item'>\n\t\t\t<div class='gallery-icon portrait'>\n\t\t\t\t<a data-elementor-open-lightbox=\"yes\" data-elementor-lightbox-slideshow=\"1ad6d76\" data-elementor-lightbox-title=\"insurance adjusters arrive\" data-e-action-hash=\"#elementor-action%3Aaction%3Dlightbox%26settings%3DeyJpZCI6MzY5NCwidXJsIjoiaHR0cHM6XC9cL3NwZWN0cmVzcGFzdC5jb21cL3dwLWNvbnRlbnRcL3VwbG9hZHNcLzIwMjJcLzA1XC9pbnN1cmFuY2UtYWRqdXN0ZXJzLWFycml2ZS5qcGciLCJzbGlkZXNob3ciOiIxYWQ2ZDc2In0%3D\" href='https:\/\/spectrespast.com\/wp-content\/uploads\/2022\/05\/insurance-adjusters-arrive.jpg'><img loading=\"lazy\" decoding=\"async\" width=\"150\" height=\"150\" src=\"https:\/\/spectrespast.com\/wp-content\/uploads\/2022\/05\/insurance-adjusters-arrive-150x150.jpg\" class=\"attachment-thumbnail size-thumbnail\" alt=\"\" \/><\/a>\n\t\t\t<\/div><\/figure><figure class='gallery-item'>\n\t\t\t<div class='gallery-icon portrait'>\n\t\t\t\t<a data-elementor-open-lightbox=\"yes\" data-elementor-lightbox-slideshow=\"1ad6d76\" data-elementor-lightbox-title=\"Reference to _Fortunate Fire_ article (1_3)\" data-e-action-hash=\"#elementor-action%3Aaction%3Dlightbox%26settings%3DeyJpZCI6MzY5NywidXJsIjoiaHR0cHM6XC9cL3NwZWN0cmVzcGFzdC5jb21cL3dwLWNvbnRlbnRcL3VwbG9hZHNcLzIwMjJcLzA1XC9SZWZlcmVuY2UtdG8tX0ZvcnR1bmF0ZS1GaXJlXy1hcnRpY2xlLTFfMy5qcGciLCJzbGlkZXNob3ciOiIxYWQ2ZDc2In0%3D\" href='https:\/\/spectrespast.com\/wp-content\/uploads\/2022\/05\/Reference-to-_Fortunate-Fire_-article-1_3.jpg'><img loading=\"lazy\" decoding=\"async\" width=\"150\" height=\"150\" src=\"https:\/\/spectrespast.com\/wp-content\/uploads\/2022\/05\/Reference-to-_Fortunate-Fire_-article-1_3-150x150.jpg\" class=\"attachment-thumbnail size-thumbnail\" alt=\"\" \/><\/a>\n\t\t\t<\/div><\/figure><figure class='gallery-item'>\n\t\t\t<div class='gallery-icon portrait'>\n\t\t\t\t<a data-elementor-open-lightbox=\"yes\" data-elementor-lightbox-slideshow=\"1ad6d76\" data-elementor-lightbox-title=\"Reference to _Fortunate Fire_ article (2_3)\" data-e-action-hash=\"#elementor-action%3Aaction%3Dlightbox%26settings%3DeyJpZCI6MzY5OCwidXJsIjoiaHR0cHM6XC9cL3NwZWN0cmVzcGFzdC5jb21cL3dwLWNvbnRlbnRcL3VwbG9hZHNcLzIwMjJcLzA1XC9SZWZlcmVuY2UtdG8tX0ZvcnR1bmF0ZS1GaXJlXy1hcnRpY2xlLTJfMy1zY2FsZWQuanBnIiwic2xpZGVzaG93IjoiMWFkNmQ3NiJ9\" href='https:\/\/spectrespast.com\/wp-content\/uploads\/2022\/05\/Reference-to-_Fortunate-Fire_-article-2_3-scaled.jpg'><img loading=\"lazy\" decoding=\"async\" width=\"150\" height=\"150\" src=\"https:\/\/spectrespast.com\/wp-content\/uploads\/2022\/05\/Reference-to-_Fortunate-Fire_-article-2_3-150x150.jpg\" class=\"attachment-thumbnail size-thumbnail\" alt=\"\" \/><\/a>\n\t\t\t<\/div><\/figure><figure class='gallery-item'>\n\t\t\t<div class='gallery-icon portrait'>\n\t\t\t\t<a data-elementor-open-lightbox=\"yes\" data-elementor-lightbox-slideshow=\"1ad6d76\" data-elementor-lightbox-title=\"Reference to _Fortunate Fire_ article (3_3)\" data-e-action-hash=\"#elementor-action%3Aaction%3Dlightbox%26settings%3DeyJpZCI6MzY5OSwidXJsIjoiaHR0cHM6XC9cL3NwZWN0cmVzcGFzdC5jb21cL3dwLWNvbnRlbnRcL3VwbG9hZHNcLzIwMjJcLzA1XC9SZWZlcmVuY2UtdG8tX0ZvcnR1bmF0ZS1GaXJlXy1hcnRpY2xlLTNfMy5qcGciLCJzbGlkZXNob3ciOiIxYWQ2ZDc2In0%3D\" href='https:\/\/spectrespast.com\/wp-content\/uploads\/2022\/05\/Reference-to-_Fortunate-Fire_-article-3_3.jpg'><img loading=\"lazy\" decoding=\"async\" width=\"150\" height=\"150\" src=\"https:\/\/spectrespast.com\/wp-content\/uploads\/2022\/05\/Reference-to-_Fortunate-Fire_-article-3_3-150x150.jpg\" class=\"attachment-thumbnail size-thumbnail\" alt=\"\" \/><\/a>\n\t\t\t<\/div><\/figure><figure class='gallery-item'>\n\t\t\t<div class='gallery-icon portrait'>\n\t\t\t\t<a data-elementor-open-lightbox=\"yes\" data-elementor-lightbox-slideshow=\"1ad6d76\" data-elementor-lightbox-title=\"A Fortunate Fire (2_2)\" data-e-action-hash=\"#elementor-action%3Aaction%3Dlightbox%26settings%3DeyJpZCI6MzY5MywidXJsIjoiaHR0cHM6XC9cL3NwZWN0cmVzcGFzdC5jb21cL3dwLWNvbnRlbnRcL3VwbG9hZHNcLzIwMjJcLzA1XC9BLUZvcnR1bmF0ZS1GaXJlLTJfMi5qcGciLCJzbGlkZXNob3ciOiIxYWQ2ZDc2In0%3D\" href='https:\/\/spectrespast.com\/wp-content\/uploads\/2022\/05\/A-Fortunate-Fire-2_2.jpg'><img loading=\"lazy\" decoding=\"async\" width=\"150\" height=\"150\" src=\"https:\/\/spectrespast.com\/wp-content\/uploads\/2022\/05\/A-Fortunate-Fire-2_2-150x150.jpg\" class=\"attachment-thumbnail size-thumbnail\" alt=\"\" \/><\/a>\n\t\t\t<\/div><\/figure><figure class='gallery-item'>\n\t\t\t<div class='gallery-icon portrait'>\n\t\t\t\t<a data-elementor-open-lightbox=\"yes\" data-elementor-lightbox-slideshow=\"1ad6d76\" data-elementor-lightbox-title=\"Organ Ruined\" data-e-action-hash=\"#elementor-action%3Aaction%3Dlightbox%26settings%3DeyJpZCI6MzY5MSwidXJsIjoiaHR0cHM6XC9cL3NwZWN0cmVzcGFzdC5jb21cL3dwLWNvbnRlbnRcL3VwbG9hZHNcLzIwMjJcLzA1XC9Pcmdhbi1SdWluZWQuanBnIiwic2xpZGVzaG93IjoiMWFkNmQ3NiJ9\" href='https:\/\/spectrespast.com\/wp-content\/uploads\/2022\/05\/Organ-Ruined.jpg'><img loading=\"lazy\" decoding=\"async\" width=\"150\" height=\"150\" src=\"https:\/\/spectrespast.com\/wp-content\/uploads\/2022\/05\/Organ-Ruined-150x150.jpg\" class=\"attachment-thumbnail size-thumbnail\" alt=\"\" \/><\/a>\n\t\t\t<\/div><\/figure>\n\t\t<\/div>\n\t\t<\/div>\n\t\t\t\t\t\t<\/div>\n\t\t\t\t<div class=\"elementor-element elementor-element-5236c19 elementor-widget elementor-widget-html\" data-id=\"5236c19\" data-element_type=\"widget\" data-widget_type=\"html.default\">\n\t\t\t\t\t<div><iframe src='https:\/\/puzzel.org\/en\/scavenger-hunt\/embed?p=-N1aODW78xauk3HQtxAF' width='100%' height='500' frameborder='0'><\/iframe><\/div>\t\t\t\t<\/div>\n\t\t\t\t\t<\/div>\n\t\t<\/div>\n\t\t\t\t\t<\/div>\n\t\t<\/section>\n\t\t\t\t<section class=\"elementor-section elementor-top-section elementor-element elementor-element-4424cd98 elementor-section-boxed elementor-section-height-default elementor-section-height-default\" data-id=\"4424cd98\" data-element_type=\"section\">\n\t\t\t\t\t\t<div class=\"elementor-container elementor-column-gap-default\">\n\t\t\t\t\t<div class=\"elementor-column elementor-col-100 elementor-top-column elementor-element elementor-element-679f5d35\" data-id=\"679f5d35\" data-element_type=\"column\">\n\t\t\t<div class=\"elementor-widget-wrap elementor-element-populated\">\n\t\t\t\t\t\t<div class=\"elementor-element elementor-element-413f8165 elementor-button-warning elementor-align-right animated-slow elementor-invisible elementor-widget elementor-widget-button\" data-id=\"413f8165\" data-element_type=\"widget\" id=\"css_skip_1_1\" data-settings=\"{&quot;_animation&quot;:&quot;fadeIn&quot;,&quot;_animation_delay&quot;:30000}\" data-widget_type=\"button.default\">\n\t\t\t\t\t\t\t\t\t\t<a class=\"elementor-button elementor-button-link elementor-size-sm\" href=\"\/es\/puzzel-701904\/\" id=\"skip_2-1-2\">\n\t\t\t\t\t\t<span class=\"elementor-button-content-wrapper\">\n\t\t\t\t\t\t\t\t\t<span class=\"elementor-button-text\">\u00bfTe das por vencido? Pasa al siguiente desaf\u00edo...<\/span>\n\t\t\t\t\t<\/span>\n\t\t\t\t\t<\/a>\n\t\t\t\t\t\t\t\t<\/div>\n\t\t\t\t\t<\/div>\n\t\t<\/div>\n\t\t\t\t\t<\/div>\n\t\t<\/section>\n\t\t\t\t<\/div>","protected":false},"excerpt":{"rendered":"<p>Well done! The marker looks good as new. There is a lot of information here, what exactly do the Spectres need me to look for? What about the restrooms? And that fire! As you ponder these items, you glance at the window display of the quaint department store across from the Whiteside &#8211; it is &#8230; <a title=\"Panel lateral blanco restaurado\" class=\"read-more\" href=\"https:\/\/spectrespast.com\/es\/season2-game-overview\/s2-episode-1-the-womens-lounge\/s2-episode-1-challenge-1\/puzzel-605162\/\" aria-label=\"Leer m\u00e1s sobre Whiteside Panel Restored\">Leer m\u00e1s<\/a><\/p>","protected":false},"author":1,"featured_media":0,"parent":3542,"menu_order":0,"comment_status":"closed","ping_status":"closed","template":"","meta":{"footnotes":""},"folder":[90],"class_list":["post-3673","page","type-page","status-publish"],"_links":{"self":[{"href":"https:\/\/spectrespast.com\/es\/wp-json\/wp\/v2\/pages\/3673","targetHints":{"allow":["GET"]}}],"collection":[{"href":"https:\/\/spectrespast.com\/es\/wp-json\/wp\/v2\/pages"}],"about":[{"href":"https:\/\/spectrespast.com\/es\/wp-json\/wp\/v2\/types\/page"}],"author":[{"embeddable":true,"href":"https:\/\/spectrespast.com\/es\/wp-json\/wp\/v2\/users\/1"}],"replies":[{"embeddable":true,"href":"https:\/\/spectrespast.com\/es\/wp-json\/wp\/v2\/comments?post=3673"}],"version-history":[{"count":29,"href":"https:\/\/spectrespast.com\/es\/wp-json\/wp\/v2\/pages\/3673\/revisions"}],"predecessor-version":[{"id":5338,"href":"https:\/\/spectrespast.com\/es\/wp-json\/wp\/v2\/pages\/3673\/revisions\/5338"}],"up":[{"embeddable":true,"href":"https:\/\/spectrespast.com\/es\/wp-json\/wp\/v2\/pages\/3542"}],"wp:attachment":[{"href":"https:\/\/spectrespast.com\/es\/wp-json\/wp\/v2\/media?parent=3673"}],"wp:term":[{"taxonomy":"folder","embeddable":true,"href":"https:\/\/spectrespast.com\/es\/wp-json\/wp\/v2\/folder?post=3673"}],"curies":[{"name":"wp","href":"https:\/\/api.w.org\/{rel}","templated":true}]}}