{"id":3851,"date":"2022-05-16T00:58:48","date_gmt":"2022-05-16T07:58:48","guid":{"rendered":"http:\/\/spectrespast.com\/?page_id=3851"},"modified":"2025-05-17T14:36:13","modified_gmt":"2025-05-17T21:36:13","slug":"puzzel-471021","status":"publish","type":"page","link":"https:\/\/spectrespast.com\/es\/season2-game-overview\/s2-episode-2-philomath-reunion-committee\/s2-episode-2-committee-notes\/puzzel-471021\/","title":{"rendered":"S2 \u2013 Episodio 2 - Incendio en serie, pero \u00bfqui\u00e9n?"},"content":{"rendered":"<div data-elementor-type=\"wp-page\" data-elementor-id=\"3851\" class=\"elementor elementor-3851\" data-elementor-post-type=\"page\">\n\t\t\t\t\t\t<section class=\"elementor-section elementor-top-section elementor-element elementor-element-2692dbe elementor-section-boxed elementor-section-height-default elementor-section-height-default\" data-id=\"2692dbe\" data-element_type=\"section\">\n\t\t\t\t\t\t<div class=\"elementor-container elementor-column-gap-default\">\n\t\t\t\t\t<div class=\"elementor-column elementor-col-100 elementor-top-column elementor-element elementor-element-4fcf634\" data-id=\"4fcf634\" data-element_type=\"column\">\n\t\t\t<div class=\"elementor-widget-wrap elementor-element-populated\">\n\t\t\t\t\t\t<div class=\"elementor-element elementor-element-19a7e03 elementor-widget elementor-widget-heading\" data-id=\"19a7e03\" data-element_type=\"widget\" data-widget_type=\"heading.default\">\n\t\t\t\t\t<h2 class=\"elementor-heading-title elementor-size-default\">La historia se desarrolla...<\/h2>\t\t\t\t<\/div>\n\t\t\t\t<div class=\"elementor-element elementor-element-e5ccbfd elementor-widget elementor-widget-text-editor\" data-id=\"e5ccbfd\" data-element_type=\"widget\" data-widget_type=\"text-editor.default\">\n\t\t\t\t\t\t\t\t\t<p>Examinas la ventana que te hab\u00eda sido tan \u00fatil antes y notas m\u00e1s art\u00edculos de prensa que mencionan a Keezel, College of Philomath, m\u00e1s incendios e incluso una referencia a Mt Union que estaba en ese mapa\u2026<\/p>\t\t\t\t\t\t\t\t<\/div>\n\t\t\t\t<div class=\"elementor-element elementor-element-a90f27e elementor-widget elementor-widget-image-gallery\" data-id=\"a90f27e\" data-element_type=\"widget\" data-widget_type=\"image-gallery.default\">\n\t\t\t\t\t\t\t<div class=\"elementor-image-gallery\">\n\t\t\t<div id='gallery-1' class='gallery galleryid-3851 gallery-columns-4 gallery-size-thumbnail'><figure class='gallery-item'>\n\t\t\t<div class='gallery-icon portrait'>\n\t\t\t\t<a data-elementor-open-lightbox=\"yes\" data-elementor-lightbox-slideshow=\"a90f27e\" data-elementor-lightbox-title=\"Burned-Down-GT-31-Oct-05\" data-e-action-hash=\"#elementor-action%3Aaction%3Dlightbox%26settings%3DeyJpZCI6Mzg2NywidXJsIjoiaHR0cHM6XC9cL3NwZWN0cmVzcGFzdC5jb21cL3dwLWNvbnRlbnRcL3VwbG9hZHNcLzIwMjJcLzA1XC9CdXJuZWQtRG93bi1HVC0zMS1PY3QtMDUuanBnIiwic2xpZGVzaG93IjoiYTkwZjI3ZSJ9\" href='https:\/\/spectrespast.com\/wp-content\/uploads\/2022\/05\/Burned-Down-GT-31-Oct-05.jpg'><img decoding=\"async\" width=\"150\" height=\"150\" src=\"https:\/\/spectrespast.com\/wp-content\/uploads\/2022\/05\/Burned-Down-GT-31-Oct-05-150x150.jpg\" class=\"attachment-thumbnail size-thumbnail\" alt=\"\" aria-describedby=\"gallery-1-3867\" \/><\/a>\n\t\t\t<\/div>\n\t\t\t\t<figcaption class='wp-caption-text gallery-caption' id='gallery-1-3867'>\n\t\t\t\t31-Oct-05 Quemado hasta los cimientos\n\t\t\t\t<\/figcaption><\/figure><figure class='gallery-item'>\n\t\t\t<div class='gallery-icon portrait'>\n\t\t\t\t<a data-elementor-open-lightbox=\"yes\" data-elementor-lightbox-slideshow=\"a90f27e\" data-elementor-lightbox-title=\"Almost -Burned-GT-08-Nov-1904\" data-e-action-hash=\"#elementor-action%3Aaction%3Dlightbox%26settings%3DeyJpZCI6Mzg2OCwidXJsIjoiaHR0cHM6XC9cL3NwZWN0cmVzcGFzdC5jb21cL3dwLWNvbnRlbnRcL3VwbG9hZHNcLzIwMjJcLzA1XC9BbG1vc3QtQnVybmVkLUdULTA4LU5vdi0xOTA0LmpwZyIsInNsaWRlc2hvdyI6ImE5MGYyN2UifQ%3D%3D\" href='https:\/\/spectrespast.com\/wp-content\/uploads\/2022\/05\/Almost-Burned-GT-08-Nov-1904.jpg'><img decoding=\"async\" width=\"150\" height=\"150\" src=\"https:\/\/spectrespast.com\/wp-content\/uploads\/2022\/05\/Almost-Burned-GT-08-Nov-1904-150x150.jpg\" class=\"attachment-thumbnail size-thumbnail\" alt=\"\" aria-describedby=\"gallery-1-3868\" \/><\/a>\n\t\t\t<\/div>\n\t\t\t\t<figcaption class='wp-caption-text gallery-caption' id='gallery-1-3868'>\n\t\t\t\t08-11-04 Casi se quema\n\t\t\t\t<\/figcaption><\/figure><figure class='gallery-item'>\n\t\t\t<div class='gallery-icon portrait'>\n\t\t\t\t<a data-elementor-open-lightbox=\"yes\" data-elementor-lightbox-slideshow=\"a90f27e\" data-elementor-lightbox-title=\"BarclayHallInauguration--GT-29-Sept-1909\" data-e-action-hash=\"#elementor-action%3Aaction%3Dlightbox%26settings%3DeyJpZCI6Mzg3MCwidXJsIjoiaHR0cHM6XC9cL3NwZWN0cmVzcGFzdC5jb21cL3dwLWNvbnRlbnRcL3VwbG9hZHNcLzIwMjJcLzA1XC9CYXJjbGF5SGFsbEluYXVndXJhdGlvbi1HVC0yOS1TZXB0LTE5MDkuanBnIiwic2xpZGVzaG93IjoiYTkwZjI3ZSJ9\" href='https:\/\/spectrespast.com\/wp-content\/uploads\/2022\/05\/BarclayHallInauguration-GT-29-Sept-1909.jpg'><img decoding=\"async\" width=\"150\" height=\"150\" src=\"https:\/\/spectrespast.com\/wp-content\/uploads\/2022\/05\/BarclayHallInauguration-GT-29-Sept-1909-150x150.jpg\" class=\"attachment-thumbnail size-thumbnail\" alt=\"\" aria-describedby=\"gallery-1-3870\" \/><\/a>\n\t\t\t<\/div>\n\t\t\t\t<figcaption class='wp-caption-text gallery-caption' id='gallery-1-3870'>\n\t\t\t\t29 de septiembre de 2009: Inauguraci\u00f3n del Barkley Hall\n\t\t\t\t<\/figcaption><\/figure><figure class='gallery-item'>\n\t\t\t<div class='gallery-icon portrait'>\n\t\t\t\t<a data-elementor-open-lightbox=\"yes\" data-elementor-lightbox-slideshow=\"a90f27e\" data-elementor-lightbox-title=\"Burned-Down-ODJ-31-Oct-05\" data-e-action-hash=\"#elementor-action%3Aaction%3Dlightbox%26settings%3DeyJpZCI6Mzg2OSwidXJsIjoiaHR0cHM6XC9cL3NwZWN0cmVzcGFzdC5jb21cL3dwLWNvbnRlbnRcL3VwbG9hZHNcLzIwMjJcLzA1XC9CdXJuZWQtRG93bi1PREotMzEtT2N0LTA1LmpwZyIsInNsaWRlc2hvdyI6ImE5MGYyN2UifQ%3D%3D\" href='https:\/\/spectrespast.com\/wp-content\/uploads\/2022\/05\/Burned-Down-ODJ-31-Oct-05.jpg'><img loading=\"lazy\" decoding=\"async\" width=\"150\" height=\"150\" src=\"https:\/\/spectrespast.com\/wp-content\/uploads\/2022\/05\/Burned-Down-ODJ-31-Oct-05-150x150.jpg\" class=\"attachment-thumbnail size-thumbnail\" alt=\"\" aria-describedby=\"gallery-1-3869\" \/><\/a>\n\t\t\t<\/div>\n\t\t\t\t<figcaption class='wp-caption-text gallery-caption' id='gallery-1-3869'>\n\t\t\t\t31-11-05-El Radical College de Philomath fue incendiado\n\t\t\t\t<\/figcaption><\/figure><figure class='gallery-item'>\n\t\t\t<div class='gallery-icon portrait'>\n\t\t\t\t<a data-elementor-open-lightbox=\"yes\" data-elementor-lightbox-slideshow=\"a90f27e\" data-elementor-lightbox-title=\"UnitedBretherenAboutCollege-CG-24-Jul-1906\" data-e-action-hash=\"#elementor-action%3Aaction%3Dlightbox%26settings%3DeyJpZCI6Mzg4MCwidXJsIjoiaHR0cHM6XC9cL3NwZWN0cmVzcGFzdC5jb21cL3dwLWNvbnRlbnRcL3VwbG9hZHNcLzIwMjJcLzA1XC9Vbml0ZWRCcmV0aGVyZW5BYm91dENvbGxlZ2UtQ0ctMjQtSnVsLTE5MDYtc2NhbGVkLndlYnAiLCJzbGlkZXNob3ciOiJhOTBmMjdlIn0%3D\" href='https:\/\/spectrespast.com\/wp-content\/uploads\/2022\/05\/UnitedBretherenAboutCollege-CG-24-Jul-1906-scaled.webp'><img loading=\"lazy\" decoding=\"async\" width=\"150\" height=\"150\" src=\"https:\/\/spectrespast.com\/wp-content\/uploads\/2022\/05\/UnitedBretherenAboutCollege-CG-24-Jul-1906-150x150.webp?ver=1747517737\" class=\"attachment-thumbnail size-thumbnail\" alt=\"\" aria-describedby=\"gallery-1-3880\" \/><\/a>\n\t\t\t<\/div>\n\t\t\t\t<figcaption class='wp-caption-text gallery-caption' id='gallery-1-3880'>\n\t\t\t\t24-jul-06 Hermanos Todav\u00eda en ello\n\t\t\t\t<\/figcaption><\/figure><figure class='gallery-item'>\n\t\t\t<div class='gallery-icon portrait'>\n\t\t\t\t<a data-elementor-open-lightbox=\"yes\" data-elementor-lightbox-slideshow=\"a90f27e\" data-elementor-lightbox-title=\"Statesman announces J death\" data-e-action-hash=\"#elementor-action%3Aaction%3Dlightbox%26settings%3DeyJpZCI6Mzg3OSwidXJsIjoiaHR0cHM6XC9cL3NwZWN0cmVzcGFzdC5jb21cL3dwLWNvbnRlbnRcL3VwbG9hZHNcLzIwMjJcLzA1XC9TdGF0ZXNtYW4tYW5ub3VuY2VzLUotZGVhdGguanBnIiwic2xpZGVzaG93IjoiYTkwZjI3ZSJ9\" href='https:\/\/spectrespast.com\/wp-content\/uploads\/2022\/05\/Statesman-announces-J-death.jpg'><img loading=\"lazy\" decoding=\"async\" width=\"150\" height=\"150\" src=\"https:\/\/spectrespast.com\/wp-content\/uploads\/2022\/05\/Statesman-announces-J-death-150x150.jpg\" class=\"attachment-thumbnail size-thumbnail\" alt=\"\" aria-describedby=\"gallery-1-3879\" \/><\/a>\n\t\t\t<\/div>\n\t\t\t\t<figcaption class='wp-caption-text gallery-caption' id='gallery-1-3879'>\n\t\t\t\tAviso de defunci\u00f3n\n\t\t\t\t<\/figcaption><\/figure><figure class='gallery-item'>\n\t\t\t<div class='gallery-icon portrait'>\n\t\t\t\t<a data-elementor-open-lightbox=\"yes\" data-elementor-lightbox-slideshow=\"a90f27e\" data-elementor-lightbox-title=\"Interview-MaryJaneShipely-OSM-10-Feb-1924\" data-e-action-hash=\"#elementor-action%3Aaction%3Dlightbox%26settings%3DeyJpZCI6Mzg3NywidXJsIjoiaHR0cHM6XC9cL3NwZWN0cmVzcGFzdC5jb21cL3dwLWNvbnRlbnRcL3VwbG9hZHNcLzIwMjJcLzA1XC9JbnRlcnZpZXctTWFyeUphbmVTaGlwZWx5LU9TTS0xMC1GZWItMTkyNC5qcGciLCJzbGlkZXNob3ciOiJhOTBmMjdlIn0%3D\" href='https:\/\/spectrespast.com\/wp-content\/uploads\/2022\/05\/Interview-MaryJaneShipely-OSM-10-Feb-1924.jpg'><img loading=\"lazy\" decoding=\"async\" width=\"150\" height=\"150\" src=\"https:\/\/spectrespast.com\/wp-content\/uploads\/2022\/05\/Interview-MaryJaneShipely-OSM-10-Feb-1924-150x150.jpg\" class=\"attachment-thumbnail size-thumbnail\" alt=\"\" aria-describedby=\"gallery-1-3877\" \/><\/a>\n\t\t\t<\/div>\n\t\t\t\t<figcaption class='wp-caption-text gallery-caption' id='gallery-1-3877'>\n\t\t\t\tLa esclavitud en Oreg\u00f3n\n\t\t\t\t<\/figcaption><\/figure><figure class='gallery-item'>\n\t\t\t<div class='gallery-icon landscape'>\n\t\t\t\t<a data-elementor-open-lightbox=\"yes\" data-elementor-lightbox-slideshow=\"a90f27e\" data-elementor-lightbox-title=\"Albany Democrat-Herald announces J death\" data-e-action-hash=\"#elementor-action%3Aaction%3Dlightbox%26settings%3DeyJpZCI6Mzg3NSwidXJsIjoiaHR0cHM6XC9cL3NwZWN0cmVzcGFzdC5jb21cL3dwLWNvbnRlbnRcL3VwbG9hZHNcLzIwMjJcLzA1XC9BbGJhbnktRGVtb2NyYXQtSGVyYWxkLWFubm91bmNlcy1KLWRlYXRoLmpwZyIsInNsaWRlc2hvdyI6ImE5MGYyN2UifQ%3D%3D\" href='https:\/\/spectrespast.com\/wp-content\/uploads\/2022\/05\/Albany-Democrat-Herald-announces-J-death.jpg'><img loading=\"lazy\" decoding=\"async\" width=\"150\" height=\"150\" src=\"https:\/\/spectrespast.com\/wp-content\/uploads\/2022\/05\/Albany-Democrat-Herald-announces-J-death-150x150.jpg\" class=\"attachment-thumbnail size-thumbnail\" alt=\"\" aria-describedby=\"gallery-1-3875\" \/><\/a>\n\t\t\t<\/div>\n\t\t\t\t<figcaption class='wp-caption-text gallery-caption' id='gallery-1-3875'>\n\t\t\t\tAviso de defunci\u00f3n\n\t\t\t\t<\/figcaption><\/figure>\n\t\t<\/div>\n\t\t<\/div>\n\t\t\t\t\t\t<\/div>\n\t\t\t\t<div class=\"elementor-element elementor-element-b235ed2 elementor-widget elementor-widget-text-editor\" data-id=\"b235ed2\" data-element_type=\"widget\" data-widget_type=\"text-editor.default\">\n\t\t\t\t\t\t\t\t\t<p>Estudias los art\u00edculos y empiezas a suponer algunas de las vicisitudes de la vida y la muerte de James. Organiza el siguiente esquema narrativo en el arco correcto de la conciencia p\u00f3stuma en expansi\u00f3n de los Espectros.<\/p>\t\t\t\t\t\t\t\t<\/div>\n\t\t\t\t<div class=\"elementor-element elementor-element-a42f5b9 elementor-widget elementor-widget-html\" data-id=\"a42f5b9\" data-element_type=\"widget\" data-no-translation=\"\" data-widget_type=\"html.default\">\n\t\t\t\t\t<style>.elementor-element-a42f5b9{display:none !important}<\/style>\t\t\t\t<\/div>\n\t\t\t\t\t<\/div>\n\t\t<\/div>\n\t\t\t\t\t<\/div>\n\t\t<\/section>\n\t\t\t\t<section class=\"elementor-section elementor-top-section elementor-element elementor-element-0b288c8 elementor-section-boxed elementor-section-height-default elementor-section-height-default\" data-id=\"0b288c8\" data-element_type=\"section\">\n\t\t\t\t\t\t<div class=\"elementor-container elementor-column-gap-default\">\n\t\t\t\t\t<div class=\"elementor-column elementor-col-100 elementor-top-column elementor-element elementor-element-a6b3d1b\" data-id=\"a6b3d1b\" data-element_type=\"column\">\n\t\t\t<div class=\"elementor-widget-wrap elementor-element-populated\">\n\t\t\t\t\t\t<section class=\"elementor-section elementor-inner-section elementor-element elementor-element-9c62ee6 elementor-section-boxed elementor-section-height-default elementor-section-height-default\" data-id=\"9c62ee6\" data-element_type=\"section\">\n\t\t\t\t\t\t<div class=\"elementor-container elementor-column-gap-default\">\n\t\t\t\t\t<div class=\"elementor-column elementor-col-33 elementor-inner-column elementor-element elementor-element-743d869\" data-id=\"743d869\" data-element_type=\"column\">\n\t\t\t<div class=\"elementor-widget-wrap\">\n\t\t\t\t\t\t\t<\/div>\n\t\t<\/div>\n\t\t\t\t<div class=\"elementor-column elementor-col-33 elementor-inner-column elementor-element elementor-element-ab985e8\" data-id=\"ab985e8\" data-element_type=\"column\">\n\t\t\t<div class=\"elementor-widget-wrap\">\n\t\t\t\t\t\t\t<\/div>\n\t\t<\/div>\n\t\t\t\t<div class=\"elementor-column elementor-col-33 elementor-inner-column elementor-element elementor-element-8dcc811\" data-id=\"8dcc811\" data-element_type=\"column\">\n\t\t\t<div class=\"elementor-widget-wrap elementor-element-populated\">\n\t\t\t\t\t\t<div class=\"elementor-element elementor-element-b5e3112 elementor-button-warning elementor-align-center animated-slow elementor-invisible elementor-widget elementor-widget-button\" data-id=\"b5e3112\" data-element_type=\"widget\" id=\"css_skip_1_1\" data-settings=\"{&quot;_animation&quot;:&quot;fadeIn&quot;,&quot;_animation_delay&quot;:30000}\" data-widget_type=\"button.default\">\n\t\t\t\t\t\t\t\t\t\t<a class=\"elementor-button elementor-button-link elementor-size-sm\" href=\"\/es\/puzzel-324704\/\" id=\"skip_P_2_1\">\n\t\t\t\t\t\t<span class=\"elementor-button-content-wrapper\">\n\t\t\t\t\t\t\t\t\t<span class=\"elementor-button-text\">\u00bfDarse por vencido? Vaya a la Soluci\u00f3n ...<\/span>\n\t\t\t\t\t<\/span>\n\t\t\t\t\t<\/a>\n\t\t\t\t\t\t\t\t<\/div>\n\t\t\t\t\t<\/div>\n\t\t<\/div>\n\t\t\t\t\t<\/div>\n\t\t<\/section>\n\t\t\t\t\t<\/div>\n\t\t<\/div>\n\t\t\t\t\t<\/div>\n\t\t<\/section>\n\t\t\t\t<\/div>","protected":false},"excerpt":{"rendered":"<p>The story unfolds&#8230; You examine the display window that had been so helpful earlier, and you notice more newsparper articles mentioning Keezel, College of Philomath, more fires and even a reference to Mt Union that was on that map&#8230; Oct-31-05 Burned to the Ground 08-11-04 Almost Burned down Sept-29-09-Barkley Hall Inaugurated 11-31-05-Radical College of Philomath &#8230; <a title=\"S2 &#8211; Episode 2 -Serial Arson, but who\" class=\"read-more\" href=\"https:\/\/spectrespast.com\/es\/season2-game-overview\/s2-episode-2-philomath-reunion-committee\/s2-episode-2-committee-notes\/puzzel-471021\/\" aria-label=\"Leer m\u00e1s sobre S2 &#8211; Episode 2 -Serial Arson, but who\">Leer m\u00e1s<\/a><\/p>","protected":false},"author":1,"featured_media":0,"parent":3834,"menu_order":1,"comment_status":"closed","ping_status":"closed","template":"","meta":{"footnotes":""},"folder":[91],"class_list":["post-3851","page","type-page","status-publish"],"_links":{"self":[{"href":"https:\/\/spectrespast.com\/es\/wp-json\/wp\/v2\/pages\/3851","targetHints":{"allow":["GET"]}}],"collection":[{"href":"https:\/\/spectrespast.com\/es\/wp-json\/wp\/v2\/pages"}],"about":[{"href":"https:\/\/spectrespast.com\/es\/wp-json\/wp\/v2\/types\/page"}],"author":[{"embeddable":true,"href":"https:\/\/spectrespast.com\/es\/wp-json\/wp\/v2\/users\/1"}],"replies":[{"embeddable":true,"href":"https:\/\/spectrespast.com\/es\/wp-json\/wp\/v2\/comments?post=3851"}],"version-history":[{"count":34,"href":"https:\/\/spectrespast.com\/es\/wp-json\/wp\/v2\/pages\/3851\/revisions"}],"predecessor-version":[{"id":5369,"href":"https:\/\/spectrespast.com\/es\/wp-json\/wp\/v2\/pages\/3851\/revisions\/5369"}],"up":[{"embeddable":true,"href":"https:\/\/spectrespast.com\/es\/wp-json\/wp\/v2\/pages\/3834"}],"wp:attachment":[{"href":"https:\/\/spectrespast.com\/es\/wp-json\/wp\/v2\/media?parent=3851"}],"wp:term":[{"taxonomy":"folder","embeddable":true,"href":"https:\/\/spectrespast.com\/es\/wp-json\/wp\/v2\/folder?post=3851"}],"curies":[{"name":"wp","href":"https:\/\/api.w.org\/{rel}","templated":true}]}}