{"id":4017,"date":"2022-05-25T12:01:19","date_gmt":"2022-05-25T19:01:19","guid":{"rendered":"http:\/\/spectrespast.com\/?page_id=4017"},"modified":"2022-05-25T13:12:22","modified_gmt":"2022-05-25T20:12:22","slug":"2022-sponsors","status":"publish","type":"page","link":"https:\/\/spectrespast.com\/es\/2022-sponsors\/","title":{"rendered":"Patrocinadores 2022"},"content":{"rendered":"<div data-elementor-type=\"wp-page\" data-elementor-id=\"4017\" class=\"elementor elementor-4017\" data-elementor-post-type=\"page\">\n\t\t\t\t\t\t<section class=\"elementor-section elementor-top-section elementor-element elementor-element-2db4a1b elementor-section-boxed elementor-section-height-default elementor-section-height-default\" data-id=\"2db4a1b\" data-element_type=\"section\">\n\t\t\t\t\t\t<div class=\"elementor-container elementor-column-gap-default\">\n\t\t\t\t\t<div class=\"elementor-column elementor-col-100 elementor-top-column elementor-element elementor-element-0f5cab1\" data-id=\"0f5cab1\" data-element_type=\"column\">\n\t\t\t<div class=\"elementor-widget-wrap elementor-element-populated\">\n\t\t\t\t\t\t<div class=\"elementor-element elementor-element-fc228fb elementor-widget elementor-widget-heading\" data-id=\"fc228fb\" data-element_type=\"widget\" data-widget_type=\"heading.default\">\n\t\t\t\t\t<h2 class=\"elementor-heading-title elementor-size-default\">\u00a1Estamos eternamente agradecidos a nuestros patrocinadores con cuyo apoyo este proyecto pudo realizarse!<\/h2>\t\t\t\t<\/div>\n\t\t\t\t<div class=\"elementor-element elementor-element-3636757 elementor-widget-divider--view-line elementor-widget elementor-widget-divider\" data-id=\"3636757\" data-element_type=\"widget\" data-widget_type=\"divider.default\">\n\t\t\t\t\t\t\t<div class=\"elementor-divider\">\n\t\t\t<span class=\"elementor-divider-separator\">\n\t\t\t\t\t\t<\/span>\n\t\t<\/div>\n\t\t\t\t\t\t<\/div>\n\t\t\t\t\t<\/div>\n\t\t<\/div>\n\t\t\t\t\t<\/div>\n\t\t<\/section>\n\t\t\t\t<section class=\"elementor-section elementor-top-section elementor-element elementor-element-50cb8191 elementor-section-boxed elementor-section-height-default elementor-section-height-default\" data-id=\"50cb8191\" data-element_type=\"section\">\n\t\t\t\t\t\t<div class=\"elementor-container elementor-column-gap-default\">\n\t\t\t\t\t<div class=\"elementor-column elementor-col-100 elementor-top-column elementor-element elementor-element-7e92fc18\" data-id=\"7e92fc18\" data-element_type=\"column\">\n\t\t\t<div class=\"elementor-widget-wrap elementor-element-populated\">\n\t\t\t\t\t\t<section class=\"elementor-section elementor-inner-section elementor-element elementor-element-090343a elementor-section-boxed elementor-section-height-default elementor-section-height-default\" data-id=\"090343a\" data-element_type=\"section\">\n\t\t\t\t\t\t<div class=\"elementor-container elementor-column-gap-default\">\n\t\t\t\t\t<div class=\"elementor-column elementor-col-50 elementor-inner-column elementor-element elementor-element-a3843d3\" data-id=\"a3843d3\" data-element_type=\"column\">\n\t\t\t<div class=\"elementor-widget-wrap elementor-element-populated\">\n\t\t\t\t\t\t<div class=\"elementor-element elementor-element-be282a1 elementor-widget elementor-widget-image\" data-id=\"be282a1\" data-element_type=\"widget\" data-widget_type=\"image.default\">\n\t\t\t\t\t\t\t\t\t\t\t\t\t\t\t\t<a href=\"https:\/\/www.co.benton.or.us\/hrc\" target=\"_blank\">\n\t\t\t\t\t\t\t<img fetchpriority=\"high\" decoding=\"async\" width=\"564\" height=\"299\" src=\"https:\/\/spectrespast.com\/wp-content\/uploads\/2022\/05\/BentonCounty-logo.png\" class=\"attachment-large size-large wp-image-4020\" alt=\"\" srcset=\"https:\/\/spectrespast.com\/wp-content\/uploads\/2022\/05\/BentonCounty-logo.png 564w, https:\/\/spectrespast.com\/wp-content\/uploads\/2022\/05\/BentonCounty-logo-300x159.png 300w, https:\/\/spectrespast.com\/wp-content\/uploads\/2022\/05\/BentonCounty-logo-18x10.png 18w\" sizes=\"(max-width: 564px) 100vw, 564px\" \/>\t\t\t\t\t\t\t\t<\/a>\n\t\t\t\t\t\t\t\t\t\t\t\t\t\t\t<\/div>\n\t\t\t\t\t<\/div>\n\t\t<\/div>\n\t\t\t\t<div class=\"elementor-column elementor-col-50 elementor-inner-column elementor-element elementor-element-be327a2\" data-id=\"be327a2\" data-element_type=\"column\">\n\t\t\t<div class=\"elementor-widget-wrap elementor-element-populated\">\n\t\t\t\t\t\t<div class=\"elementor-element elementor-element-fcc2350 elementor-widget elementor-widget-heading\" data-id=\"fcc2350\" data-element_type=\"widget\" data-widget_type=\"heading.default\">\n\t\t\t\t\t<h2 class=\"elementor-heading-title elementor-size-default\">Comisi\u00f3n de Recursos Hist\u00f3ricos<\/h2>\t\t\t\t<\/div>\n\t\t\t\t<div class=\"elementor-element elementor-element-a1603dc elementor-widget elementor-widget-text-editor\" data-id=\"a1603dc\" data-element_type=\"widget\" data-widget_type=\"text-editor.default\">\n\t\t\t\t\t\t\t\t\t<div class=\"main-content-wrapper\">\n<div class=\"main\" role=\"main\">\n<div class=\"content-outer-border\">\n<div class=\"content-inner-border\">\n<div class=\"region region-content\">\n<div id=\"block-system-main\" class=\"block block-system\">\n<div class=\"block-content-wrapper\">\n<div class=\"block-content\">\n<div id=\"node-2962\" class=\"node node-page clearfix\">\n<div class=\"content_main\">\n<div class=\"field field-name-body field-type-text-with-summary field-label-hidden\">\n<div class=\"field-items\">\n<div class=\"field-item even\">\n<p>La Comisi\u00f3n de Recursos Hist\u00f3ricos est\u00e1 compuesta por siete miembros voluntarios de la comunidad del condado de Benton. Esta comisi\u00f3n, establecida por mandato estatal, se cre\u00f3 para implementar un programa de preservaci\u00f3n hist\u00f3rica a nivel de condado (ORS 358.622).<\/p>\n<p>Obtenga m\u00e1s informaci\u00f3n sobre el BCHRC mediante <a href=\"https:\/\/www.co.benton.or.us\/hrc\" target=\"_blank\" rel=\"noopener\">HACIENDO CLIC AQU\u00cd<\/a>!<\/p>\n<\/div>\n<\/div>\n<\/div>\n<\/div>\n<\/div>\n<\/div>\n<\/div>\n<\/div>\n<\/div>\n<\/div>\n<\/div>\n<\/div>\n<\/div>\n<div class=\"sidebar-first-wrapper\">\n<div class=\"region region-sidebar-first\">\n<div id=\"block-block-13\" class=\"block block-block\">\n<div class=\"block-header\">\u00a0<\/div>\n<div class=\"block-content-wrapper\">\n<div class=\"block-content\">\n<div class=\"view view-taxonomy-name-from-synonym view-id-taxonomy_name_from_synonym view-display-id-default view-dom-id-microsite_title\">\n<div class=\"view-content\">\n<div class=\"views-row views-row-1 views-row-odd views-row-first views-row-last\">\u00a0<\/div>\n<\/div>\n<\/div>\n<\/div>\n<\/div>\n<\/div>\n<\/div>\n<\/div>\t\t\t\t\t\t\t\t<\/div>\n\t\t\t\t\t<\/div>\n\t\t<\/div>\n\t\t\t\t\t<\/div>\n\t\t<\/section>\n\t\t\t\t<div class=\"elementor-element elementor-element-2612042 elementor-widget-divider--view-line elementor-widget elementor-widget-divider\" data-id=\"2612042\" data-element_type=\"widget\" data-widget_type=\"divider.default\">\n\t\t\t\t\t\t\t<div class=\"elementor-divider\">\n\t\t\t<span class=\"elementor-divider-separator\">\n\t\t\t\t\t\t<\/span>\n\t\t<\/div>\n\t\t\t\t\t\t<\/div>\n\t\t\t\t<section class=\"elementor-section elementor-inner-section elementor-element elementor-element-9805864 elementor-section-boxed elementor-section-height-default elementor-section-height-default\" data-id=\"9805864\" data-element_type=\"section\">\n\t\t\t\t\t\t<div class=\"elementor-container elementor-column-gap-default\">\n\t\t\t\t\t<div class=\"elementor-column elementor-col-50 elementor-inner-column elementor-element elementor-element-ce3b50a\" data-id=\"ce3b50a\" data-element_type=\"column\">\n\t\t\t<div class=\"elementor-widget-wrap elementor-element-populated\">\n\t\t\t\t\t\t<div class=\"elementor-element elementor-element-f429cb6 elementor-widget elementor-widget-heading\" data-id=\"f429cb6\" data-element_type=\"widget\" data-widget_type=\"heading.default\">\n\t\t\t\t\t<h2 class=\"elementor-heading-title elementor-size-default\">La ciudad de Corvallis<\/h2>\t\t\t\t<\/div>\n\t\t\t\t<div class=\"elementor-element elementor-element-b68a084 elementor-widget elementor-widget-text-editor\" data-id=\"b68a084\" data-element_type=\"widget\" data-widget_type=\"text-editor.default\">\n\t\t\t\t\t\t\t\t\t<p>Corvallis se encuentra en el coraz\u00f3n del Valle Willamette de Oreg\u00f3n, a 90 minutos del \u00e1rea metropolitana de Portland, de pistas de esqu\u00ed de primera clase y de la espectacular costa de Oreg\u00f3n. Corvallis tiene una poblaci\u00f3n de 59,922 habitantes seg\u00fan el censo de 2020 y es sede de la Universidad Estatal de Oreg\u00f3n.<\/p>\n<p>Visite la p\u00e1gina web de la ciudad de Corvallis por <a href=\"https:\/\/www.corvallisoregon.gov\/\" target=\"_blank\" rel=\"noopener\">HACIENDO CLIC AQU\u00cd<\/a><\/p>\t\t\t\t\t\t\t\t<\/div>\n\t\t\t\t\t<\/div>\n\t\t<\/div>\n\t\t\t\t<div class=\"elementor-column elementor-col-50 elementor-inner-column elementor-element elementor-element-62a67f1\" data-id=\"62a67f1\" data-element_type=\"column\">\n\t\t\t<div class=\"elementor-widget-wrap elementor-element-populated\">\n\t\t\t\t\t\t<div class=\"elementor-element elementor-element-274778e elementor-widget elementor-widget-image\" data-id=\"274778e\" data-element_type=\"widget\" data-widget_type=\"image.default\">\n\t\t\t\t\t\t\t\t\t\t\t\t\t\t\t\t<a href=\"https:\/\/www.corvallisoregon.gov\/\" target=\"_blank\">\n\t\t\t\t\t\t\t<img decoding=\"async\" width=\"328\" height=\"266\" src=\"https:\/\/spectrespast.com\/wp-content\/uploads\/2022\/05\/corvallis-city-logo.png\" class=\"attachment-large size-large wp-image-4021\" alt=\"\" srcset=\"https:\/\/spectrespast.com\/wp-content\/uploads\/2022\/05\/corvallis-city-logo.png 328w, https:\/\/spectrespast.com\/wp-content\/uploads\/2022\/05\/corvallis-city-logo-300x243.png 300w, https:\/\/spectrespast.com\/wp-content\/uploads\/2022\/05\/corvallis-city-logo-15x12.png 15w\" sizes=\"(max-width: 328px) 100vw, 328px\" \/>\t\t\t\t\t\t\t\t<\/a>\n\t\t\t\t\t\t\t\t\t\t\t\t\t\t\t<\/div>\n\t\t\t\t\t<\/div>\n\t\t<\/div>\n\t\t\t\t\t<\/div>\n\t\t<\/section>\n\t\t\t\t<div class=\"elementor-element elementor-element-854706c elementor-widget-divider--view-line elementor-widget elementor-widget-divider\" data-id=\"854706c\" data-element_type=\"widget\" data-widget_type=\"divider.default\">\n\t\t\t\t\t\t\t<div class=\"elementor-divider\">\n\t\t\t<span class=\"elementor-divider-separator\">\n\t\t\t\t\t\t<\/span>\n\t\t<\/div>\n\t\t\t\t\t\t<\/div>\n\t\t\t\t<section class=\"elementor-section elementor-inner-section elementor-element elementor-element-d66f6ff elementor-section-boxed elementor-section-height-default elementor-section-height-default\" data-id=\"d66f6ff\" data-element_type=\"section\">\n\t\t\t\t\t\t<div class=\"elementor-container elementor-column-gap-default\">\n\t\t\t\t\t<div class=\"elementor-column elementor-col-50 elementor-inner-column elementor-element elementor-element-0c61835\" data-id=\"0c61835\" data-element_type=\"column\">\n\t\t\t<div class=\"elementor-widget-wrap elementor-element-populated\">\n\t\t\t\t\t\t<div class=\"elementor-element elementor-element-d32e8c1 elementor-widget elementor-widget-image\" data-id=\"d32e8c1\" data-element_type=\"widget\" data-widget_type=\"image.default\">\n\t\t\t\t\t\t\t\t\t\t\t\t\t\t\t\t<a href=\"https:\/\/www.willamettegrange.org\/\" target=\"_blank\">\n\t\t\t\t\t\t\t<img decoding=\"async\" width=\"423\" height=\"266\" src=\"https:\/\/spectrespast.com\/wp-content\/uploads\/2022\/05\/WillametteGrange.png\" class=\"attachment-large size-large wp-image-4026\" alt=\"\" srcset=\"https:\/\/spectrespast.com\/wp-content\/uploads\/2022\/05\/WillametteGrange.png 423w, https:\/\/spectrespast.com\/wp-content\/uploads\/2022\/05\/WillametteGrange-300x189.png 300w, https:\/\/spectrespast.com\/wp-content\/uploads\/2022\/05\/WillametteGrange-18x12.png 18w\" sizes=\"(max-width: 423px) 100vw, 423px\" \/>\t\t\t\t\t\t\t\t<\/a>\n\t\t\t\t\t\t\t\t\t\t\t\t\t\t\t<\/div>\n\t\t\t\t\t<\/div>\n\t\t<\/div>\n\t\t\t\t<div class=\"elementor-column elementor-col-50 elementor-inner-column elementor-element elementor-element-69933f6\" data-id=\"69933f6\" data-element_type=\"column\">\n\t\t\t<div class=\"elementor-widget-wrap elementor-element-populated\">\n\t\t\t\t\t\t<div class=\"elementor-element elementor-element-3a22150 elementor-widget elementor-widget-heading\" data-id=\"3a22150\" data-element_type=\"widget\" data-widget_type=\"heading.default\">\n\t\t\t\t\t<h2 class=\"elementor-heading-title elementor-size-default\">Granja Willamette #52<\/h2>\t\t\t\t<\/div>\n\t\t\t\t<div class=\"elementor-element elementor-element-cf8e4b3 elementor-widget elementor-widget-text-editor\" data-id=\"cf8e4b3\" data-element_type=\"widget\" data-widget_type=\"text-editor.default\">\n\t\t\t\t\t\t\t\t\t<p class=\"\"><span class=\"d2edcug0 hpfvmrgz qv66sw1b c1et5uql lr9zc1uh jq4qci2q a3bd9o3v b1v8xokw m9osqain\">La finca Willamette #52 se encuentra entre Corvallis y Monroe, en el condado de Benton, y es una de las cinco fincas activas del condado, junto con las fincas Hope, Fairmount, Marys River y Summit. Es la finca activa m\u00e1s antigua del condado. Willamette se constituy\u00f3 como parte de la finca estatal de Oreg\u00f3n en 1873 y es una organizaci\u00f3n que promueve la agricultura, la silvicultura y a los residentes rurales.<\/span><\/p>\n<p>La Grange es una organizaci\u00f3n familiar y comunitaria con ra\u00edces en la agricultura. Fundada en 1867, se form\u00f3 como una organizaci\u00f3n nacional con enfoque local. Nuestros miembros tienen la oportunidad de aprender y desarrollar su m\u00e1ximo potencial como ciudadanos y l\u00edderes.<\/p>\n<p>La familia es la base de la organizaci\u00f3n, con membres\u00eda plena a partir de los 14 a\u00f1os. Las mujeres han sido miembros con igualdad de derechos desde la fundaci\u00f3n de la Granja. Contamos con un programa de Granja Junior para ni\u00f1os de 5 a 14 a\u00f1os, que ha ayudado a los m\u00e1s peque\u00f1os de la familia a aprender sobre valores comunitarios y ciudadan\u00eda durante m\u00e1s de 100 a\u00f1os. Nuestro programa de Granja Juvenil desarrolla las habilidades de liderazgo de nuestros j\u00f3venes adultos y matrimonios j\u00f3venes.<\/p>\n<p>Obtenga m\u00e1s informaci\u00f3n sobre la Grange por <a href=\"https:\/\/www.willamettegrange.org\/\" target=\"_blank\" rel=\"noopener\">HACIENDO CLIC AQU\u00cd<\/a>!<\/p>\n<p>\u00a0<\/p>\t\t\t\t\t\t\t\t<\/div>\n\t\t\t\t\t<\/div>\n\t\t<\/div>\n\t\t\t\t\t<\/div>\n\t\t<\/section>\n\t\t\t\t<div class=\"elementor-element elementor-element-f3e0fde elementor-widget-divider--view-line elementor-widget elementor-widget-divider\" data-id=\"f3e0fde\" data-element_type=\"widget\" data-widget_type=\"divider.default\">\n\t\t\t\t\t\t\t<div class=\"elementor-divider\">\n\t\t\t<span class=\"elementor-divider-separator\">\n\t\t\t\t\t\t<\/span>\n\t\t<\/div>\n\t\t\t\t\t\t<\/div>\n\t\t\t\t<section class=\"elementor-section elementor-inner-section elementor-element elementor-element-5c269cb elementor-section-boxed elementor-section-height-default elementor-section-height-default\" data-id=\"5c269cb\" data-element_type=\"section\">\n\t\t\t\t\t\t<div class=\"elementor-container elementor-column-gap-default\">\n\t\t\t\t\t<div class=\"elementor-column elementor-col-50 elementor-inner-column elementor-element elementor-element-923d15d\" data-id=\"923d15d\" data-element_type=\"column\">\n\t\t\t<div class=\"elementor-widget-wrap elementor-element-populated\">\n\t\t\t\t\t\t<div class=\"elementor-element elementor-element-0f9b6d8 elementor-widget elementor-widget-heading\" data-id=\"0f9b6d8\" data-element_type=\"widget\" data-widget_type=\"heading.default\">\n\t\t\t\t\t<h2 class=\"elementor-heading-title elementor-size-default\">Fisioterapia Encore<\/h2>\t\t\t\t<\/div>\n\t\t\t\t<div class=\"elementor-element elementor-element-fd4e8cc elementor-widget elementor-widget-text-editor\" data-id=\"fd4e8cc\" data-element_type=\"widget\" data-widget_type=\"text-editor.default\">\n\t\t\t\t\t\t\t\t\t<div class=\"wp-container-1 wp-block-column\">\n<p>En septiembre de 2009, Frank Hann y Chris Guempel abrieron las puertas de Encore. Presentados por un amigo en com\u00fan, Chris y Frank compart\u00edan el sue\u00f1o de desarrollar una nueva cl\u00ednica de fisioterapia basada en los m\u00e1s altos est\u00e1ndares de profesionalismo, tratamientos efectivos y apoyo al paciente.<\/p>\n<\/div>\n<div class=\"wp-container-2 wp-block-column\">\n<div class=\"wp-block-image wp-image-1488\">\n<p>Nuestros fisioterapeutas expertos cuentan con m\u00e1s de 40 a\u00f1os de experiencia combinada brindando un servicio excepcional a pacientes en centros ambulatorios, grandes hospitales urbanos de investigaci\u00f3n, centros de enfermer\u00eda especializada, unidades de cuidados intensivos y agudos, y a domicilio. Recibir\u00e1 atenci\u00f3n individualizada durante una sesi\u00f3n de evaluaci\u00f3n individual con un fisioterapeuta. Desarrollamos un programa de tratamiento personalizado en el que usted participa activamente en el establecimiento de objetivos. Lo m\u00e1s importante es recuperar el movimiento, la fuerza, la salud y la funci\u00f3n sin dolor.<\/p>\n<p>Obtenga m\u00e1s informaci\u00f3n sobre los servicios de Encore por <a href=\"https:\/\/www.physicaltherapyoregon.com\/\" target=\"_blank\" rel=\"noopener\">HACIENDO CLIC AQU\u00cd<\/a><\/p>\n<\/div>\n<\/div>\t\t\t\t\t\t\t\t<\/div>\n\t\t\t\t\t<\/div>\n\t\t<\/div>\n\t\t\t\t<div class=\"elementor-column elementor-col-50 elementor-inner-column elementor-element elementor-element-1ce375d\" data-id=\"1ce375d\" data-element_type=\"column\">\n\t\t\t<div class=\"elementor-widget-wrap elementor-element-populated\">\n\t\t\t\t\t\t<div class=\"elementor-element elementor-element-172243e elementor-widget elementor-widget-image\" data-id=\"172243e\" data-element_type=\"widget\" data-widget_type=\"image.default\">\n\t\t\t\t\t\t\t\t\t\t\t\t\t\t\t\t<a href=\"https:\/\/www.physicaltherapyoregon.com\/\" target=\"_blank\">\n\t\t\t\t\t\t\t<img loading=\"lazy\" decoding=\"async\" width=\"800\" height=\"274\" src=\"https:\/\/spectrespast.com\/wp-content\/uploads\/2022\/05\/Encore_Logo_lt.png\" class=\"attachment-large size-large wp-image-4027\" alt=\"\" srcset=\"https:\/\/spectrespast.com\/wp-content\/uploads\/2022\/05\/Encore_Logo_lt.png 800w, https:\/\/spectrespast.com\/wp-content\/uploads\/2022\/05\/Encore_Logo_lt-300x103.png 300w, https:\/\/spectrespast.com\/wp-content\/uploads\/2022\/05\/Encore_Logo_lt-768x263.png 768w, https:\/\/spectrespast.com\/wp-content\/uploads\/2022\/05\/Encore_Logo_lt-18x6.png 18w\" sizes=\"(max-width: 800px) 100vw, 800px\" \/>\t\t\t\t\t\t\t\t<\/a>\n\t\t\t\t\t\t\t\t\t\t\t\t\t\t\t<\/div>\n\t\t\t\t\t<\/div>\n\t\t<\/div>\n\t\t\t\t\t<\/div>\n\t\t<\/section>\n\t\t\t\t<div class=\"elementor-element elementor-element-96f5cdb elementor-widget-divider--view-line elementor-widget elementor-widget-divider\" data-id=\"96f5cdb\" data-element_type=\"widget\" data-widget_type=\"divider.default\">\n\t\t\t\t\t\t\t<div class=\"elementor-divider\">\n\t\t\t<span class=\"elementor-divider-separator\">\n\t\t\t\t\t\t<\/span>\n\t\t<\/div>\n\t\t\t\t\t\t<\/div>\n\t\t\t\t<section class=\"elementor-section elementor-inner-section elementor-element elementor-element-271b17a elementor-section-boxed elementor-section-height-default elementor-section-height-default\" data-id=\"271b17a\" data-element_type=\"section\">\n\t\t\t\t\t\t<div class=\"elementor-container elementor-column-gap-default\">\n\t\t\t\t\t<div class=\"elementor-column elementor-col-50 elementor-inner-column elementor-element elementor-element-5ea4390\" data-id=\"5ea4390\" data-element_type=\"column\">\n\t\t\t<div class=\"elementor-widget-wrap elementor-element-populated\">\n\t\t\t\t\t\t<div class=\"elementor-element elementor-element-cd5e416 elementor-widget elementor-widget-image\" data-id=\"cd5e416\" data-element_type=\"widget\" data-widget_type=\"image.default\">\n\t\t\t\t\t\t\t\t\t\t\t\t\t\t\t\t<a href=\"https:\/\/remarkablearts.biz\" target=\"_blank\">\n\t\t\t\t\t\t\t<img loading=\"lazy\" decoding=\"async\" width=\"320\" height=\"132\" src=\"https:\/\/spectrespast.com\/wp-content\/uploads\/2022\/05\/RA-logo2-black-logoname.png\" class=\"attachment-large size-large wp-image-4028\" alt=\"\" srcset=\"https:\/\/spectrespast.com\/wp-content\/uploads\/2022\/05\/RA-logo2-black-logoname.png 320w, https:\/\/spectrespast.com\/wp-content\/uploads\/2022\/05\/RA-logo2-black-logoname-300x124.png 300w, https:\/\/spectrespast.com\/wp-content\/uploads\/2022\/05\/RA-logo2-black-logoname-18x7.png 18w\" sizes=\"(max-width: 320px) 100vw, 320px\" \/>\t\t\t\t\t\t\t\t<\/a>\n\t\t\t\t\t\t\t\t\t\t\t\t\t\t\t<\/div>\n\t\t\t\t\t<\/div>\n\t\t<\/div>\n\t\t\t\t<div class=\"elementor-column elementor-col-50 elementor-inner-column elementor-element elementor-element-794e89d\" data-id=\"794e89d\" data-element_type=\"column\">\n\t\t\t<div class=\"elementor-widget-wrap elementor-element-populated\">\n\t\t\t\t\t\t<div class=\"elementor-element elementor-element-9208024 elementor-widget elementor-widget-heading\" data-id=\"9208024\" data-element_type=\"widget\" data-widget_type=\"heading.default\">\n\t\t\t\t\t<h2 class=\"elementor-heading-title elementor-size-default\">RemarkableArts, LLC<\/h2>\t\t\t\t<\/div>\n\t\t\t\t<div class=\"elementor-element elementor-element-5809916 elementor-widget elementor-widget-text-editor\" data-id=\"5809916\" data-element_type=\"widget\" data-widget_type=\"text-editor.default\">\n\t\t\t\t\t\t\t\t\t<p>Haciendo realidad los sue\u00f1os: para nuestros clientes y para nosotros mismos.\u00a0<\/p>\n<p>Visita nuestro sitio web por <a href=\"https:\/\/remarkablearts.biz\" target=\"_blank\" rel=\"noopener\">HACIENDO CLIC AQU\u00cd<\/a><\/p>\t\t\t\t\t\t\t\t<\/div>\n\t\t\t\t\t<\/div>\n\t\t<\/div>\n\t\t\t\t\t<\/div>\n\t\t<\/section>\n\t\t\t\t<section class=\"elementor-section elementor-inner-section elementor-element elementor-element-4f499ea elementor-section-boxed elementor-section-height-default elementor-section-height-default\" data-id=\"4f499ea\" data-element_type=\"section\">\n\t\t\t\t\t\t<div class=\"elementor-container elementor-column-gap-default\">\n\t\t\t\t\t<div class=\"elementor-column elementor-col-50 elementor-inner-column elementor-element elementor-element-589ddf7\" data-id=\"589ddf7\" data-element_type=\"column\">\n\t\t\t<div class=\"elementor-widget-wrap elementor-element-populated\">\n\t\t\t\t\t\t<div class=\"elementor-element elementor-element-6fa58af elementor-widget elementor-widget-image\" data-id=\"6fa58af\" data-element_type=\"widget\" data-widget_type=\"image.default\">\n\t\t\t\t\t\t\t\t\t\t\t\t\t\t\t\t<a href=\"https:\/\/conundrum.house\" target=\"_blank\">\n\t\t\t\t\t\t\t<img loading=\"lazy\" decoding=\"async\" width=\"213\" height=\"300\" src=\"https:\/\/spectrespast.com\/wp-content\/uploads\/2022\/05\/Come-Play-Logo-White-PRIDA-1-213x300.png\" class=\"attachment-medium size-medium wp-image-4029\" alt=\"\" srcset=\"https:\/\/spectrespast.com\/wp-content\/uploads\/2022\/05\/Come-Play-Logo-White-PRIDA-1-213x300.png 213w, https:\/\/spectrespast.com\/wp-content\/uploads\/2022\/05\/Come-Play-Logo-White-PRIDA-1-727x1024.png 727w, https:\/\/spectrespast.com\/wp-content\/uploads\/2022\/05\/Come-Play-Logo-White-PRIDA-1-768x1082.png 768w, https:\/\/spectrespast.com\/wp-content\/uploads\/2022\/05\/Come-Play-Logo-White-PRIDA-1-1090x1536.png 1090w, https:\/\/spectrespast.com\/wp-content\/uploads\/2022\/05\/Come-Play-Logo-White-PRIDA-1-1454x2048.png 1454w, https:\/\/spectrespast.com\/wp-content\/uploads\/2022\/05\/Come-Play-Logo-White-PRIDA-1-9x12.png 9w, https:\/\/spectrespast.com\/wp-content\/uploads\/2022\/05\/Come-Play-Logo-White-PRIDA-1.png 1800w\" sizes=\"(max-width: 213px) 100vw, 213px\" \/>\t\t\t\t\t\t\t\t<\/a>\n\t\t\t\t\t\t\t\t\t\t\t\t\t\t\t<\/div>\n\t\t\t\t\t<\/div>\n\t\t<\/div>\n\t\t\t\t<div class=\"elementor-column elementor-col-50 elementor-inner-column elementor-element elementor-element-450100e\" data-id=\"450100e\" data-element_type=\"column\">\n\t\t\t<div class=\"elementor-widget-wrap elementor-element-populated\">\n\t\t\t\t\t\t<div class=\"elementor-element elementor-element-638aa49 elementor-widget elementor-widget-heading\" data-id=\"638aa49\" data-element_type=\"widget\" data-widget_type=\"heading.default\">\n\t\t\t\t\t<h2 class=\"elementor-heading-title elementor-size-default\">Casa del enigma<\/h2>\t\t\t\t<\/div>\n\t\t\t\t<div class=\"elementor-element elementor-element-09195c5 elementor-widget elementor-widget-text-editor\" data-id=\"09195c5\" data-element_type=\"widget\" data-widget_type=\"text-editor.default\">\n\t\t\t\t\t\t\t\t\t<p>\u00a1Llevamos el JUEGO a todos los aspectos de la vida!<\/p>\n<p>Visita nuestro sitio web por <a href=\"https:\/\/conundrum.house\" target=\"_blank\" rel=\"noopener\">HACIENDO CLIC AQU\u00cd<\/a><\/p>\t\t\t\t\t\t\t\t<\/div>\n\t\t\t\t\t<\/div>\n\t\t<\/div>\n\t\t\t\t\t<\/div>\n\t\t<\/section>\n\t\t\t\t\t<\/div>\n\t\t<\/div>\n\t\t\t\t\t<\/div>\n\t\t<\/section>\n\t\t\t\t<\/div>","protected":false},"excerpt":{"rendered":"<p>Estamos eternamente agradecidos con nuestros patrocinadores, cuyo apoyo permiti\u00f3 realizar este proyecto. Comisi\u00f3n de Recursos Hist\u00f3ricos. La Comisi\u00f3n de Recursos Hist\u00f3ricos est\u00e1 compuesta por siete miembros voluntarios de la comunidad del condado de Benton. La comisi\u00f3n, establecida por el estado, se cre\u00f3 para implementar un programa de preservaci\u00f3n hist\u00f3rica a nivel de condado (ORS 358.622). Inf\u00f3rmese sobre la BCHRC haciendo clic... <a title=\"Patrocinadores 2022\" class=\"read-more\" href=\"https:\/\/spectrespast.com\/es\/2022-sponsors\/\" aria-label=\"Leer m\u00e1s sobre Patrocinadores 2022\">Leer m\u00e1s<\/a><\/p>","protected":false},"author":2,"featured_media":0,"parent":0,"menu_order":0,"comment_status":"closed","ping_status":"closed","template":"","meta":{"footnotes":""},"folder":[],"class_list":["post-4017","page","type-page","status-publish"],"_links":{"self":[{"href":"https:\/\/spectrespast.com\/es\/wp-json\/wp\/v2\/pages\/4017","targetHints":{"allow":["GET"]}}],"collection":[{"href":"https:\/\/spectrespast.com\/es\/wp-json\/wp\/v2\/pages"}],"about":[{"href":"https:\/\/spectrespast.com\/es\/wp-json\/wp\/v2\/types\/page"}],"author":[{"embeddable":true,"href":"https:\/\/spectrespast.com\/es\/wp-json\/wp\/v2\/users\/2"}],"replies":[{"embeddable":true,"href":"https:\/\/spectrespast.com\/es\/wp-json\/wp\/v2\/comments?post=4017"}],"version-history":[{"count":19,"href":"https:\/\/spectrespast.com\/es\/wp-json\/wp\/v2\/pages\/4017\/revisions"}],"predecessor-version":[{"id":4044,"href":"https:\/\/spectrespast.com\/es\/wp-json\/wp\/v2\/pages\/4017\/revisions\/4044"}],"wp:attachment":[{"href":"https:\/\/spectrespast.com\/es\/wp-json\/wp\/v2\/media?parent=4017"}],"wp:term":[{"taxonomy":"folder","embeddable":true,"href":"https:\/\/spectrespast.com\/es\/wp-json\/wp\/v2\/folder?post=4017"}],"curies":[{"name":"wp","href":"https:\/\/api.w.org\/{rel}","templated":true}]}}