{"id":4077,"date":"2022-05-25T18:45:30","date_gmt":"2022-05-26T01:45:30","guid":{"rendered":"http:\/\/spectrespast.com\/?page_id=4077"},"modified":"2022-05-26T15:39:06","modified_gmt":"2022-05-26T22:39:06","slug":"puzzel-49009","status":"publish","type":"page","link":"https:\/\/spectrespast.com\/es\/season2-game-overview\/s2-episode-3-no-place-for-white-folk\/puzzel-49009\/","title":{"rendered":"T2 \u2013 Episodio 3 \u2013 Desaf\u00edo 2"},"content":{"rendered":"<div data-elementor-type=\"wp-page\" data-elementor-id=\"4077\" class=\"elementor elementor-4077\" data-elementor-post-type=\"page\">\n\t\t\t\t\t\t<section class=\"elementor-section elementor-top-section elementor-element elementor-element-45e08ad elementor-section-boxed elementor-section-height-default elementor-section-height-default\" data-id=\"45e08ad\" data-element_type=\"section\">\n\t\t\t\t\t\t<div class=\"elementor-container elementor-column-gap-default\">\n\t\t\t\t\t<div class=\"elementor-column elementor-col-100 elementor-top-column elementor-element elementor-element-8407a11\" data-id=\"8407a11\" data-element_type=\"column\">\n\t\t\t<div class=\"elementor-widget-wrap elementor-element-populated\">\n\t\t\t\t\t\t<div class=\"elementor-element elementor-element-3faac9f dc-has-condition dc-condition-greater elementor-nav-menu--dropdown-tablet elementor-nav-menu__text-align-aside elementor-nav-menu--toggle elementor-nav-menu--burger elementor-widget elementor-widget-global elementor-global-2208 elementor-widget-nav-menu\" data-id=\"3faac9f\" data-element_type=\"widget\" data-settings=\"{&quot;layout&quot;:&quot;horizontal&quot;,&quot;submenu_icon&quot;:{&quot;value&quot;:&quot;fas fa-caret-down&quot;,&quot;library&quot;:&quot;fa-solid&quot;},&quot;toggle&quot;:&quot;burger&quot;}\" data-widget_type=\"nav-menu.default\">\n\t\t\t\t\t\t\t\t<nav aria-label=\"Men\u00fa\" class=\"elementor-nav-menu--main elementor-nav-menu__container elementor-nav-menu--layout-horizontal e--pointer-underline e--animation-fade\">\n\t\t\t\t<ul id=\"menu-1-3faac9f\" class=\"elementor-nav-menu\"><li class=\"menu-item menu-item-type-post_type menu-item-object-page menu-item-5247\"><a href=\"https:\/\/spectrespast.com\/es\/game-landing-page\/\" class=\"elementor-item\">Juego de la temporada 1<\/a><\/li>\n<li class=\"menu-item menu-item-type-post_type menu-item-object-page menu-item-5321\"><a href=\"https:\/\/spectrespast.com\/es\/season2-game-overview\/\" class=\"elementor-item\">Juego de la temporada 2<\/a><\/li>\n<li class=\"menu-item menu-item-type-post_type menu-item-object-page menu-item-5398\"><a href=\"https:\/\/spectrespast.com\/es\/season-3-game-overview\/\" class=\"elementor-item\">Juego de la temporada 3<\/a><\/li>\n<li class=\"menu-item menu-item-type-post_type menu-item-object-page menu-item-5484\"><a href=\"https:\/\/spectrespast.com\/es\/2022-sponsors\/\" class=\"elementor-item\">Patrocinadores 2022<\/a><\/li>\n<\/ul>\t\t\t<\/nav>\n\t\t\t\t\t<div class=\"elementor-menu-toggle\" role=\"button\" tabindex=\"0\" aria-label=\"Alternar men\u00fa\" aria-expanded=\"false\">\n\t\t\t<svg aria-hidden=\"true\" role=\"presentation\" class=\"elementor-menu-toggle__icon--open e-font-icon-svg e-eicon-menu-bar\" viewbox=\"0 0 1000 1000\" xmlns=\"http:\/\/www.w3.org\/2000\/svg\"><path d=\"M104 333H896C929 333 958 304 958 271S929 208 896 208H104C71 208 42 237 42 271S71 333 104 333ZM104 583H896C929 583 958 554 958 521S929 458 896 458H104C71 458 42 487 42 521S71 583 104 583ZM104 833H896C929 833 958 804 958 771S929 708 896 708H104C71 708 42 737 42 771S71 833 104 833Z\"><\/path><\/svg><svg aria-hidden=\"true\" role=\"presentation\" class=\"elementor-menu-toggle__icon--close e-font-icon-svg e-eicon-close\" viewbox=\"0 0 1000 1000\" xmlns=\"http:\/\/www.w3.org\/2000\/svg\"><path d=\"M742 167L500 408 258 167C246 154 233 150 217 150 196 150 179 158 167 167 154 179 150 196 150 212 150 229 154 242 171 254L408 500 167 742C138 771 138 800 167 829 196 858 225 858 254 829L496 587 738 829C750 842 767 846 783 846 800 846 817 842 829 829 842 817 846 804 846 783 846 767 842 750 829 737L588 500 833 258C863 229 863 200 833 171 804 137 775 137 742 167Z\"><\/path><\/svg>\t\t<\/div>\n\t\t\t\t\t<nav class=\"elementor-nav-menu--dropdown elementor-nav-menu__container\" aria-hidden=\"true\">\n\t\t\t\t<ul id=\"menu-2-3faac9f\" class=\"elementor-nav-menu\"><li class=\"menu-item menu-item-type-post_type menu-item-object-page menu-item-5247\"><a href=\"https:\/\/spectrespast.com\/es\/game-landing-page\/\" class=\"elementor-item\" tabindex=\"-1\">Juego de la temporada 1<\/a><\/li>\n<li class=\"menu-item menu-item-type-post_type menu-item-object-page menu-item-5321\"><a href=\"https:\/\/spectrespast.com\/es\/season2-game-overview\/\" class=\"elementor-item\" tabindex=\"-1\">Juego de la temporada 2<\/a><\/li>\n<li class=\"menu-item menu-item-type-post_type menu-item-object-page menu-item-5398\"><a href=\"https:\/\/spectrespast.com\/es\/season-3-game-overview\/\" class=\"elementor-item\" tabindex=\"-1\">Juego de la temporada 3<\/a><\/li>\n<li class=\"menu-item menu-item-type-post_type menu-item-object-page menu-item-5484\"><a href=\"https:\/\/spectrespast.com\/es\/2022-sponsors\/\" class=\"elementor-item\" tabindex=\"-1\">Patrocinadores 2022<\/a><\/li>\n<\/ul>\t\t\t<\/nav>\n\t\t\t\t\t\t<\/div>\n\t\t\t\t\t<\/div>\n\t\t<\/div>\n\t\t\t\t\t<\/div>\n\t\t<\/section>\n\t\t\t\t<section class=\"elementor-section elementor-top-section elementor-element elementor-element-01e7d0f elementor-section-boxed elementor-section-height-default elementor-section-height-default\" data-id=\"01e7d0f\" data-element_type=\"section\">\n\t\t\t\t\t\t<div class=\"elementor-container elementor-column-gap-default\">\n\t\t\t\t\t<div class=\"elementor-column elementor-col-100 elementor-top-column elementor-element elementor-element-762b339\" data-id=\"762b339\" data-element_type=\"column\">\n\t\t\t<div class=\"elementor-widget-wrap elementor-element-populated\">\n\t\t\t\t\t\t<div class=\"elementor-element elementor-element-25bff4a elementor-widget elementor-widget-heading\" data-id=\"25bff4a\" data-element_type=\"widget\" data-widget_type=\"heading.default\">\n\t\t\t\t\t<h2 class=\"elementor-heading-title elementor-size-default\">No hay lugar para esclavos<\/h2>\t\t\t\t<\/div>\n\t\t\t\t<div class=\"elementor-element elementor-element-971f37d elementor-widget elementor-widget-text-editor\" data-id=\"971f37d\" data-element_type=\"widget\" data-widget_type=\"text-editor.default\">\n\t\t\t\t\t\t\t\t\t<p>El lugar donde descansan los restos mortales de James y Reuben, en un solo cementerio que acoge tanto a personas negras como a personas blancas, no fue cedido por el Estado de Oreg\u00f3n, ni por la Ciudad de Philomath, ni siquiera por la Iglesia de los Hermanos Unidos. Las dos hect\u00e1reas que conformaban el Cementerio Mount Union fueron una donaci\u00f3n del exesclavo Reuben, donada a Philomath, con la condici\u00f3n de que tanto personas negras como blancas fueran enterradas all\u00ed.\u00a0<\/p><p>Pero esa no es toda la historia: a continuaci\u00f3n se presentan algunos extractos de un art\u00edculo de peri\u00f3dico de hace 60 a\u00f1os que completa algunos de los detalles.<\/p>\t\t\t\t\t\t\t\t<\/div>\n\t\t\t\t<div class=\"elementor-element elementor-element-7488b96 elementor-widget elementor-widget-image-gallery\" data-id=\"7488b96\" data-element_type=\"widget\" data-widget_type=\"image-gallery.default\">\n\t\t\t\t\t\t\t<div class=\"elementor-image-gallery\">\n\t\t\t<div id='gallery-1' class='gallery galleryid-4077 gallery-columns-4 gallery-size-thumbnail'><figure class='gallery-item'>\n\t\t\t<div class='gallery-icon landscape'>\n\t\t\t\t<a data-elementor-open-lightbox=\"yes\" data-elementor-lightbox-slideshow=\"7488b96\" data-elementor-lightbox-title=\"smokehouse\" data-e-action-hash=\"#elementor-action%3Aaction%3Dlightbox%26settings%3DeyJpZCI6NDEzNywidXJsIjoiaHR0cHM6XC9cL3NwZWN0cmVzcGFzdC5jb21cL3dwLWNvbnRlbnRcL3VwbG9hZHNcLzIwMjJcLzA1XC9zbW9rZWhvdXNlLnBuZyIsInNsaWRlc2hvdyI6Ijc0ODhiOTYifQ%3D%3D\" href='https:\/\/spectrespast.com\/wp-content\/uploads\/2022\/05\/smokehouse.png'><img decoding=\"async\" width=\"150\" height=\"150\" src=\"https:\/\/spectrespast.com\/wp-content\/uploads\/2022\/05\/smokehouse-150x150.png\" class=\"attachment-thumbnail size-thumbnail\" alt=\"\" srcset=\"https:\/\/spectrespast.com\/wp-content\/uploads\/2022\/05\/smokehouse-150x150.png 150w, https:\/\/spectrespast.com\/wp-content\/uploads\/2022\/05\/smokehouse-13x12.png 13w\" sizes=\"(max-width: 150px) 100vw, 150px\" \/><\/a>\n\t\t\t<\/div><\/figure><figure class='gallery-item'>\n\t\t\t<div class='gallery-icon landscape'>\n\t\t\t\t<a data-elementor-open-lightbox=\"yes\" data-elementor-lightbox-slideshow=\"7488b96\" data-elementor-lightbox-title=\"robbinandpolly\" data-e-action-hash=\"#elementor-action%3Aaction%3Dlightbox%26settings%3DeyJpZCI6NDEzNiwidXJsIjoiaHR0cHM6XC9cL3NwZWN0cmVzcGFzdC5jb21cL3dwLWNvbnRlbnRcL3VwbG9hZHNcLzIwMjJcLzA1XC9yb2JiaW5hbmRwb2xseS5wbmciLCJzbGlkZXNob3ciOiI3NDg4Yjk2In0%3D\" href='https:\/\/spectrespast.com\/wp-content\/uploads\/2022\/05\/robbinandpolly.png'><img decoding=\"async\" width=\"150\" height=\"150\" src=\"https:\/\/spectrespast.com\/wp-content\/uploads\/2022\/05\/robbinandpolly-150x150.png\" class=\"attachment-thumbnail size-thumbnail\" alt=\"\" \/><\/a>\n\t\t\t<\/div><\/figure><figure class='gallery-item'>\n\t\t\t<div class='gallery-icon landscape'>\n\t\t\t\t<a data-elementor-open-lightbox=\"yes\" data-elementor-lightbox-slideshow=\"7488b96\" data-elementor-lightbox-title=\"property\" data-e-action-hash=\"#elementor-action%3Aaction%3Dlightbox%26settings%3DeyJpZCI6NDEzNSwidXJsIjoiaHR0cHM6XC9cL3NwZWN0cmVzcGFzdC5jb21cL3dwLWNvbnRlbnRcL3VwbG9hZHNcLzIwMjJcLzA1XC9wcm9wZXJ0eS5wbmciLCJzbGlkZXNob3ciOiI3NDg4Yjk2In0%3D\" href='https:\/\/spectrespast.com\/wp-content\/uploads\/2022\/05\/property.png'><img decoding=\"async\" width=\"150\" height=\"150\" src=\"https:\/\/spectrespast.com\/wp-content\/uploads\/2022\/05\/property-150x150.png\" class=\"attachment-thumbnail size-thumbnail\" alt=\"\" \/><\/a>\n\t\t\t<\/div><\/figure><figure class='gallery-item'>\n\t\t\t<div class='gallery-icon landscape'>\n\t\t\t\t<a data-elementor-open-lightbox=\"yes\" data-elementor-lightbox-slideshow=\"7488b96\" data-elementor-lightbox-title=\"plymouth\" data-e-action-hash=\"#elementor-action%3Aaction%3Dlightbox%26settings%3DeyJpZCI6NDEzNCwidXJsIjoiaHR0cHM6XC9cL3NwZWN0cmVzcGFzdC5jb21cL3dwLWNvbnRlbnRcL3VwbG9hZHNcLzIwMjJcLzA1XC9wbHltb3V0aC5wbmciLCJzbGlkZXNob3ciOiI3NDg4Yjk2In0%3D\" href='https:\/\/spectrespast.com\/wp-content\/uploads\/2022\/05\/plymouth.png'><img loading=\"lazy\" decoding=\"async\" width=\"150\" height=\"150\" src=\"https:\/\/spectrespast.com\/wp-content\/uploads\/2022\/05\/plymouth-150x150.png\" class=\"attachment-thumbnail size-thumbnail\" alt=\"\" \/><\/a>\n\t\t\t<\/div><\/figure><figure class='gallery-item'>\n\t\t\t<div class='gallery-icon portrait'>\n\t\t\t\t<a data-elementor-open-lightbox=\"yes\" data-elementor-lightbox-slideshow=\"7488b96\" data-elementor-lightbox-title=\"pillarofstrength\" data-e-action-hash=\"#elementor-action%3Aaction%3Dlightbox%26settings%3DeyJpZCI6NDEzMywidXJsIjoiaHR0cHM6XC9cL3NwZWN0cmVzcGFzdC5jb21cL3dwLWNvbnRlbnRcL3VwbG9hZHNcLzIwMjJcLzA1XC9waWxsYXJvZnN0cmVuZ3RoLnBuZyIsInNsaWRlc2hvdyI6Ijc0ODhiOTYifQ%3D%3D\" href='https:\/\/spectrespast.com\/wp-content\/uploads\/2022\/05\/pillarofstrength.png'><img loading=\"lazy\" decoding=\"async\" width=\"150\" height=\"150\" src=\"https:\/\/spectrespast.com\/wp-content\/uploads\/2022\/05\/pillarofstrength-150x150.png\" class=\"attachment-thumbnail size-thumbnail\" alt=\"\" \/><\/a>\n\t\t\t<\/div><\/figure><figure class='gallery-item'>\n\t\t\t<div class='gallery-icon landscape'>\n\t\t\t\t<a data-elementor-open-lightbox=\"yes\" data-elementor-lightbox-slideshow=\"7488b96\" data-elementor-lightbox-title=\"nethel-typhoid\" data-e-action-hash=\"#elementor-action%3Aaction%3Dlightbox%26settings%3DeyJpZCI6NDEzMiwidXJsIjoiaHR0cHM6XC9cL3NwZWN0cmVzcGFzdC5jb21cL3dwLWNvbnRlbnRcL3VwbG9hZHNcLzIwMjJcLzA1XC9uZXRoZWwtdHlwaG9pZC5wbmciLCJzbGlkZXNob3ciOiI3NDg4Yjk2In0%3D\" href='https:\/\/spectrespast.com\/wp-content\/uploads\/2022\/05\/nethel-typhoid.png'><img loading=\"lazy\" decoding=\"async\" width=\"150\" height=\"150\" src=\"https:\/\/spectrespast.com\/wp-content\/uploads\/2022\/05\/nethel-typhoid-150x150.png\" class=\"attachment-thumbnail size-thumbnail\" alt=\"\" \/><\/a>\n\t\t\t<\/div><\/figure><figure class='gallery-item'>\n\t\t\t<div class='gallery-icon landscape'>\n\t\t\t\t<a data-elementor-open-lightbox=\"yes\" data-elementor-lightbox-slideshow=\"7488b96\" data-elementor-lightbox-title=\"landclaim\" data-e-action-hash=\"#elementor-action%3Aaction%3Dlightbox%26settings%3DeyJpZCI6NDEzMSwidXJsIjoiaHR0cHM6XC9cL3NwZWN0cmVzcGFzdC5jb21cL3dwLWNvbnRlbnRcL3VwbG9hZHNcLzIwMjJcLzA1XC9sYW5kY2xhaW0ucG5nIiwic2xpZGVzaG93IjoiNzQ4OGI5NiJ9\" href='https:\/\/spectrespast.com\/wp-content\/uploads\/2022\/05\/landclaim.png'><img loading=\"lazy\" decoding=\"async\" width=\"150\" height=\"150\" src=\"https:\/\/spectrespast.com\/wp-content\/uploads\/2022\/05\/landclaim-150x150.png\" class=\"attachment-thumbnail size-thumbnail\" alt=\"\" \/><\/a>\n\t\t\t<\/div><\/figure><figure class='gallery-item'>\n\t\t\t<div class='gallery-icon landscape'>\n\t\t\t\t<a data-elementor-open-lightbox=\"yes\" data-elementor-lightbox-slideshow=\"7488b96\" data-elementor-lightbox-title=\"habaescorpus\" data-e-action-hash=\"#elementor-action%3Aaction%3Dlightbox%26settings%3DeyJpZCI6NDEzMCwidXJsIjoiaHR0cHM6XC9cL3NwZWN0cmVzcGFzdC5jb21cL3dwLWNvbnRlbnRcL3VwbG9hZHNcLzIwMjJcLzA1XC9oYWJhZXNjb3JwdXMucG5nIiwic2xpZGVzaG93IjoiNzQ4OGI5NiJ9\" href='https:\/\/spectrespast.com\/wp-content\/uploads\/2022\/05\/habaescorpus.png'><img loading=\"lazy\" decoding=\"async\" width=\"150\" height=\"150\" src=\"https:\/\/spectrespast.com\/wp-content\/uploads\/2022\/05\/habaescorpus-150x150.png\" class=\"attachment-thumbnail size-thumbnail\" alt=\"\" srcset=\"https:\/\/spectrespast.com\/wp-content\/uploads\/2022\/05\/habaescorpus-150x150.png 150w, https:\/\/spectrespast.com\/wp-content\/uploads\/2022\/05\/habaescorpus-12x12.png 12w\" sizes=\"(max-width: 150px) 100vw, 150px\" \/><\/a>\n\t\t\t<\/div><\/figure><figure class='gallery-item'>\n\t\t\t<div class='gallery-icon landscape'>\n\t\t\t\t<a data-elementor-open-lightbox=\"yes\" data-elementor-lightbox-slideshow=\"7488b96\" data-elementor-lightbox-title=\"emigrant\" data-e-action-hash=\"#elementor-action%3Aaction%3Dlightbox%26settings%3DeyJpZCI6NDEyOSwidXJsIjoiaHR0cHM6XC9cL3NwZWN0cmVzcGFzdC5jb21cL3dwLWNvbnRlbnRcL3VwbG9hZHNcLzIwMjJcLzA1XC9lbWlncmFudC5wbmciLCJzbGlkZXNob3ciOiI3NDg4Yjk2In0%3D\" href='https:\/\/spectrespast.com\/wp-content\/uploads\/2022\/05\/emigrant.png'><img loading=\"lazy\" decoding=\"async\" width=\"150\" height=\"150\" src=\"https:\/\/spectrespast.com\/wp-content\/uploads\/2022\/05\/emigrant-150x150.png\" class=\"attachment-thumbnail size-thumbnail\" alt=\"\" \/><\/a>\n\t\t\t<\/div><\/figure><figure class='gallery-item'>\n\t\t\t<div class='gallery-icon portrait'>\n\t\t\t\t<a data-elementor-open-lightbox=\"yes\" data-elementor-lightbox-slideshow=\"7488b96\" data-elementor-lightbox-title=\"dredscott\" data-e-action-hash=\"#elementor-action%3Aaction%3Dlightbox%26settings%3DeyJpZCI6NDEyOCwidXJsIjoiaHR0cHM6XC9cL3NwZWN0cmVzcGFzdC5jb21cL3dwLWNvbnRlbnRcL3VwbG9hZHNcLzIwMjJcLzA1XC9kcmVkc2NvdHQucG5nIiwic2xpZGVzaG93IjoiNzQ4OGI5NiJ9\" href='https:\/\/spectrespast.com\/wp-content\/uploads\/2022\/05\/dredscott.png'><img loading=\"lazy\" decoding=\"async\" width=\"150\" height=\"150\" src=\"https:\/\/spectrespast.com\/wp-content\/uploads\/2022\/05\/dredscott-150x150.png\" class=\"attachment-thumbnail size-thumbnail\" alt=\"\" srcset=\"https:\/\/spectrespast.com\/wp-content\/uploads\/2022\/05\/dredscott-150x150.png 150w, https:\/\/spectrespast.com\/wp-content\/uploads\/2022\/05\/dredscott-11x12.png 11w\" sizes=\"(max-width: 150px) 100vw, 150px\" \/><\/a>\n\t\t\t<\/div><\/figure><figure class='gallery-item'>\n\t\t\t<div class='gallery-icon landscape'>\n\t\t\t\t<a data-elementor-open-lightbox=\"yes\" data-elementor-lightbox-slideshow=\"7488b96\" data-elementor-lightbox-title=\"cemetery\" data-e-action-hash=\"#elementor-action%3Aaction%3Dlightbox%26settings%3DeyJpZCI6NDEyNywidXJsIjoiaHR0cHM6XC9cL3NwZWN0cmVzcGFzdC5jb21cL3dwLWNvbnRlbnRcL3VwbG9hZHNcLzIwMjJcLzA1XC9jZW1ldGVyeS5wbmciLCJzbGlkZXNob3ciOiI3NDg4Yjk2In0%3D\" href='https:\/\/spectrespast.com\/wp-content\/uploads\/2022\/05\/cemetery.png'><img loading=\"lazy\" decoding=\"async\" width=\"150\" height=\"150\" src=\"https:\/\/spectrespast.com\/wp-content\/uploads\/2022\/05\/cemetery-150x150.png\" class=\"attachment-thumbnail size-thumbnail\" alt=\"\" srcset=\"https:\/\/spectrespast.com\/wp-content\/uploads\/2022\/05\/cemetery-150x150.png 150w, https:\/\/spectrespast.com\/wp-content\/uploads\/2022\/05\/cemetery-13x12.png 13w\" sizes=\"(max-width: 150px) 100vw, 150px\" \/><\/a>\n\t\t\t<\/div><\/figure><figure class='gallery-item'>\n\t\t\t<div class='gallery-icon landscape'>\n\t\t\t\t<a data-elementor-open-lightbox=\"yes\" data-elementor-lightbox-slideshow=\"7488b96\" data-elementor-lightbox-title=\"antislavery\" data-e-action-hash=\"#elementor-action%3Aaction%3Dlightbox%26settings%3DeyJpZCI6NDEyNiwidXJsIjoiaHR0cHM6XC9cL3NwZWN0cmVzcGFzdC5jb21cL3dwLWNvbnRlbnRcL3VwbG9hZHNcLzIwMjJcLzA1XC9hbnRpc2xhdmVyeS5wbmciLCJzbGlkZXNob3ciOiI3NDg4Yjk2In0%3D\" href='https:\/\/spectrespast.com\/wp-content\/uploads\/2022\/05\/antislavery.png'><img loading=\"lazy\" decoding=\"async\" width=\"150\" height=\"150\" src=\"https:\/\/spectrespast.com\/wp-content\/uploads\/2022\/05\/antislavery-150x150.png\" class=\"attachment-thumbnail size-thumbnail\" alt=\"\" \/><\/a>\n\t\t\t<\/div><\/figure><figure class='gallery-item'>\n\t\t\t<div class='gallery-icon landscape'>\n\t\t\t\t<a data-elementor-open-lightbox=\"yes\" data-elementor-lightbox-slideshow=\"7488b96\" data-elementor-lightbox-title=\"abolitionist\" data-e-action-hash=\"#elementor-action%3Aaction%3Dlightbox%26settings%3DeyJpZCI6NDEyNSwidXJsIjoiaHR0cHM6XC9cL3NwZWN0cmVzcGFzdC5jb21cL3dwLWNvbnRlbnRcL3VwbG9hZHNcLzIwMjJcLzA1XC9hYm9saXRpb25pc3QucG5nIiwic2xpZGVzaG93IjoiNzQ4OGI5NiJ9\" href='https:\/\/spectrespast.com\/wp-content\/uploads\/2022\/05\/abolitionist.png'><img loading=\"lazy\" decoding=\"async\" width=\"150\" height=\"150\" src=\"https:\/\/spectrespast.com\/wp-content\/uploads\/2022\/05\/abolitionist-150x150.png\" class=\"attachment-thumbnail size-thumbnail\" alt=\"\" \/><\/a>\n\t\t\t<\/div><\/figure>\n\t\t<\/div>\n\t\t<\/div>\n\t\t\t\t\t\t<\/div>\n\t\t\t\t<div class=\"elementor-element elementor-element-525b02e elementor-widget elementor-widget-html\" data-id=\"525b02e\" data-element_type=\"widget\" data-widget_type=\"html.default\">\n\t\t\t\t\t<div><iframe src='https:\/\/puzzel.org\/en\/acrostic\/embed?p=-N2uWW6PtepsxEsDD80T' width='100%' height='890' frameborder='0'><\/iframe><\/div>\t\t\t\t<\/div>\n\t\t\t\t<div class=\"elementor-element elementor-element-0560c3e elementor-align-right animated-slow elementor-invisible elementor-widget elementor-widget-button\" data-id=\"0560c3e\" data-element_type=\"widget\" data-settings=\"{&quot;_animation&quot;:&quot;fadeIn&quot;,&quot;_animation_delay&quot;:3000}\" data-widget_type=\"button.default\">\n\t\t\t\t\t\t\t\t\t\t<a class=\"elementor-button elementor-button-link elementor-size-md\" href=\"\/es\/puzzel-030252\/\" id=\"Skip-S2-3-2\">\n\t\t\t\t\t\t<span class=\"elementor-button-content-wrapper\">\n\t\t\t\t\t\t\t\t\t<span class=\"elementor-button-text\">Saltar a Finalizar<\/span>\n\t\t\t\t\t<\/span>\n\t\t\t\t\t<\/a>\n\t\t\t\t\t\t\t\t<\/div>\n\t\t\t\t<div class=\"elementor-element elementor-element-e6130f0 elementor-align-center elementor-widget elementor-widget-global elementor-global-2161 elementor-widget-button\" data-id=\"e6130f0\" data-element_type=\"widget\" data-widget_type=\"button.default\">\n\t\t\t\t\t\t\t\t\t\t<a class=\"elementor-button elementor-button-link elementor-size-xl\" href=\"http:\/\/spectrespast.com\/es\/finale\/\" target=\"_blank\">\n\t\t\t\t\t\t<span class=\"elementor-button-content-wrapper\">\n\t\t\t\t\t\t<span class=\"elementor-button-icon\">\n\t\t\t\t<svg aria-hidden=\"true\" class=\"e-font-icon-svg e-far-calendar-alt\" viewbox=\"0 0 448 512\" xmlns=\"http:\/\/www.w3.org\/2000\/svg\"><path d=\"M148 288h-40c-6.6 0-12-5.4-12-12v-40c0-6.6 5.4-12 12-12h40c6.6 0 12 5.4 12 12v40c0 6.6-5.4 12-12 12zm108-12v-40c0-6.6-5.4-12-12-12h-40c-6.6 0-12 5.4-12 12v40c0 6.6 5.4 12 12 12h40c6.6 0 12-5.4 12-12zm96 0v-40c0-6.6-5.4-12-12-12h-40c-6.6 0-12 5.4-12 12v40c0 6.6 5.4 12 12 12h40c6.6 0 12-5.4 12-12zm-96 96v-40c0-6.6-5.4-12-12-12h-40c-6.6 0-12 5.4-12 12v40c0 6.6 5.4 12 12 12h40c6.6 0 12-5.4 12-12zm-96 0v-40c0-6.6-5.4-12-12-12h-40c-6.6 0-12 5.4-12 12v40c0 6.6 5.4 12 12 12h40c6.6 0 12-5.4 12-12zm192 0v-40c0-6.6-5.4-12-12-12h-40c-6.6 0-12 5.4-12 12v40c0 6.6 5.4 12 12 12h40c6.6 0 12-5.4 12-12zm96-260v352c0 26.5-21.5 48-48 48H48c-26.5 0-48-21.5-48-48V112c0-26.5 21.5-48 48-48h48V12c0-6.6 5.4-12 12-12h40c6.6 0 12 5.4 12 12v52h128V12c0-6.6 5.4-12 12-12h40c6.6 0 12 5.4 12 12v52h48c26.5 0 48 21.5 48 48zm-48 346V160H48v298c0 3.3 2.7 6 6 6h340c3.3 0 6-2.7 6-6z\"><\/path><\/svg>\t\t\t<\/span>\n\t\t\t\t\t\t\t\t\t<span class=\"elementor-button-text\">RSVP para la Gran Final<\/span>\n\t\t\t\t\t<\/span>\n\t\t\t\t\t<\/a>\n\t\t\t\t\t\t\t\t<\/div>\n\t\t\t\t\t<\/div>\n\t\t<\/div>\n\t\t\t\t\t<\/div>\n\t\t<\/section>\n\t\t\t\t<\/div>","protected":false},"excerpt":{"rendered":"<p>No Place for Slaves The place where James&#8217; and Reuben mortal remains rest, in a single cemetery serving both negroes and whites, was made available not by the State of Oregon, nor the City of Philomath, nor even the United Brethren Church. The 2 acres that formed the Mount Union Cemetery was a donation of &#8230; <a title=\"S2 &#8211; Episode 3 &#8211; Challenge 2\" class=\"read-more\" href=\"https:\/\/spectrespast.com\/es\/season2-game-overview\/s2-episode-3-no-place-for-white-folk\/puzzel-49009\/\" aria-label=\"Leer m\u00e1s sobre S2 &#8211; Episode 3 &#8211; Challenge 2\">Leer m\u00e1s<\/a><\/p>","protected":false},"author":2,"featured_media":0,"parent":3463,"menu_order":4,"comment_status":"closed","ping_status":"closed","template":"","meta":{"footnotes":""},"folder":[92],"class_list":["post-4077","page","type-page","status-publish"],"_links":{"self":[{"href":"https:\/\/spectrespast.com\/es\/wp-json\/wp\/v2\/pages\/4077","targetHints":{"allow":["GET"]}}],"collection":[{"href":"https:\/\/spectrespast.com\/es\/wp-json\/wp\/v2\/pages"}],"about":[{"href":"https:\/\/spectrespast.com\/es\/wp-json\/wp\/v2\/types\/page"}],"author":[{"embeddable":true,"href":"https:\/\/spectrespast.com\/es\/wp-json\/wp\/v2\/users\/2"}],"replies":[{"embeddable":true,"href":"https:\/\/spectrespast.com\/es\/wp-json\/wp\/v2\/comments?post=4077"}],"version-history":[{"count":29,"href":"https:\/\/spectrespast.com\/es\/wp-json\/wp\/v2\/pages\/4077\/revisions"}],"predecessor-version":[{"id":4148,"href":"https:\/\/spectrespast.com\/es\/wp-json\/wp\/v2\/pages\/4077\/revisions\/4148"}],"up":[{"embeddable":true,"href":"https:\/\/spectrespast.com\/es\/wp-json\/wp\/v2\/pages\/3463"}],"wp:attachment":[{"href":"https:\/\/spectrespast.com\/es\/wp-json\/wp\/v2\/media?parent=4077"}],"wp:term":[{"taxonomy":"folder","embeddable":true,"href":"https:\/\/spectrespast.com\/es\/wp-json\/wp\/v2\/folder?post=4077"}],"curies":[{"name":"wp","href":"https:\/\/api.w.org\/{rel}","templated":true}]}}