{"id":4299,"date":"2023-05-06T09:53:43","date_gmt":"2023-05-06T16:53:43","guid":{"rendered":"https:\/\/spectrespast.com\/?page_id=4299"},"modified":"2025-05-29T13:05:41","modified_gmt":"2025-05-29T20:05:41","slug":"season-3-episode-1-1","status":"publish","type":"page","link":"https:\/\/spectrespast.com\/es\/season-3-game-overview\/s3-episode-1-gorman-house\/season-3-episode-1-1\/","title":{"rendered":"Temporada 3, Episodio 1.1 | La casa de los Gorman"},"content":{"rendered":"<div data-elementor-type=\"wp-page\" data-elementor-id=\"4299\" class=\"elementor elementor-4299\" data-elementor-post-type=\"page\">\n\t\t\t\t\t\t<section class=\"elementor-section elementor-top-section elementor-element elementor-element-68bbf796 elementor-section-boxed elementor-section-height-default elementor-section-height-default\" data-id=\"68bbf796\" data-element_type=\"section\">\n\t\t\t\t\t\t<div class=\"elementor-container elementor-column-gap-default\">\n\t\t\t\t\t<div class=\"elementor-column elementor-col-100 elementor-top-column elementor-element elementor-element-5c6c3081\" data-id=\"5c6c3081\" data-element_type=\"column\">\n\t\t\t<div class=\"elementor-widget-wrap elementor-element-populated\">\n\t\t\t\t\t\t<div class=\"elementor-element elementor-element-7b870f64 elementor-widget elementor-widget-text-editor\" data-id=\"7b870f64\" data-element_type=\"widget\" data-widget_type=\"text-editor.default\">\n\t\t\t\t\t\t\t\t\t\n<p class=\"has-base-3-background-color has-background\">Cuando llegas a la propiedad, a primera vista no resulta evidente d\u00f3nde viv\u00edan Hannah y su hija Eliza. El vecindario es tranquilo para ser una ciudad universitaria moderna. Caminas por el borde de la propiedad, manteni\u00e9ndote en la acera, y finalmente ves la casa.<\/p>\n\n\n\n<div><iframe src=\"https:\/\/puzzel.org\/en\/slidingpuzzle\/embed?p=-NUlc8y5dc6saZhgebjD\" width=\"100%\" height=\"550\" frameborder=\"0\"><\/iframe><\/div>\n\n\n\n<p>En 1866, ni los antiguos esclavos afroamericanos liberados ni las mujeres ten\u00edan permitido poseer propiedades en Oreg\u00f3n. Sin embargo, Hannah y Eliza lograron comprar varios lotes en la segunda ampliaci\u00f3n de Dixon. Compraron sus lotes en varias cuotas a lo largo del tiempo. Reordena las piezas del rompecabezas a continuaci\u00f3n para ver c\u00f3mo creci\u00f3 su propiedad con el tiempo.<\/p>\n\n\n\n<div><iframe src=\"https:\/\/puzzel.org\/en\/jigsaw\/embed?p=-NUmWtU7lwYJ-BpCYRMW\" width=\"100%\" height=\"950\" frameborder=\"0\"><\/iframe><\/div>\n\t\t\t\t\t\t\t\t<\/div>\n\t\t\t\t\t<\/div>\n\t\t<\/div>\n\t\t\t\t\t<\/div>\n\t\t<\/section>\n\t\t<div class=\"elementor-element elementor-element-c886c99 e-flex e-con-boxed e-con e-parent\" data-id=\"c886c99\" data-element_type=\"container\">\n\t\t\t\t\t<div class=\"e-con-inner\">\n\t\t\t\t<div class=\"elementor-element elementor-element-2fa87c3 elementor-button-warning elementor-align-center animated-slow elementor-invisible elementor-widget elementor-widget-button\" data-id=\"2fa87c3\" data-element_type=\"widget\" data-settings=\"{&quot;_animation&quot;:&quot;fadeIn&quot;,&quot;_animation_delay&quot;:30000}\" data-widget_type=\"button.default\">\n\t\t\t\t\t\t\t\t\t\t<a class=\"elementor-button elementor-button-link elementor-size-sm\" href=\"https:\/\/spectrespast.com\/es\/season-3-game-overview\/s3-episode-1-gorman-house\/season-3-episode-1-2-gorman-entrepreneurs\/\" id=\"skip_3_1_1\">\n\t\t\t\t\t\t<span class=\"elementor-button-content-wrapper\">\n\t\t\t\t\t\t\t\t\t<span class=\"elementor-button-text\">\u00bfTe das por vencido? Pasa a la siguiente pista.<\/span>\n\t\t\t\t\t<\/span>\n\t\t\t\t\t<\/a>\n\t\t\t\t\t\t\t\t<\/div>\n\t\t\t\t\t<\/div>\n\t\t\t\t<\/div>\n\t\t\t\t<\/div>","protected":false},"excerpt":{"rendered":"<p>When you arrived at the property it is not at first glance apparent where the house Hannah and her daughter Eliza lived. The neighborhood here is quiet for a modern college town. You walk around the edge of the property, keeping to the sidewalk, and finally you spot the house. Neither freed former African American &#8230; <a title=\"Temporada 3, Episodio 1.1 | La casa de los Gorman\" class=\"read-more\" href=\"https:\/\/spectrespast.com\/es\/season-3-game-overview\/s3-episode-1-gorman-house\/season-3-episode-1-1\/\" aria-label=\"Leer m\u00e1s sobre Season 3, Episode 1.1 | The Gorman House\">Leer m\u00e1s<\/a><\/p>","protected":false},"author":2,"featured_media":0,"parent":4291,"menu_order":0,"comment_status":"closed","ping_status":"closed","template":"","meta":{"footnotes":""},"folder":[108],"class_list":["post-4299","page","type-page","status-publish"],"_links":{"self":[{"href":"https:\/\/spectrespast.com\/es\/wp-json\/wp\/v2\/pages\/4299","targetHints":{"allow":["GET"]}}],"collection":[{"href":"https:\/\/spectrespast.com\/es\/wp-json\/wp\/v2\/pages"}],"about":[{"href":"https:\/\/spectrespast.com\/es\/wp-json\/wp\/v2\/types\/page"}],"author":[{"embeddable":true,"href":"https:\/\/spectrespast.com\/es\/wp-json\/wp\/v2\/users\/2"}],"replies":[{"embeddable":true,"href":"https:\/\/spectrespast.com\/es\/wp-json\/wp\/v2\/comments?post=4299"}],"version-history":[{"count":33,"href":"https:\/\/spectrespast.com\/es\/wp-json\/wp\/v2\/pages\/4299\/revisions"}],"predecessor-version":[{"id":5428,"href":"https:\/\/spectrespast.com\/es\/wp-json\/wp\/v2\/pages\/4299\/revisions\/5428"}],"up":[{"embeddable":true,"href":"https:\/\/spectrespast.com\/es\/wp-json\/wp\/v2\/pages\/4291"}],"wp:attachment":[{"href":"https:\/\/spectrespast.com\/es\/wp-json\/wp\/v2\/media?parent=4299"}],"wp:term":[{"taxonomy":"folder","embeddable":true,"href":"https:\/\/spectrespast.com\/es\/wp-json\/wp\/v2\/folder?post=4299"}],"curies":[{"name":"wp","href":"https:\/\/api.w.org\/{rel}","templated":true}]}}