{"id":4314,"date":"2023-05-06T10:01:20","date_gmt":"2023-05-06T17:01:20","guid":{"rendered":"https:\/\/spectrespast.com\/?page_id=4314"},"modified":"2023-05-17T13:25:26","modified_gmt":"2023-05-17T20:25:26","slug":"died","status":"publish","type":"page","link":"https:\/\/spectrespast.com\/es\/season-3-game-overview\/s3-episode-1-gorman-house\/season-3-episode-1-3-died\/died\/","title":{"rendered":"Temporada 3 \u2013 Episodio 1.31 | Transici\u00f3n."},"content":{"rendered":"<p>Ingresa la palabra clave para desbloquear el cuarto y \u00faltimo rompecabezas que te impulsar\u00e1 a trav\u00e9s del Velo para acompa\u00f1ar a Hannah y Eliza en su propia aventura...<\/p>\n\n\n\n<div><iframe src='https:\/\/puzzel.org\/en\/fill-in-the-gap\/embed?p=-NUnGw7YYKsjiBNiwpz5' width='100%' height='800' frameborder='0'><\/iframe><\/div>","protected":false},"excerpt":{"rendered":"<p>Ingresa la palabra clave para desbloquear el cuarto y \u00faltimo rompecabezas que te impulsar\u00e1 a trav\u00e9s del Velo para acompa\u00f1ar a Hannah y Eliza en su propia aventura...<\/p>","protected":false},"author":2,"featured_media":0,"parent":4374,"menu_order":0,"comment_status":"closed","ping_status":"closed","template":"","meta":{"footnotes":""},"folder":[108],"class_list":["post-4314","page","type-page","status-publish"],"_links":{"self":[{"href":"https:\/\/spectrespast.com\/es\/wp-json\/wp\/v2\/pages\/4314","targetHints":{"allow":["GET"]}}],"collection":[{"href":"https:\/\/spectrespast.com\/es\/wp-json\/wp\/v2\/pages"}],"about":[{"href":"https:\/\/spectrespast.com\/es\/wp-json\/wp\/v2\/types\/page"}],"author":[{"embeddable":true,"href":"https:\/\/spectrespast.com\/es\/wp-json\/wp\/v2\/users\/2"}],"replies":[{"embeddable":true,"href":"https:\/\/spectrespast.com\/es\/wp-json\/wp\/v2\/comments?post=4314"}],"version-history":[{"count":6,"href":"https:\/\/spectrespast.com\/es\/wp-json\/wp\/v2\/pages\/4314\/revisions"}],"predecessor-version":[{"id":4379,"href":"https:\/\/spectrespast.com\/es\/wp-json\/wp\/v2\/pages\/4314\/revisions\/4379"}],"up":[{"embeddable":true,"href":"https:\/\/spectrespast.com\/es\/wp-json\/wp\/v2\/pages\/4374"}],"wp:attachment":[{"href":"https:\/\/spectrespast.com\/es\/wp-json\/wp\/v2\/media?parent=4314"}],"wp:term":[{"taxonomy":"folder","embeddable":true,"href":"https:\/\/spectrespast.com\/es\/wp-json\/wp\/v2\/folder?post=4314"}],"curies":[{"name":"wp","href":"https:\/\/api.w.org\/{rel}","templated":true}]}}