{"id":4320,"date":"2023-05-06T13:41:05","date_gmt":"2023-05-06T20:41:05","guid":{"rendered":"https:\/\/spectrespast.com\/?page_id=4320"},"modified":"2025-05-24T17:13:45","modified_gmt":"2025-05-25T00:13:45","slug":"season-3-episode-1-2-gorman-entrepreneurs","status":"publish","type":"page","link":"https:\/\/spectrespast.com\/es\/season-3-game-overview\/s3-episode-1-gorman-house\/season-3-episode-1-2-gorman-entrepreneurs\/","title":{"rendered":"Temporada 3 \u2013 Episodio 1.2 Los empresarios de Gorman"},"content":{"rendered":"<p>Hannah y su hija Eliza fueron mujeres emprendedoras incre\u00edbles, incluso para los est\u00e1ndares actuales. Para el acr\u00f3stico a continuaci\u00f3n, le ofrecemos enlaces a m\u00faltiples recursos en la web para ayudarle con algunas de las respuestas. <\/p>\n\n\n\n<p>Cuando hayas resuelto correctamente el acr\u00f3stico, habr\u00e1 otra pista que te llevar\u00e1 a un nuevo recurso que se revelar\u00e1. <\/p>\n\n\n\n<div><iframe src='https:\/\/puzzel.org\/en\/acrostic\/embed?p=-NUl44X1Hr94NaGq6ei3' width='100%' height='870' frameborder='0'><\/iframe><\/div>\n\n\n\n<div class=\"wp-block-columns is-layout-flex wp-container-core-columns-is-layout-9d6595d7 wp-block-columns-is-layout-flex\">\n<div class=\"wp-block-column is-layout-flow wp-block-column-is-layout-flow\">\n<p>Introduzca la pista aqu\u00ed:<\/p>\n\n\n\n<div><iframe src='https:\/\/puzzel.org\/en\/fill-in-the-gap\/embed?p=-NUnGw7YYKsjiBNiwpz5' width='100%' height='600' frameborder='0'><\/iframe><\/div>\n\n\n\n<div class=\"wp-block-buttons is-content-justification-right is-layout-flex wp-container-core-buttons-is-layout-765c4724 wp-block-buttons-is-layout-flex\">\n<div class=\"wp-block-button is-style-fill show-after-30s\"><a class=\"wp-block-button__link wp-element-button\" href=\"https:\/\/spectrespast.com\/es\/season-3-game-overview\/s3-episode-1-gorman-house\/season-3-episode-1-4-trading-secrets\/\" style=\"border-radius:15px\">R\u00edndete \u2013 pasemos a la siguiente pista\u2026<\/a><\/div>\n<\/div>\n<\/div>\n\n\n\n<div class=\"wp-block-column is-layout-flow wp-block-column-is-layout-flow\">\n<h2 class=\"wp-block-heading\"><strong>RECURSOS<\/strong><\/h2>\n\n\n\n<h4 class=\"wp-block-heading\"><a href=\"https:\/\/guides.library.oregonstate.edu\/localhistory\/corvallis\" data-type=\"URL\" data-id=\"https:\/\/guides.library.oregonstate.edu\/localhistory\/corvallis\" target=\"_blank\" rel=\"noreferrer noopener\">Historia local en el Centro de Investigaciones de Archivos y Colecciones Especiales<\/a><\/h4>\n\n\n\n<p>A unas 50 millas al norte de Eugene, Oreg\u00f3n, y enclavada entre el r\u00edo Willamette y las estribaciones de la cordillera costera de Oreg\u00f3n, la ciudad de Corvallis, conocida originalmente como Marysville, est\u00e1 situada en las tierras ancestrales de la tribu del r\u00edo Marys de los Kalaypuya. El primer colono blanco de Corvallis, Joseph C. Avery, lleg\u00f3 en octubre de 1845 y reclam\u00f3 una tierra en la confluencia de los r\u00edos Marys y Willamette. Otros colonos, entre ellos William F. Dixon de Maryland, llegaron poco despu\u00e9s; Dixon reclam\u00f3 una tierra de 640 acres inmediatamente al norte de la reclamaci\u00f3n de Avery.<\/p>\n\n\n\n<h4 class=\"wp-block-heading\"><a href=\"https:\/\/oregondigital.org\/concern\/images\/df68gm358#metadata\" data-type=\"URL\" data-id=\"https:\/\/oregondigital.org\/concern\/images\/df68gm358#metadata\" target=\"_blank\" rel=\"noreferrer noopener\">Oregon Digital | Gorman, Hannah y Eliza, Casa (Corvallis, Oreg\u00f3n)<\/a><\/h4>\n\n\n\n<p>Registro Nacional de Lugares Hist\u00f3ricos (en la lista, 2015)<br>Esta casa de estilo neog\u00f3tico de mediados del siglo XIX conserva muchos elementos originales de su construcci\u00f3n y es culturalmente significativa, ya que fue el hogar de las pioneras negras de Oreg\u00f3n, Hannah y Eliza Gorman.<\/p>\n\n\n\n<h4 class=\"wp-block-heading\"><a href=\"https:\/\/gohistoric.com\/places\/1338917-hannah-eliza-gorman-house-corvallis\" data-type=\"URL\" data-id=\"https:\/\/gohistoric.com\/places\/1338917-hannah-eliza-gorman-house-corvallis\" target=\"_blank\" rel=\"noreferrer noopener\">Casa de Hannah y Eliza Gorman, Corvallis, Oreg\u00f3n<\/a><\/h4>\n\n\n\n<p>La casa de Hannah y Eliza Gorman fue construida por mujeres negras pioneras entre 1857 y 1866 en Corvallis, Oreg\u00f3n. Fue incluida en el Registro Nacional de Lugares Hist\u00f3ricos en 2015.<\/p>\n\n\n\n<h4 class=\"wp-block-heading\"><a href=\"https:\/\/gohistoric.com\/places\/1338917-hannah-eliza-gorman-house-corvallis\/sources\" target=\"_blank\" rel=\"noreferrer noopener\">Fuentes y lecturas adicionales<\/a><a href=\"https:\/\/gohistoric.com\/places\/1338917-hannah-eliza-gorman-house-corvallis\/sources\">&nbsp;<\/a><\/h4>\n\n\n\n<ul class=\"wp-block-list\">\n<li>1.&nbsp;&nbsp;<a target=\"_blank\" href=\"https:\/\/sos.oregon.gov\/archives\/exhibits\/black-history\/Pages\/families\/gorman.aspx\" rel=\"noreferrer noopener\">Negras en Oreg\u00f3n: Hannah y Eliza Gorman<\/a>.sos.oregon.gov.<\/li>\n\n\n\n<li>2.&nbsp;&nbsp;<a target=\"_blank\" href=\"http:\/\/heritagedata.prd.state.or.us\/historic\/index.cfm?do=v.dsp_siteSummary&resultDisplay=29080\" rel=\"noreferrer noopener\">Informaci\u00f3n del sitio<\/a>. Heritagedata.prd.state.or.us.<\/li>\n\n\n\n<li>3. Benner, Patricia.&nbsp;<a target=\"_blank\" href=\"http:\/\/sherrysharp.com\/genealogy\/documents\/Gorman-house-Oregon.pdf\" rel=\"noreferrer noopener\"><em>\u00bfConexiones entre la familia Gorman y Bounds? (PDF)<\/em><\/a>. 14 de mayo de 2015.<\/li>\n\n\n\n<li>4. Novak, Teresa.&nbsp;<a rel=\"noreferrer noopener\" href=\"https:\/\/www.gazettetimes.com\/news\/local\/a-saved-history-oregons-oldest-house-owned-by-black-pioneers-makes-the-national-register-of\/article_60180ca1-4927-5569-beae-6816ef85da0c.html\" target=\"_blank\">Una historia salvada: la casa m\u00e1s antigua de Oreg\u00f3n, propiedad de pioneros negros, ingresa al Registro Nacional de Lugares Hist\u00f3ricos<\/a>. www.gazettetimes.com. 18 de marzo de 2015.<\/li>\n<\/ul>\n\n\n\n<h4 class=\"wp-block-heading\"><a href=\"https:\/\/fiveoaksmuseum.org\/this-is-kalapuyan-land-tribes-and-languages-map\/\" data-type=\"URL\" data-id=\"https:\/\/fiveoaksmuseum.org\/this-is-kalapuyan-land-tribes-and-languages-map\/\" target=\"_blank\" rel=\"noreferrer noopener\">Esta es la tierra de Kalapuyan<\/a><\/h4>\n\n\n\n<p>Kalapuya es el nombre que recibe la tribu formada por grupos de personas emparentadas que viv\u00edan en el valle de Willamette y hablaban dialectos similares de la misma familia ling\u00fc\u00edstica. Hay m\u00e1s de cincuenta formas distintas de escribir Kalapuya, entre ellas Calapooia y Call-law-puh-yea.<\/p>\n<\/div>\n<\/div>","protected":false},"excerpt":{"rendered":"<p>Hannah y su hija Eliza fueron mujeres incre\u00edblemente emprendedoras, incluso hoy en d\u00eda. Para el acr\u00f3stico que aparece a continuaci\u00f3n, te ofrecemos enlaces a varios recursos en la web que te ayudar\u00e1n con algunas de las respuestas. Cuando hayas resuelto correctamente el acr\u00f3stico, encontrar\u00e1s otra pista para acceder a un nuevo recurso que\u2026 <a title=\"Temporada 3 \u2013 Episodio 1.2 Emprendedores Gorman\" class=\"read-more\" href=\"https:\/\/spectrespast.com\/es\/season-3-game-overview\/s3-episode-1-gorman-house\/season-3-episode-1-2-gorman-entrepreneurs\/\" aria-label=\"Leer m\u00e1s sobre Temporada 3 \u2013 Episodio 1.2 Emprendedores Gorman\">Leer m\u00e1s<\/a><\/p>","protected":false},"author":2,"featured_media":0,"parent":4291,"menu_order":0,"comment_status":"closed","ping_status":"closed","template":"","meta":{"footnotes":""},"folder":[108],"class_list":["post-4320","page","type-page","status-publish"],"_links":{"self":[{"href":"https:\/\/spectrespast.com\/es\/wp-json\/wp\/v2\/pages\/4320","targetHints":{"allow":["GET"]}}],"collection":[{"href":"https:\/\/spectrespast.com\/es\/wp-json\/wp\/v2\/pages"}],"about":[{"href":"https:\/\/spectrespast.com\/es\/wp-json\/wp\/v2\/types\/page"}],"author":[{"embeddable":true,"href":"https:\/\/spectrespast.com\/es\/wp-json\/wp\/v2\/users\/2"}],"replies":[{"embeddable":true,"href":"https:\/\/spectrespast.com\/es\/wp-json\/wp\/v2\/comments?post=4320"}],"version-history":[{"count":22,"href":"https:\/\/spectrespast.com\/es\/wp-json\/wp\/v2\/pages\/4320\/revisions"}],"predecessor-version":[{"id":4816,"href":"https:\/\/spectrespast.com\/es\/wp-json\/wp\/v2\/pages\/4320\/revisions\/4816"}],"up":[{"embeddable":true,"href":"https:\/\/spectrespast.com\/es\/wp-json\/wp\/v2\/pages\/4291"}],"wp:attachment":[{"href":"https:\/\/spectrespast.com\/es\/wp-json\/wp\/v2\/media?parent=4320"}],"wp:term":[{"taxonomy":"folder","embeddable":true,"href":"https:\/\/spectrespast.com\/es\/wp-json\/wp\/v2\/folder?post=4320"}],"curies":[{"name":"wp","href":"https:\/\/api.w.org\/{rel}","templated":true}]}}