{"id":4371,"date":"2023-05-06T15:58:25","date_gmt":"2023-05-06T22:58:25","guid":{"rendered":"https:\/\/spectrespast.com\/?page_id=4371"},"modified":"2023-05-24T02:05:41","modified_gmt":"2023-05-24T09:05:41","slug":"season-3-episode-1-4-trading-secrets","status":"publish","type":"page","link":"https:\/\/spectrespast.com\/es\/season-3-game-overview\/s3-episode-1-gorman-house\/season-3-episode-1-4-trading-secrets\/","title":{"rendered":"Temporada 3, Episodio 1.4 | Secretos comerciales"},"content":{"rendered":"<div data-elementor-type=\"wp-page\" data-elementor-id=\"4371\" class=\"elementor elementor-4371\" data-elementor-post-type=\"page\">\n\t\t\t\t\t\t<section class=\"elementor-section elementor-top-section elementor-element elementor-element-3c9c501d elementor-section-boxed elementor-section-height-default elementor-section-height-default\" data-id=\"3c9c501d\" data-element_type=\"section\">\n\t\t\t\t\t\t<div class=\"elementor-container elementor-column-gap-default\">\n\t\t\t\t\t<div class=\"elementor-column elementor-col-100 elementor-top-column elementor-element elementor-element-7f7ecd78\" data-id=\"7f7ecd78\" data-element_type=\"column\">\n\t\t\t<div class=\"elementor-widget-wrap elementor-element-populated\">\n\t\t\t\t\t\t<div class=\"elementor-element elementor-element-1f745cb3 elementor-widget elementor-widget-text-editor\" data-id=\"1f745cb3\" data-element_type=\"widget\" data-widget_type=\"text-editor.default\">\n\t\t\t\t\t\t\t\t\t\n<p>Cuando los actuales propietarios de la Casa Gorman comenzaron la restauraci\u00f3n, encontraron una gran cantidad de art\u00edculos comunes que cabr\u00eda esperar encontrar en la propiedad de nuestros dos emprendedores del sector de servicios. En aquella \u00e9poca, no era f\u00e1cil conseguir materiales para costureras y lavanderas; todos ten\u00edan que esperar a que los suministros llegaran a la Tienda General por los senderos de Oreg\u00f3n y Applegate.<\/p>\n\n<p>Eso es, por supuesto, a menos que usted conociera una fuente local\u2026<\/p>\n\n<p>Mientras visitas la casa de Eliza y Hannah, de repente aparece una nota, aparentemente de la nada. Cae suavemente al suelo. La nota est\u00e1 codificada y, quienquiera que haya compartido este preciado trozo de papel contigo, puedes suponer que le gustar\u00eda que descifraras el mensaje que contiene.<\/p>\n\t\t\t\t\t\t\t\t<\/div>\n\t\t\t\t\t<\/div>\n\t\t<\/div>\n\t\t\t\t\t<\/div>\n\t\t<\/section>\n\t\t<div class=\"elementor-element elementor-element-6fc5a0b e-flex e-con-boxed e-con e-parent\" data-id=\"6fc5a0b\" data-element_type=\"container\">\n\t\t\t\t\t<div class=\"e-con-inner\">\n\t\t\t\t<div class=\"elementor-element elementor-element-3550d25 elementor-flip-box--3d elementor-flip-box--effect-flip elementor-flip-box--direction-up elementor-widget elementor-widget-flip-box\" data-id=\"3550d25\" data-element_type=\"widget\" data-widget_type=\"flip-box.default\">\n\t\t\t\t\t\t\t<div class=\"elementor-flip-box\" tabindex=\"0\">\n\t\t\t<div class=\"elementor-flip-box__layer elementor-flip-box__front\">\n\t\t\t\t<div class=\"elementor-flip-box__layer__overlay\">\n\t\t\t\t\t<div class=\"elementor-flip-box__layer__inner\">\n\t\t\t\t\t\t\n\t\t\t\t\t\t\n\t\t\t\t\t\t\t\t\t\t\t<\/div>\n\t\t\t\t<\/div>\n\t\t\t<\/div>\n\t\t\t<div class=\"elementor-flip-box__layer elementor-flip-box__back\">\n\t\t\t<div class=\"elementor-flip-box__layer__overlay\">\n\t\t\t\t<div class=\"elementor-flip-box__layer__inner\">\n\t\t\t\t\t\t\t\t\t\t\t<h3 class=\"elementor-flip-box__layer__title\">\n\t\t\t\t\t\t\tEste es el encabezado\t\t\t\t\t\t<\/h3>\n\t\t\t\t\t\n\t\t\t\t\t\t\t\t\t\t\t<div class=\"elementor-flip-box__layer__description\">\n\t\t\t\t\t\t\t<div><iframe src='https:\/\/puzzel.org\/en\/matching-pairs\/embed?p=-NV35Ws13YzSkoAKPmRT' width='100%' height='860' frameborder='0'><\/iframe><\/div>\t\t\t\t\t\t<\/div>\n\t\t\t\t\t\n\t\t\t\t\t\t\t\t\t\t\t<a class=\"elementor-flip-box__button elementor-button elementor-size-sm\">\n\t\t\t\t\t\t\tHaga clic aqu\u00ed\t\t\t\t\t\t<\/a>\n\t\t\t\t\t\t\t\t<\/div>\n\t\t<\/div>\n\t\t<\/div>\n\t\t<\/div>\n\t\t\t\t\t\t<\/div>\n\t\t\t\t\t<\/div>\n\t\t\t\t<\/div>\n\t\t<div class=\"elementor-element elementor-element-43a4a7d e-flex e-con-boxed e-con e-parent\" data-id=\"43a4a7d\" data-element_type=\"container\">\n\t\t\t\t\t<div class=\"e-con-inner\">\n\t\t\t\t<div class=\"elementor-element elementor-element-f85482b elementor-button-warning elementor-align-right animated-slow elementor-invisible elementor-widget elementor-widget-button\" data-id=\"f85482b\" data-element_type=\"widget\" data-settings=\"{&quot;_animation&quot;:&quot;fadeIn&quot;,&quot;_animation_delay&quot;:30000}\" data-widget_type=\"button.default\">\n\t\t\t\t\t\t\t\t\t\t<a class=\"elementor-button elementor-button-link elementor-size-sm\" href=\"https:\/\/spectrespast.com\/es\/season-3-game-overview\/s3-episode-1-gorman-house\/season-3-episode-1-4-trading-secrets\/season-3-episodes-complete\/\" id=\"skip_3_1_2\">\n\t\t\t\t\t\t<span class=\"elementor-button-content-wrapper\">\n\t\t\t\t\t\t\t\t\t<span class=\"elementor-button-text\">\u00bfTe das por vencido? Pasa a la siguiente pista.<\/span>\n\t\t\t\t\t<\/span>\n\t\t\t\t\t<\/a>\n\t\t\t\t\t\t\t\t<\/div>\n\t\t\t\t\t<\/div>\n\t\t\t\t<\/div>\n\t\t\t\t<\/div>","protected":false},"excerpt":{"rendered":"<p>Cuando los actuales propietarios de la Casa Gorman comenzaron la restauraci\u00f3n, encontraron un conjunto de objetos comunes que cabr\u00eda esperar encontrar en la propiedad de nuestros dos emprendedores del sector servicios. En aquella \u00e9poca, no era f\u00e1cil conseguir materiales para costureras y lavanderas; todos ten\u00edan que esperar... <a title=\"Temporada 3, Episodio 1.4 | Secretos comerciales\" class=\"read-more\" href=\"https:\/\/spectrespast.com\/es\/season-3-game-overview\/s3-episode-1-gorman-house\/season-3-episode-1-4-trading-secrets\/\" aria-label=\"Leer m\u00e1s sobre Temporada 3, Episodio 1.4 | Secretos comerciales\">Leer m\u00e1s<\/a><\/p>","protected":false},"author":2,"featured_media":0,"parent":4291,"menu_order":0,"comment_status":"closed","ping_status":"closed","template":"","meta":{"footnotes":""},"folder":[108],"class_list":["post-4371","page","type-page","status-publish"],"_links":{"self":[{"href":"https:\/\/spectrespast.com\/es\/wp-json\/wp\/v2\/pages\/4371","targetHints":{"allow":["GET"]}}],"collection":[{"href":"https:\/\/spectrespast.com\/es\/wp-json\/wp\/v2\/pages"}],"about":[{"href":"https:\/\/spectrespast.com\/es\/wp-json\/wp\/v2\/types\/page"}],"author":[{"embeddable":true,"href":"https:\/\/spectrespast.com\/es\/wp-json\/wp\/v2\/users\/2"}],"replies":[{"embeddable":true,"href":"https:\/\/spectrespast.com\/es\/wp-json\/wp\/v2\/comments?post=4371"}],"version-history":[{"count":11,"href":"https:\/\/spectrespast.com\/es\/wp-json\/wp\/v2\/pages\/4371\/revisions"}],"predecessor-version":[{"id":5486,"href":"https:\/\/spectrespast.com\/es\/wp-json\/wp\/v2\/pages\/4371\/revisions\/5486"}],"up":[{"embeddable":true,"href":"https:\/\/spectrespast.com\/es\/wp-json\/wp\/v2\/pages\/4291"}],"wp:attachment":[{"href":"https:\/\/spectrespast.com\/es\/wp-json\/wp\/v2\/media?parent=4371"}],"wp:term":[{"taxonomy":"folder","embeddable":true,"href":"https:\/\/spectrespast.com\/es\/wp-json\/wp\/v2\/folder?post=4371"}],"curies":[{"name":"wp","href":"https:\/\/api.w.org\/{rel}","templated":true}]}}