{"id":4621,"date":"2023-05-14T11:44:38","date_gmt":"2023-05-14T18:44:38","guid":{"rendered":"https:\/\/spectrespast.com\/?page_id=4621"},"modified":"2023-05-27T01:46:52","modified_gmt":"2023-05-27T08:46:52","slug":"s3-episode-2-messages-through-the-veil","status":"publish","type":"page","link":"https:\/\/spectrespast.com\/es\/season-3-game-overview\/s3-episode-2-messages-through-the-veil\/","title":{"rendered":"S3 - Episodio 2 \u2013 Mensajes a trav\u00e9s del velo"},"content":{"rendered":"<div data-elementor-type=\"wp-page\" data-elementor-id=\"4621\" class=\"elementor elementor-4621\" data-elementor-post-type=\"page\">\n\t\t\t\t\t\t<section class=\"elementor-section elementor-top-section elementor-element elementor-element-0ec4bbc elementor-section-boxed elementor-section-height-default elementor-section-height-default\" data-id=\"0ec4bbc\" data-element_type=\"section\">\n\t\t\t\t\t\t\t<div class=\"elementor-background-overlay\"><\/div>\n\t\t\t\t\t\t\t<div class=\"elementor-container elementor-column-gap-default\">\n\t\t\t\t\t<div class=\"elementor-column elementor-col-100 elementor-top-column elementor-element elementor-element-63bad98\" data-id=\"63bad98\" data-element_type=\"column\">\n\t\t\t<div class=\"elementor-widget-wrap elementor-element-populated\">\n\t\t\t\t\t\t<div class=\"elementor-element elementor-element-0f4a7bd elementor-nav-menu--dropdown-tablet elementor-nav-menu__text-align-aside elementor-nav-menu--toggle elementor-nav-menu--burger elementor-widget elementor-widget-nav-menu\" data-id=\"0f4a7bd\" data-element_type=\"widget\" data-settings=\"{&quot;layout&quot;:&quot;horizontal&quot;,&quot;submenu_icon&quot;:{&quot;value&quot;:&quot;&lt;svg class=\\&quot;e-font-icon-svg e-fas-caret-down\\&quot; viewBox=\\&quot;0 0 320 512\\&quot; xmlns=\\&quot;http:\\\/\\\/www.w3.org\\\/2000\\\/svg\\&quot;&gt;&lt;path d=\\&quot;M31.3 192h257.3c17.8 0 26.7 21.5 14.1 34.1L174.1 354.8c-7.8 7.8-20.5 7.8-28.3 0L17.2 226.1C4.6 213.5 13.5 192 31.3 192z\\&quot;&gt;&lt;\\\/path&gt;&lt;\\\/svg&gt;&quot;,&quot;library&quot;:&quot;fa-solid&quot;},&quot;toggle&quot;:&quot;burger&quot;}\" data-widget_type=\"nav-menu.default\">\n\t\t\t\t\t\t\t\t<nav aria-label=\"Men\u00fa\" class=\"elementor-nav-menu--main elementor-nav-menu__container elementor-nav-menu--layout-horizontal e--pointer-underline e--animation-fade\">\n\t\t\t\t<ul id=\"menu-1-0f4a7bd\" class=\"elementor-nav-menu\"><li class=\"menu-item menu-item-type-post_type menu-item-object-page menu-item-3455\"><a href=\"https:\/\/spectrespast.com\/es\/season2-game-overview\/\" class=\"elementor-item\">Resumen del juego de la temporada 3<\/a><\/li>\n<\/ul>\t\t\t<\/nav>\n\t\t\t\t\t<div class=\"elementor-menu-toggle\" role=\"button\" tabindex=\"0\" aria-label=\"Alternar men\u00fa\" aria-expanded=\"false\">\n\t\t\t<svg aria-hidden=\"true\" role=\"presentation\" class=\"elementor-menu-toggle__icon--open e-font-icon-svg e-eicon-menu-bar\" viewbox=\"0 0 1000 1000\" xmlns=\"http:\/\/www.w3.org\/2000\/svg\"><path d=\"M104 333H896C929 333 958 304 958 271S929 208 896 208H104C71 208 42 237 42 271S71 333 104 333ZM104 583H896C929 583 958 554 958 521S929 458 896 458H104C71 458 42 487 42 521S71 583 104 583ZM104 833H896C929 833 958 804 958 771S929 708 896 708H104C71 708 42 737 42 771S71 833 104 833Z\"><\/path><\/svg><svg aria-hidden=\"true\" role=\"presentation\" class=\"elementor-menu-toggle__icon--close e-font-icon-svg e-eicon-close\" viewbox=\"0 0 1000 1000\" xmlns=\"http:\/\/www.w3.org\/2000\/svg\"><path d=\"M742 167L500 408 258 167C246 154 233 150 217 150 196 150 179 158 167 167 154 179 150 196 150 212 150 229 154 242 171 254L408 500 167 742C138 771 138 800 167 829 196 858 225 858 254 829L496 587 738 829C750 842 767 846 783 846 800 846 817 842 829 829 842 817 846 804 846 783 846 767 842 750 829 737L588 500 833 258C863 229 863 200 833 171 804 137 775 137 742 167Z\"><\/path><\/svg>\t\t<\/div>\n\t\t\t\t\t<nav class=\"elementor-nav-menu--dropdown elementor-nav-menu__container\" aria-hidden=\"true\">\n\t\t\t\t<ul id=\"menu-2-0f4a7bd\" class=\"elementor-nav-menu\"><li class=\"menu-item menu-item-type-post_type menu-item-object-page menu-item-3455\"><a href=\"https:\/\/spectrespast.com\/es\/season2-game-overview\/\" class=\"elementor-item\" tabindex=\"-1\">Resumen del juego de la temporada 3<\/a><\/li>\n<\/ul>\t\t\t<\/nav>\n\t\t\t\t\t\t<\/div>\n\t\t\t\t<div class=\"elementor-element elementor-element-65f0864 elementor-drop-cap-yes elementor-drop-cap-view-default elementor-widget elementor-widget-text-editor\" data-id=\"65f0864\" data-element_type=\"widget\" data-settings=\"{&quot;drop_cap&quot;:&quot;yes&quot;}\" data-widget_type=\"text-editor.default\">\n\t\t\t\t\t\t\t\t\t<p>Al descifrar el mensaje anterior, usted quiz\u00e1 se pregunte qu\u00e9 estaban tramando Eliza y Hannah, con qui\u00e9n y ad\u00f3nde se aventurar\u00edan a continuaci\u00f3n.\u00a0<\/p><p>Por supuesto, Eliza querr\u00eda celebrar a su madre antes de emprender su aventura, as\u00ed que comparti\u00f3 con su mam\u00e1 un regalo especial: Floriograf\u00eda, una gu\u00eda ilustrada del lenguaje de las flores\u2026<\/p><p><img fetchpriority=\"high\" decoding=\"async\" class=\"size-medium wp-image-4630 alignright\" src=\"http:\/\/spectrespast.com\/wp-content\/uploads\/2023\/05\/FlorigraphySmall-225x300.png\" alt=\"\" width=\"225\" height=\"300\" srcset=\"https:\/\/spectrespast.com\/wp-content\/uploads\/2023\/05\/FlorigraphySmall-225x300.png 225w, https:\/\/spectrespast.com\/wp-content\/uploads\/2023\/05\/FlorigraphySmall-9x12.png 9w, https:\/\/spectrespast.com\/wp-content\/uploads\/2023\/05\/FlorigraphySmall.png 500w\" sizes=\"(max-width: 225px) 100vw, 225px\" \/><\/p><p>Para celebrar el D\u00eda de la Madre, y para darte una colecci\u00f3n de pistas sobre d\u00f3nde ir\u00e1n mam\u00e1 e hija a continuaci\u00f3n, te ofrecemos un ramo como pista...<\/p>\t\t\t\t\t\t\t\t<\/div>\n\t\t\t\t<section class=\"elementor-section elementor-inner-section elementor-element elementor-element-5281d13 elementor-section-boxed elementor-section-height-default elementor-section-height-default\" data-id=\"5281d13\" data-element_type=\"section\" data-settings=\"{&quot;animation&quot;:&quot;none&quot;}\">\n\t\t\t\t\t\t<div class=\"elementor-container elementor-column-gap-wide\">\n\t\t\t\t\t<div class=\"elementor-column elementor-col-100 elementor-inner-column elementor-element elementor-element-95b5c48\" data-id=\"95b5c48\" data-element_type=\"column\">\n\t\t\t<div class=\"elementor-widget-wrap elementor-element-populated\">\n\t\t\t\t\t\t<div class=\"elementor-element elementor-element-27e7dac elementor-widget elementor-widget-text-editor\" data-id=\"27e7dac\" data-element_type=\"widget\" data-widget_type=\"text-editor.default\">\n\t\t\t\t\t\t\t\t\t<h3>TU MISI\u00d3N<\/h3><p><img decoding=\"async\" class=\"wp-image-4623 alignleft\" src=\"http:\/\/spectrespast.com\/wp-content\/uploads\/2023\/05\/GiatWhiteFawnLily-300x225.webp\" alt=\"\" width=\"131\" height=\"98\" srcset=\"https:\/\/spectrespast.com\/wp-content\/uploads\/2023\/05\/GiatWhiteFawnLily-300x225.webp 300w, https:\/\/spectrespast.com\/wp-content\/uploads\/2023\/05\/GiatWhiteFawnLily-768x576.webp 768w, https:\/\/spectrespast.com\/wp-content\/uploads\/2023\/05\/GiatWhiteFawnLily-16x12.webp 16w, https:\/\/spectrespast.com\/wp-content\/uploads\/2023\/05\/GiatWhiteFawnLily.webp 1000w\" sizes=\"(max-width: 131px) 100vw, 131px\" \/><\/p><blockquote><p>Relaciona los nombres de estas flores con sus im\u00e1genes. \u00a1Es importante saber que todas las flores de esta combinaci\u00f3n se podr\u00e1n ver en nuestra pr\u00f3xima ubicaci\u00f3n este mismo mes!<\/p><\/blockquote>\t\t\t\t\t\t\t\t<\/div>\n\t\t\t\t<div class=\"elementor-element elementor-element-88c3293 elementor-widget elementor-widget-text-editor\" data-id=\"88c3293\" data-element_type=\"widget\" data-widget_type=\"text-editor.default\">\n\t\t\t\t\t\t\t\t\t<div><iframe src='https:\/\/puzzel.org\/en\/matching-pairs\/embed?p=-NVQchIjjz0CqMDwgFQj' width='100%' height='800' frameborder='0'><\/iframe><\/div>\t\t\t\t\t\t\t\t<\/div>\n\t\t\t\t<div class=\"elementor-element elementor-element-acb5573 elementor-widget elementor-widget-text-editor\" data-id=\"acb5573\" data-element_type=\"widget\" data-widget_type=\"text-editor.default\">\n\t\t\t\t\t\t\t\t\t<h3>\u00a1Una vez que hayas terminado de hacer coincidir los nombres con las flores, podr\u00e1s acceder a la siguiente pista!<\/h3>\t\t\t\t\t\t\t\t<\/div>\n\t\t\t\t<div class=\"elementor-element elementor-element-712ed92 elementor-button-warning elementor-align-right animated-slow elementor-invisible elementor-widget elementor-widget-button\" data-id=\"712ed92\" data-element_type=\"widget\" data-settings=\"{&quot;_animation&quot;:&quot;fadeIn&quot;,&quot;_animation_delay&quot;:30000}\" data-widget_type=\"button.default\">\n\t\t\t\t\t\t\t\t\t\t<a class=\"elementor-button elementor-button-link elementor-size-sm\" href=\"https:\/\/spectrespast.com\/es\/season-3-game-overview\/s3-episode-2-messages-through-the-veil\/s3-episode-2-1-field-trip\/\" id=\"skip_S3-2-1\">\n\t\t\t\t\t\t<span class=\"elementor-button-content-wrapper\">\n\t\t\t\t\t\t\t\t\t<span class=\"elementor-button-text\">\u00bfTe rindes? Pasa a la siguiente parte de la aventura...<\/span>\n\t\t\t\t\t<\/span>\n\t\t\t\t\t<\/a>\n\t\t\t\t\t\t\t\t<\/div>\n\t\t\t\t\t<\/div>\n\t\t<\/div>\n\t\t\t\t\t<\/div>\n\t\t<\/section>\n\t\t\t\t\t<\/div>\n\t\t<\/div>\n\t\t\t\t\t<\/div>\n\t\t<\/section>\n\t\t\t\t<section class=\"elementor-section elementor-top-section elementor-element elementor-element-1d50437 elementor-section-boxed elementor-section-height-default elementor-section-height-default\" data-id=\"1d50437\" data-element_type=\"section\">\n\t\t\t\t\t\t<div class=\"elementor-container elementor-column-gap-default\">\n\t\t\t\t\t<div class=\"elementor-column elementor-col-100 elementor-top-column elementor-element elementor-element-7b5cbdf\" data-id=\"7b5cbdf\" data-element_type=\"column\">\n\t\t\t<div class=\"elementor-widget-wrap elementor-element-populated\">\n\t\t\t\t\t\t<div class=\"elementor-element elementor-element-62c4dff elementor-widget elementor-widget-heading\" data-id=\"62c4dff\" data-element_type=\"widget\" data-widget_type=\"heading.default\">\n\t\t\t\t\t<h2 class=\"elementor-heading-title elementor-size-default\">Los recursos hist\u00f3ricos que inspiraron nuestra aventura del D\u00eda de la Madre<\/h2>\t\t\t\t<\/div>\n\t\t\t\t<section class=\"elementor-section elementor-inner-section elementor-element elementor-element-83919de elementor-section-boxed elementor-section-height-default elementor-section-height-default\" data-id=\"83919de\" data-element_type=\"section\">\n\t\t\t\t\t\t<div class=\"elementor-container elementor-column-gap-default\">\n\t\t\t\t\t<div class=\"elementor-column elementor-col-50 elementor-inner-column elementor-element elementor-element-fe4bcb4\" data-id=\"fe4bcb4\" data-element_type=\"column\">\n\t\t\t<div class=\"elementor-widget-wrap elementor-element-populated\">\n\t\t\t\t\t\t<div class=\"elementor-element elementor-element-502f1ce elementor-widget elementor-widget-image\" data-id=\"502f1ce\" data-element_type=\"widget\" data-widget_type=\"image.default\">\n\t\t\t\t\t\t\t\t\t\t\t\t\t\t\t<img decoding=\"async\" width=\"1573\" height=\"1573\" src=\"https:\/\/spectrespast.com\/wp-content\/uploads\/2023\/05\/MarysPeakFlowerRoundup.png\" class=\"attachment-full size-full wp-image-4708\" alt=\"\" srcset=\"https:\/\/spectrespast.com\/wp-content\/uploads\/2023\/05\/MarysPeakFlowerRoundup.png 1573w, https:\/\/spectrespast.com\/wp-content\/uploads\/2023\/05\/MarysPeakFlowerRoundup-300x300.png 300w, https:\/\/spectrespast.com\/wp-content\/uploads\/2023\/05\/MarysPeakFlowerRoundup-1024x1024.png 1024w, https:\/\/spectrespast.com\/wp-content\/uploads\/2023\/05\/MarysPeakFlowerRoundup-150x150.png 150w, https:\/\/spectrespast.com\/wp-content\/uploads\/2023\/05\/MarysPeakFlowerRoundup-768x768.png 768w, https:\/\/spectrespast.com\/wp-content\/uploads\/2023\/05\/MarysPeakFlowerRoundup-1536x1536.png 1536w, https:\/\/spectrespast.com\/wp-content\/uploads\/2023\/05\/MarysPeakFlowerRoundup-12x12.png 12w\" sizes=\"(max-width: 1573px) 100vw, 1573px\" \/>\t\t\t\t\t\t\t\t\t\t\t\t\t\t\t<\/div>\n\t\t\t\t<div class=\"elementor-element elementor-element-ea5bf6c elementor-widget elementor-widget-text-editor\" data-id=\"ea5bf6c\" data-element_type=\"widget\" data-widget_type=\"text-editor.default\">\n\t\t\t\t\t\t\t\t\t<p><span style=\"font-weight: bold; font-family: Georgia, 'Times New Roman', Times, serif; font-size: 24px;\">B\u00fasqueda de flores silvestres (<a href=\"https:\/\/wildflowersearch.org\/search?oldstate=gmc%3A44.507%2C-123.558%3Bgms%3A12%3Blocation%3AMarys%20Peak%3Belev%3A3666%3Btitle%3AMarys%20Peak%20Wildflowers%3B\">b\u00fasquedadefloresflorales.org<\/a>)<\/span><\/p><h3 style=\"margin-bottom: 0.5em; font-style: normal; font-size: 1.5em; font-family: Whitney, 'Trebuchet MS', Arial, sans-serif; vertical-align: baseline; color: #111111; line-height: 1.3; position: relative;\">\u00a1Con\u00e9ctate con la Naturaleza!<\/h3><p style=\"font-weight: 400;\"><em>(Del sitio web)<br \/><\/em>El sitio web Wildflower Search est\u00e1 dirigido a personas con conocimientos limitados de bot\u00e1nica que desean identificar plantas que se encuentran fuera de los jardines. Esta ayuda se brinda present\u00e1ndole peque\u00f1as im\u00e1genes de plantas. Puede utilizar varias t\u00e9cnicas de b\u00fasqueda para llegar a las im\u00e1genes que probablemente correspondan a la planta que est\u00e1 buscando. Cuando hace clic en la imagen de una planta, el programa le muestra enlaces a descripciones de plantas y m\u00e1s im\u00e1genes de plantas.<\/p><p style=\"font-weight: 400;\">Este sitio ofrece muchas formas de buscar una planta. Puede utilizar estas b\u00fasquedas en cualquier combinaci\u00f3n. Algunas b\u00fasquedas eliminan algunas plantas de la lista. La mayor\u00eda de las b\u00fasquedas otorgan una &quot;puntuaci\u00f3n&quot; a cada planta seg\u00fan su coincidencia con los criterios de b\u00fasqueda. Las plantas con la puntuaci\u00f3n m\u00e1s alta se muestran en la parte superior de los resultados.<\/p>\t\t\t\t\t\t\t\t<\/div>\n\t\t\t\t\t<\/div>\n\t\t<\/div>\n\t\t\t\t<div class=\"elementor-column elementor-col-50 elementor-inner-column elementor-element elementor-element-d978674\" data-id=\"d978674\" data-element_type=\"column\">\n\t\t\t<div class=\"elementor-widget-wrap elementor-element-populated\">\n\t\t\t\t\t\t<div class=\"elementor-element elementor-element-17d0295 dc-has-condition dc-condition-not_equal elementor-widget elementor-widget-image\" data-id=\"17d0295\" data-element_type=\"widget\" data-widget_type=\"image.default\">\n\t\t\t\t\t\t\t\t\t\t\t\t\t\t\t<img loading=\"lazy\" decoding=\"async\" width=\"1773\" height=\"1773\" src=\"https:\/\/spectrespast.com\/wp-content\/uploads\/2023\/05\/Chinook-Jargon.png\" class=\"attachment-full size-full wp-image-4625\" alt=\"\" srcset=\"https:\/\/spectrespast.com\/wp-content\/uploads\/2023\/05\/Chinook-Jargon.png 1773w, https:\/\/spectrespast.com\/wp-content\/uploads\/2023\/05\/Chinook-Jargon-300x300.png 300w, https:\/\/spectrespast.com\/wp-content\/uploads\/2023\/05\/Chinook-Jargon-1024x1024.png 1024w, https:\/\/spectrespast.com\/wp-content\/uploads\/2023\/05\/Chinook-Jargon-150x150.png 150w, https:\/\/spectrespast.com\/wp-content\/uploads\/2023\/05\/Chinook-Jargon-768x768.png 768w, https:\/\/spectrespast.com\/wp-content\/uploads\/2023\/05\/Chinook-Jargon-1536x1536.png 1536w, https:\/\/spectrespast.com\/wp-content\/uploads\/2023\/05\/Chinook-Jargon-12x12.png 12w\" sizes=\"(max-width: 1773px) 100vw, 1773px\" \/>\t\t\t\t\t\t\t\t\t\t\t\t\t\t\t<\/div>\n\t\t\t\t<div class=\"elementor-element elementor-element-beae648 elementor-widget elementor-widget-text-editor\" data-id=\"beae648\" data-element_type=\"widget\" data-widget_type=\"text-editor.default\">\n\t\t\t\t\t\t\t\t\t<h4><b>Jerga Chinook<\/b><\/h4><div><b>FUENTE: Wikipedia<\/b><\/div><p><a href=\"https:\/\/en.wikipedia.org\/wiki\/Chinook_Jargon\" target=\"_blank\" rel=\"noopener\">Jerga Chinook (Chinuk Wawa o Chinook Wawa<\/a>El chinook, tambi\u00e9n conocido simplemente como jerga, es una lengua que se origin\u00f3 como lengua comercial pidgin en el noroeste del Pac\u00edfico. Se extendi\u00f3 durante el siglo XIX desde la parte baja del r\u00edo Columbia, primero a otras \u00e1reas de los actuales Oreg\u00f3n y Washington, luego a Columbia Brit\u00e1nica y partes de Alaska, el norte de California, Idaho y Montana, aunque a veces adopt\u00f3 caracter\u00edsticas de una lengua criolla.[2] En parte desciende del idioma chinook, en el que se basa gran parte de su vocabulario.[3] Aproximadamente el 15 por ciento de su l\u00e9xico es franc\u00e9s, y tambi\u00e9n hace uso de pr\u00e9stamos ingleses y de otros sistemas ling\u00fc\u00edsticos. Toda su forma escrita est\u00e1 en la taquigraf\u00eda duployana desarrollada por el sacerdote franc\u00e9s \u00c9mile Duploy\u00e9.<\/p><p>Muchas palabras de la jerga chinook siguen siendo de uso com\u00fan en el oeste de los Estados Unidos y en la Columbia Brit\u00e1nica, y se ha descrito como parte de una herencia multicultural compartida por los habitantes modernos del noroeste del Pac\u00edfico. El n\u00famero total de palabras de la jerga en los l\u00e9xicos publicados asciende a solo cientos. [4] Tiene su propio sistema gramatical. Es un sistema muy simple y, al igual que su lista de palabras, es f\u00e1cil de aprender. Aunque existe en la jerga chinook, la consonante \/r\/ es rara, y las palabras prestadas del ingl\u00e9s y el franc\u00e9s, como rice y merci, han cambiado en su adopci\u00f3n en la jerga, a lays y mahsi, respectivamente.<\/p>\t\t\t\t\t\t\t\t<\/div>\n\t\t\t\t\t<\/div>\n\t\t<\/div>\n\t\t\t\t\t<\/div>\n\t\t<\/section>\n\t\t\t\t\t<\/div>\n\t\t<\/div>\n\t\t\t\t\t<\/div>\n\t\t<\/section>\n\t\t\t\t<section class=\"elementor-section elementor-top-section elementor-element elementor-element-e28b09f elementor-section-boxed elementor-section-height-default elementor-section-height-default\" data-id=\"e28b09f\" data-element_type=\"section\">\n\t\t\t\t\t\t\t<div class=\"elementor-background-overlay\"><\/div>\n\t\t\t\t\t\t\t<div class=\"elementor-container elementor-column-gap-default\">\n\t\t\t\t\t<div class=\"elementor-column elementor-col-100 elementor-top-column elementor-element elementor-element-ab1ffe8\" data-id=\"ab1ffe8\" data-element_type=\"column\">\n\t\t\t<div class=\"elementor-widget-wrap elementor-element-populated\">\n\t\t\t\t\t\t<div class=\"elementor-element elementor-element-0d33b6d elementor-widget elementor-widget-heading\" data-id=\"0d33b6d\" data-element_type=\"widget\" data-widget_type=\"heading.default\">\n\t\t\t\t\t<h2 class=\"elementor-heading-title elementor-size-default\">Estamos agradecidos a...<\/h2>\t\t\t\t<\/div>\n\t\t\t\t<div class=\"elementor-element elementor-element-7116939 elementor-widget elementor-widget-image\" data-id=\"7116939\" data-element_type=\"widget\" data-widget_type=\"image.default\">\n\t\t\t\t\t\t\t\t\t\t\t\t\t\t\t<img loading=\"lazy\" decoding=\"async\" width=\"1024\" height=\"90\" src=\"https:\/\/spectrespast.com\/wp-content\/uploads\/2023\/05\/OurAmazingSponsors-1024x90.png?ver=1683421749\" class=\"attachment-large size-large wp-image-4398\" alt=\"\" srcset=\"https:\/\/spectrespast.com\/wp-content\/uploads\/2023\/05\/OurAmazingSponsors-1024x90.png 1024w, https:\/\/spectrespast.com\/wp-content\/uploads\/2023\/05\/OurAmazingSponsors-300x26.png 300w, https:\/\/spectrespast.com\/wp-content\/uploads\/2023\/05\/OurAmazingSponsors-768x67.png 768w, https:\/\/spectrespast.com\/wp-content\/uploads\/2023\/05\/OurAmazingSponsors-18x2.png 18w, https:\/\/spectrespast.com\/wp-content\/uploads\/2023\/05\/OurAmazingSponsors.png 1154w\" sizes=\"(max-width: 1024px) 100vw, 1024px\" \/>\t\t\t\t\t\t\t\t\t\t\t\t\t\t\t<\/div>\n\t\t\t\t\t<\/div>\n\t\t<\/div>\n\t\t\t\t\t<\/div>\n\t\t<\/section>\n\t\t\t\t<\/div>","protected":false},"excerpt":{"rendered":"<p>In decoding the previous message you may find yourself wondering what Eliza and Hannah were concocting, with whom and where they would venture to next.\u00a0 Of course, Eliza would want to celebrate her mother before leaving on their adventure, so she shared with her Mom a special\u00a0 gift &#8211; Floriography, an illustrated guide to the &#8230; <a title=\"S3 -Episode 2 &#8211; Messages Through the Veil\" class=\"read-more\" href=\"https:\/\/spectrespast.com\/es\/season-3-game-overview\/s3-episode-2-messages-through-the-veil\/\" aria-label=\"Leer m\u00e1s sobre S3 -Episode 2 &#8211; Messages Through the Veil\">Leer m\u00e1s<\/a><\/p>","protected":false},"author":2,"featured_media":0,"parent":4389,"menu_order":3,"comment_status":"closed","ping_status":"closed","template":"","meta":{"footnotes":""},"folder":[114],"class_list":["post-4621","page","type-page","status-publish"],"_links":{"self":[{"href":"https:\/\/spectrespast.com\/es\/wp-json\/wp\/v2\/pages\/4621","targetHints":{"allow":["GET"]}}],"collection":[{"href":"https:\/\/spectrespast.com\/es\/wp-json\/wp\/v2\/pages"}],"about":[{"href":"https:\/\/spectrespast.com\/es\/wp-json\/wp\/v2\/types\/page"}],"author":[{"embeddable":true,"href":"https:\/\/spectrespast.com\/es\/wp-json\/wp\/v2\/users\/2"}],"replies":[{"embeddable":true,"href":"https:\/\/spectrespast.com\/es\/wp-json\/wp\/v2\/comments?post=4621"}],"version-history":[{"count":43,"href":"https:\/\/spectrespast.com\/es\/wp-json\/wp\/v2\/pages\/4621\/revisions"}],"predecessor-version":[{"id":4921,"href":"https:\/\/spectrespast.com\/es\/wp-json\/wp\/v2\/pages\/4621\/revisions\/4921"}],"up":[{"embeddable":true,"href":"https:\/\/spectrespast.com\/es\/wp-json\/wp\/v2\/pages\/4389"}],"wp:attachment":[{"href":"https:\/\/spectrespast.com\/es\/wp-json\/wp\/v2\/media?parent=4621"}],"wp:term":[{"taxonomy":"folder","embeddable":true,"href":"https:\/\/spectrespast.com\/es\/wp-json\/wp\/v2\/folder?post=4621"}],"curies":[{"name":"wp","href":"https:\/\/api.w.org\/{rel}","templated":true}]}}