{"id":4970,"date":"2025-04-24T00:59:47","date_gmt":"2025-04-24T07:59:47","guid":{"rendered":"https:\/\/spectrespast.com\/?page_id=4970"},"modified":"2025-06-27T17:30:18","modified_gmt":"2025-06-28T00:30:18","slug":"make-history-irresistable","status":"publish","type":"page","link":"https:\/\/spectrespast.com\/es\/","title":{"rendered":"\u00a1Haz que la historia sea irresistible!"},"content":{"rendered":"<div data-elementor-type=\"wp-page\" data-elementor-id=\"4970\" class=\"elementor elementor-4970\" data-elementor-post-type=\"page\">\n\t\t\t\t<div class=\"elementor-element elementor-element-72026da e-con-full e-flex e-con e-parent\" data-id=\"72026da\" data-element_type=\"container\">\n\t\t\t\t<div class=\"elementor-element elementor-element-88a4f93 elementor--h-position-center elementor--v-position-middle elementor-arrows-position-inside elementor-pagination-position-inside elementor-widget elementor-widget-slides\" data-id=\"88a4f93\" data-element_type=\"widget\" data-settings=\"{&quot;transition&quot;:&quot;fade&quot;,&quot;transition_speed&quot;:1200,&quot;navigation&quot;:&quot;both&quot;,&quot;autoplay&quot;:&quot;yes&quot;,&quot;pause_on_hover&quot;:&quot;yes&quot;,&quot;pause_on_interaction&quot;:&quot;yes&quot;,&quot;autoplay_speed&quot;:5000,&quot;infinite&quot;:&quot;yes&quot;}\" data-widget_type=\"slides.default\">\n\t\t\t\t\t\t\t\t\t\t<div class=\"elementor-slides-wrapper elementor-main-swiper swiper\" role=\"region\" aria-roledescription=\"carousel\" aria-label=\"Diapositivas\" dir=\"ltr\" data-animation=\"fadeInUp\">\n\t\t\t\t<div class=\"swiper-wrapper elementor-slides\">\n\t\t\t\t\t\t\t\t\t\t<div class=\"elementor-repeater-item-b5beda2 swiper-slide\" role=\"group\" aria-roledescription=\"slide\"><div class=\"swiper-slide-bg elementor-ken-burns elementor-ken-burns--in\" role=\"img\"><\/div><div class=\"elementor-background-overlay\"><\/div><a class=\"swiper-slide-inner\" href=\"https:\/\/spectrespast.com\/es\/our-past-matters\/\"><div class=\"swiper-slide-contents\"><h1 class=\"elementor-slide-heading\">Con Spectres Past, la historia no solo se recuerda: se vive, se ama y se comparte.<\/h1><h2 class=\"elementor-slide-description\">Sal de los caminos trillados y sum\u00e9rgete en el alma de una comunidad. Recorre las calles, toca las piedras y escucha las historias susurradas que forjaron generaciones. En cada momento, no solo presencias la historia, sino que la vives y formas parte de una leyenda que a\u00fan se desarrolla.\n\n<\/h2><div  class=\"elementor-button elementor-slide-button elementor-size-lg\">HAGA CLIC PARA SABER M\u00c1S<\/div><\/div><\/a><\/div><div class=\"elementor-repeater-item-ee09e8f swiper-slide\" role=\"group\" aria-roledescription=\"slide\"><div class=\"swiper-slide-bg elementor-ken-burns elementor-ken-burns--in\" role=\"img\"><\/div><div class=\"elementor-background-overlay\"><\/div><a class=\"swiper-slide-inner\" href=\"https:\/\/spectrespast.com\/es\/game-landing-page\/\"><div class=\"swiper-slide-contents\"><h1 class=\"elementor-slide-heading\">Cuentos a trav\u00e9s del tiempo<\/h1><h2 class=\"elementor-slide-description\">EN NUESTRA CIUDAD | Antes de las fronteras, las urnas y los puentes, hubo defensores ind\u00edgenas, pioneros negros y mujeres cuyos sue\u00f1os transformaron el condado de Benton. El esp\u00edritu del condado de Benton perdura, susurrando sus historias a quienes est\u00e9n dispuestos a escuchar...<\/h2><div  class=\"elementor-button elementor-slide-button elementor-size-lg\">JUEGA LA TEMPORADA 1<\/div><\/div><\/a><\/div>\t\t\t\t<\/div>\n\t\t\t\t\t\t\t\t\t\t\t\t\t\t\t<div class=\"elementor-swiper-button elementor-swiper-button-prev\" role=\"button\" tabindex=\"0\" aria-label=\"Diapositiva anterior\">\n\t\t\t\t\t\t\t<svg aria-hidden=\"true\" class=\"e-font-icon-svg e-eicon-chevron-left\" viewbox=\"0 0 1000 1000\" xmlns=\"http:\/\/www.w3.org\/2000\/svg\"><path d=\"M646 125C629 125 613 133 604 142L308 442C296 454 292 471 292 487 292 504 296 521 308 533L604 854C617 867 629 875 646 875 663 875 679 871 692 858 704 846 713 829 713 812 713 796 708 779 692 767L438 487 692 225C700 217 708 204 708 187 708 171 704 154 692 142 675 129 663 125 646 125Z\"><\/path><\/svg>\t\t\t\t\t\t<\/div>\n\t\t\t\t\t\t<div class=\"elementor-swiper-button elementor-swiper-button-next\" role=\"button\" tabindex=\"0\" aria-label=\"Siguiente diapositiva\">\n\t\t\t\t\t\t\t<svg aria-hidden=\"true\" class=\"e-font-icon-svg e-eicon-chevron-right\" viewbox=\"0 0 1000 1000\" xmlns=\"http:\/\/www.w3.org\/2000\/svg\"><path d=\"M696 533C708 521 713 504 713 487 713 471 708 454 696 446L400 146C388 133 375 125 354 125 338 125 325 129 313 142 300 154 292 171 292 187 292 204 296 221 308 233L563 492 304 771C292 783 288 800 288 817 288 833 296 850 308 863 321 871 338 875 354 875 371 875 388 867 400 854L696 533Z\"><\/path><\/svg>\t\t\t\t\t\t<\/div>\n\t\t\t\t\t\t\t\t\t\t\t\t\t\t\t\t<div class=\"swiper-pagination\"><\/div>\n\t\t\t\t\t\t\t\t\t\t\t\t<\/div>\n\t\t\t\t\t\t\t\t<\/div>\n\t\t\t\t<div class=\"elementor-element elementor-element-1b8b3fc elementor-widget elementor-widget-heading\" data-id=\"1b8b3fc\" data-element_type=\"widget\" data-widget_type=\"heading.default\">\n\t\t\t\t\t<h2 class=\"elementor-heading-title elementor-size-default\">Da vida a la historia local a trav\u00e9s de narraciones inmersivas, juego interactivo y exploraci\u00f3n din\u00e1mica.<\/h2>\t\t\t\t<\/div>\n\t\t<div class=\"elementor-element elementor-element-a77042f e-grid e-con-boxed e-con e-child\" data-id=\"a77042f\" data-element_type=\"container\">\n\t\t\t\t\t<div class=\"e-con-inner\">\n\t\t\t\t<div class=\"elementor-element elementor-element-b481ed6 elementor-align-left elementor-list-item-link-full_width elementor-widget elementor-widget-icon-list\" data-id=\"b481ed6\" data-element_type=\"widget\" data-widget_type=\"icon-list.default\">\n\t\t\t\t\t\t\t<ul class=\"elementor-icon-list-items\">\n\t\t\t\t\t\t\t<li class=\"elementor-icon-list-item\">\n\t\t\t\t\t\t\t\t\t\t\t<a href=\"http:\/\/Educate%20and%20entertain%20both%20residents%20and%20visitors.\">\n\n\t\t\t\t\t\t\t\t\t\t\t\t<span class=\"elementor-icon-list-icon\">\n\t\t\t\t\t\t\t<svg aria-hidden=\"true\" class=\"e-font-icon-svg e-fas-check\" viewbox=\"0 0 512 512\" xmlns=\"http:\/\/www.w3.org\/2000\/svg\"><path d=\"M173.898 439.404l-166.4-166.4c-9.997-9.997-9.997-26.206 0-36.204l36.203-36.204c9.997-9.998 26.207-9.998 36.204 0L192 312.69 432.095 72.596c9.997-9.997 26.207-9.997 36.204 0l36.203 36.204c9.997 9.997 9.997 26.206 0 36.204l-294.4 294.401c-9.998 9.997-26.207 9.997-36.204-.001z\"><\/path><\/svg>\t\t\t\t\t\t<\/span>\n\t\t\t\t\t\t\t\t\t\t<span class=\"elementor-icon-list-text\">Captar y mantener el inter\u00e9s de la comunidad en el patrimonio local.<\/span>\n\t\t\t\t\t\t\t\t\t\t\t<\/a>\n\t\t\t\t\t\t\t\t\t<\/li>\n\t\t\t\t\t\t\t\t<li class=\"elementor-icon-list-item\">\n\t\t\t\t\t\t\t\t\t\t\t<a href=\"http:\/\/Educate%20and%20entertain%20both%20residents%20and%20visitors.\">\n\n\t\t\t\t\t\t\t\t\t\t\t\t<span class=\"elementor-icon-list-icon\">\n\t\t\t\t\t\t\t<svg aria-hidden=\"true\" class=\"e-font-icon-svg e-fas-check\" viewbox=\"0 0 512 512\" xmlns=\"http:\/\/www.w3.org\/2000\/svg\"><path d=\"M173.898 439.404l-166.4-166.4c-9.997-9.997-9.997-26.206 0-36.204l36.203-36.204c9.997-9.998 26.207-9.998 36.204 0L192 312.69 432.095 72.596c9.997-9.997 26.207-9.997 36.204 0l36.203 36.204c9.997 9.997 9.997 26.206 0 36.204l-294.4 294.401c-9.998 9.997-26.207 9.997-36.204-.001z\"><\/path><\/svg>\t\t\t\t\t\t<\/span>\n\t\t\t\t\t\t\t\t\t\t<span class=\"elementor-icon-list-text\">Educar y entretener tanto a residentes como a visitantes.<\/span>\n\t\t\t\t\t\t\t\t\t\t\t<\/a>\n\t\t\t\t\t\t\t\t\t<\/li>\n\t\t\t\t\t\t\t\t<li class=\"elementor-icon-list-item\">\n\t\t\t\t\t\t\t\t\t\t\t<a href=\"http:\/\/Increase%20cultural%20tourism%20and%20local%20pride.\">\n\n\t\t\t\t\t\t\t\t\t\t\t\t<span class=\"elementor-icon-list-icon\">\n\t\t\t\t\t\t\t<svg aria-hidden=\"true\" class=\"e-font-icon-svg e-fas-check\" viewbox=\"0 0 512 512\" xmlns=\"http:\/\/www.w3.org\/2000\/svg\"><path d=\"M173.898 439.404l-166.4-166.4c-9.997-9.997-9.997-26.206 0-36.204l36.203-36.204c9.997-9.998 26.207-9.998 36.204 0L192 312.69 432.095 72.596c9.997-9.997 26.207-9.997 36.204 0l36.203 36.204c9.997 9.997 9.997 26.206 0 36.204l-294.4 294.401c-9.998 9.997-26.207 9.997-36.204-.001z\"><\/path><\/svg>\t\t\t\t\t\t<\/span>\n\t\t\t\t\t\t\t\t\t\t<span class=\"elementor-icon-list-text\">Promover una conexi\u00f3n comunitaria m\u00e1s profunda a trav\u00e9s de diversas perspectivas hist\u00f3ricas.<\/span>\n\t\t\t\t\t\t\t\t\t\t\t<\/a>\n\t\t\t\t\t\t\t\t\t<\/li>\n\t\t\t\t\t\t\t\t<li class=\"elementor-icon-list-item\">\n\t\t\t\t\t\t\t\t\t\t\t<a href=\"http:\/\/Increase%20cultural%20tourism%20and%20local%20pride.\">\n\n\t\t\t\t\t\t\t\t\t\t\t\t<span class=\"elementor-icon-list-icon\">\n\t\t\t\t\t\t\t<svg aria-hidden=\"true\" class=\"e-font-icon-svg e-fas-check\" viewbox=\"0 0 512 512\" xmlns=\"http:\/\/www.w3.org\/2000\/svg\"><path d=\"M173.898 439.404l-166.4-166.4c-9.997-9.997-9.997-26.206 0-36.204l36.203-36.204c9.997-9.998 26.207-9.998 36.204 0L192 312.69 432.095 72.596c9.997-9.997 26.207-9.997 36.204 0l36.203 36.204c9.997 9.997 9.997 26.206 0 36.204l-294.4 294.401c-9.998 9.997-26.207 9.997-36.204-.001z\"><\/path><\/svg>\t\t\t\t\t\t<\/span>\n\t\t\t\t\t\t\t\t\t\t<span class=\"elementor-icon-list-text\">Aumentar el turismo cultural y el orgullo local.<\/span>\n\t\t\t\t\t\t\t\t\t\t\t<\/a>\n\t\t\t\t\t\t\t\t\t<\/li>\n\t\t\t\t\t\t<\/ul>\n\t\t\t\t\t\t<\/div>\n\t\t\t\t<div class=\"elementor-element elementor-element-91a5df5 elementor-widget elementor-widget-html\" data-id=\"91a5df5\" data-element_type=\"widget\" data-widget_type=\"html.default\">\n\t\t\t\t\t<div id=\"mc_embed_shell\">\n      <link href=\"\/\/cdn-images.mailchimp.com\/embedcode\/classic-061523.css\" rel=\"stylesheet\" type=\"text\/css\">\n  <style type=\"text\/css\">\n        #mc_embed_signup{background:#fff; false;clear:left; font:14px Helvetica,Arial,sans-serif; width: 500px;}\n        \/* Add your own Mailchimp form style overrides in your site stylesheet or in this style block.\n           We recommend moving this block and the preceding CSS link to the HEAD of your HTML file. *\/\n<\/style>\n<div id=\"mc_embed_signup\">\n    <form action=\"https:\/\/spectrespast.us1.list-manage.com\/subscribe\/post?u=0938da31c70e34d3afa121e1d&id=089212b1f0&f_id=00c0c9e4f0\" method=\"post\" id=\"mc-embedded-subscribe-form\" name=\"mc-embedded-subscribe-form\" class=\"validate\" target=\"_blank\">\n        <div id=\"mc_embed_signup_scroll\"><h2>Sum\u00e9rgete en la historia: con\u00e9ctate con nosotros<\/h2>\n            <div class=\"indicates-required\"><span class=\"asterisk\">*<\/span> indica requerido<\/div>\n            <div class=\"mc-field-group\"><label for=\"mce-EMAIL\">Direcci\u00f3n de correo electr\u00f3nico <span class=\"asterisk\">*<\/span><\/label><input type=\"email\" name=\"EMAIL\" class=\"required email\" id=\"mce-EMAIL\" required=\"\" value=\"\"><\/div><div class=\"mc-field-group\"><label for=\"mce-FNAME\">Primer nombre <\/label><input type=\"text\" name=\"FNAME\" class=\"text\" id=\"mce-FNAME\" value=\"\"><\/div><div class=\"mc-field-group input-group\"><strong>Tambi\u00e9n interesado en... <\/strong><ul><li><input type=\"checkbox\" name=\"group[383845][32]\" id=\"mce-group[383845]-383845-0\" value=\"\"><label for=\"mce-group[383845]-383845-0\">\u00a1Patrocinando Espectros!<\/label><\/li><li><input type=\"checkbox\" name=\"group[383845][64]\" id=\"mce-group[383845]-383845-1\" value=\"\"><label for=\"mce-group[383845]-383845-1\">\u00a1Nuestros propios espectros del \u00e1rea!<\/label><\/li><li><input type=\"checkbox\" name=\"group[383845][128]\" id=\"mce-group[383845]-383845-2\" value=\"\"><label for=\"mce-group[383845]-383845-2\">\u00a1Temporadas anteriores, por favor!<\/label><\/li><\/ul><\/div>\n<div hidden=\"\"><input type=\"hidden\" name=\"tags\" value=\"6334415\"><\/div>\n        <div id=\"mce-responses\" class=\"clear foot\">\n            <div class=\"response\" id=\"mce-error-response\" style=\"display: none;\"><\/div>\n            <div class=\"response\" id=\"mce-success-response\" style=\"display: none;\"><\/div>\n        <\/div>\n    <div aria-hidden=\"true\" style=\"position: absolute; left: -5000px;\">\n        \/* las personas reales no deber\u00edan completar esto y esperar cosas buenas: no elimine esto o se arriesgue a que se registren bots del formulario *\/\n        <input type=\"text\" name=\"b_0938da31c70e34d3afa121e1d_089212b1f0\" tabindex=\"-1\" value=\"\">\n    <\/div>\n        <div class=\"optionalParent\">\n            <div class=\"clear foot\">\n                <input type=\"submit\" name=\"subscribe\" id=\"mc-embedded-subscribe\" class=\"button\" value=\"Suscribir\">\n                <p style=\"margin: 0px auto;\"><a href=\"http:\/\/eepurl.com\/jddXJE\" title=\"Mailchimp: marketing por correo electr\u00f3nico f\u00e1cil y divertido\"><span style=\"display: inline-block; background-color: transparent; border-radius: 4px;\"><img decoding=\"async\" class=\"refferal_badge\" src=\"https:\/\/digitalasset.intuit.com\/render\/content\/dam\/intuit\/mc-fe\/en_us\/images\/intuit-mc-rewards-text-dark.svg\" alt=\"Intuit Mailchimp\" style=\"width: 220px; height: 40px; display: flex; padding: 2px 0px; justify-content: center; align-items: center;\"><\/span><\/a><\/p>\n            <\/div>\n        <\/div>\n    <\/div>\n<\/form>\n<\/div>\n<script type=\"text\/javascript\" src=\"\/\/s3.amazonaws.com\/downloads.mailchimp.com\/js\/mc-validate.js\"><\/script><script type=\"text\/javascript\">(function($) {window.fnames = new Array(); window.ftypes = new Array();fnames[0]='EMAIL';ftypes[0]='email';fnames[1]='FNAME';ftypes[1]='text';}(jQuery));var $mcj = jQuery.noConflict(true);<\/script><\/div>\n\t\t\t\t<\/div>\n\t\t\t\t\t<\/div>\n\t\t\t\t<\/div>\n\t\t\t\t<\/div>\n\t\t\t\t<\/div>","protected":false},"excerpt":{"rendered":"<p>Con Espectros del Pasado, la historia no solo se recuerda, sino que se vive, se ama y se comparte. Al\u00e9jate de los caminos trillados y sum\u00e9rgete en el alma de una comunidad. Recorre las calles, toca las piedras y escucha las historias susurradas que forjaron generaciones. En cada momento, no solo presencias la historia, sino que la vives y te conviertes en parte de ella... <a title=\"\u00a1Haz que la historia sea irresistible!\" class=\"read-more\" href=\"https:\/\/spectrespast.com\/es\/\" aria-label=\"Leer m\u00e1s sobre \u00a1Haz que la Historia sea irresistible!\">Leer m\u00e1s<\/a><\/p>","protected":false},"author":2,"featured_media":0,"parent":0,"menu_order":0,"comment_status":"closed","ping_status":"closed","template":"","meta":{"footnotes":""},"folder":[],"class_list":["post-4970","page","type-page","status-publish"],"_links":{"self":[{"href":"https:\/\/spectrespast.com\/es\/wp-json\/wp\/v2\/pages\/4970","targetHints":{"allow":["GET"]}}],"collection":[{"href":"https:\/\/spectrespast.com\/es\/wp-json\/wp\/v2\/pages"}],"about":[{"href":"https:\/\/spectrespast.com\/es\/wp-json\/wp\/v2\/types\/page"}],"author":[{"embeddable":true,"href":"https:\/\/spectrespast.com\/es\/wp-json\/wp\/v2\/users\/2"}],"replies":[{"embeddable":true,"href":"https:\/\/spectrespast.com\/es\/wp-json\/wp\/v2\/comments?post=4970"}],"version-history":[{"count":139,"href":"https:\/\/spectrespast.com\/es\/wp-json\/wp\/v2\/pages\/4970\/revisions"}],"predecessor-version":[{"id":5482,"href":"https:\/\/spectrespast.com\/es\/wp-json\/wp\/v2\/pages\/4970\/revisions\/5482"}],"wp:attachment":[{"href":"https:\/\/spectrespast.com\/es\/wp-json\/wp\/v2\/media?parent=4970"}],"wp:term":[{"taxonomy":"folder","embeddable":true,"href":"https:\/\/spectrespast.com\/es\/wp-json\/wp\/v2\/folder?post=4970"}],"curies":[{"name":"wp","href":"https:\/\/api.w.org\/{rel}","templated":true}]}}