{"id":5131,"date":"2025-04-28T19:40:14","date_gmt":"2025-04-29T02:40:14","guid":{"rendered":"https:\/\/spectrespast.com\/?page_id=5131"},"modified":"2025-04-30T15:00:22","modified_gmt":"2025-04-30T22:00:22","slug":"our-past-matters","status":"publish","type":"page","link":"https:\/\/spectrespast.com\/es\/our-past-matters\/","title":{"rendered":"Nuestro pasado importa"},"content":{"rendered":"<div data-elementor-type=\"wp-page\" data-elementor-id=\"5131\" class=\"elementor elementor-5131\" data-elementor-post-type=\"page\">\n\t\t\t\t<div class=\"elementor-element elementor-element-fe89c39 e-flex e-con-boxed e-con e-parent\" data-id=\"fe89c39\" data-element_type=\"container\">\n\t\t\t\t\t<div class=\"e-con-inner\">\n\t\t\t\t<div class=\"elementor-element elementor-element-3974195 elementor-cta--skin-cover elementor-animated-content elementor-bg-transform elementor-bg-transform-zoom-in elementor-widget elementor-widget-call-to-action\" data-id=\"3974195\" data-element_type=\"widget\" data-widget_type=\"call-to-action.default\">\n\t\t\t\t\t\t\t<div class=\"elementor-cta\">\n\t\t\t\t\t<div class=\"elementor-cta__bg-wrapper\">\n\t\t\t\t<div class=\"elementor-cta__bg elementor-bg\" style=\"background-image: url(https:\/\/spectrespast.com\/wp-content\/uploads\/2023\/05\/old-weathered-paper-1207036-768x1024.jpg);\" role=\"img\" aria-label=\"papel viejo y desgastado 1207036\"><\/div>\n\t\t\t\t<div class=\"elementor-cta__bg-overlay\"><\/div>\n\t\t\t<\/div>\n\t\t\t\t\t\t\t<div class=\"elementor-cta__content\">\n\t\t\t\t\t\t\t\t\t<div class=\"elementor-content-item elementor-cta__content-item elementor-cta__image elementor-animated-item--grow\">\n\t\t\t\t\t\t<img fetchpriority=\"high\" decoding=\"async\" width=\"1024\" height=\"485\" src=\"https:\/\/spectrespast.com\/wp-content\/uploads\/2021\/05\/pexels-photo-2945024-1-1024x485.jpg\" class=\"attachment-large size-large wp-image-2890\" alt=\"\" srcset=\"https:\/\/spectrespast.com\/wp-content\/uploads\/2021\/05\/pexels-photo-2945024-1-1024x485.jpg.webp 1024w, https:\/\/spectrespast.com\/wp-content\/uploads\/2021\/05\/pexels-photo-2945024-1-300x142.jpg.webp 300w, https:\/\/spectrespast.com\/wp-content\/uploads\/2021\/05\/pexels-photo-2945024-1-768x364.jpg.webp 768w, https:\/\/spectrespast.com\/wp-content\/uploads\/2021\/05\/pexels-photo-2945024-1-1536x727.jpg.webp 1536w, https:\/\/spectrespast.com\/wp-content\/uploads\/2021\/05\/pexels-photo-2945024-1-16x8.jpg.webp 16w, https:\/\/spectrespast.com\/wp-content\/uploads\/2021\/05\/pexels-photo-2945024-1.jpg.webp 1880w\" sizes=\"(max-width: 1024px) 100vw, 1024px\" \/>\t\t\t\t\t<\/div>\n\t\t\t\t\n\t\t\t\t\t\t\t\t\t<h2 class=\"elementor-cta__title elementor-cta__content-item elementor-content-item elementor-animated-item--grow\">\n\t\t\t\t\t\tDale vida a las historias no contadas de tu comunidad\t\t\t\t\t<\/h2>\n\t\t\t\t\n\t\t\t\t\t\t\t\t\t<div class=\"elementor-cta__description elementor-cta__content-item elementor-content-item elementor-animated-item--grow\">\n\t\t\t\t\t\tHonra cada voz. Reaviva el orgullo. Inspira a las nuevas generaciones a escuchar, aprender y liderar.\t\t\t\t\t<\/div>\n\t\t\t\t\n\t\t\t\t\t\t\t\t\t<div class=\"elementor-cta__button-wrapper elementor-cta__content-item elementor-content-item elementor-animated-item--grow\">\n\t\t\t\t\t<a class=\"elementor-cta__button elementor-button elementor-size-\" href=\"https:\/\/calendly.com\/adriennefritze\/30min\" target=\"_blank\">\n\t\t\t\t\t\tProgramar una llamada de descubrimiento\t\t\t\t\t<\/a>\n\t\t\t\t\t<\/div>\n\t\t\t\t\t\t\t<\/div>\n\t\t\t\t\t\t\t<div class=\"elementor-ribbon\">\n\t\t\t\t<div class=\"elementor-ribbon-inner\">Granja<\/div>\n\t\t\t<\/div>\n\t\t\t\t<\/div>\n\t\t\t\t\t\t<\/div>\n\t\t<div class=\"elementor-element elementor-element-2c5b50a e-grid e-con-full e-con e-child\" data-id=\"2c5b50a\" data-element_type=\"container\">\n\t\t\t\t<div class=\"elementor-element elementor-element-3452411 elementor-widget elementor-widget-text-editor\" data-id=\"3452411\" data-element_type=\"widget\" data-widget_type=\"text-editor.default\">\n\t\t\t\t\t\t\t\t\t<h2 class=\"\" style=\"text-align: center;\" data-start=\"523\" data-end=\"564\">Proteges las historias. <br \/>Llevas memoria.<\/h2><h5 style=\"text-align: center;\" data-start=\"566\" data-end=\"667\"><em>Ustedes son administradores de la historia de su comunidad: preservan las historias que construyeron el alma de su ciudad.<\/em><\/h5><p class=\"\" data-start=\"669\" data-end=\"704\">Hoy sientes un llamado m\u00e1s profundo:<\/p><ul><li data-start=\"707\" data-end=\"775\">A <strong data-start=\"710\" data-end=\"733\">contar la historia completa<\/strong> \u2014no s\u00f3lo las piezas f\u00e1ciles o familiares.<\/li><li data-start=\"778\" data-end=\"881\">A <strong data-start=\"781\" data-end=\"826\">incorporar a las generaciones m\u00e1s j\u00f3venes al c\u00edrculo<\/strong> \u2014 no como espectadores, sino como narradores de historias.<\/li><li data-start=\"884\" data-end=\"990\">A <strong data-start=\"887\" data-end=\"912\">celebrar cada voz<\/strong> \u2014 Ind\u00edgenas, negros, inmigrantes, mujeres: no s\u00f3lo las narrativas dominantes.<\/li><li data-start=\"993\" data-end=\"1074\">A <strong data-start=\"996\" data-end=\"1023\">Haz que la historia importe ahora<\/strong> \u2014 no s\u00f3lo por memoria, sino por identidad y orgullo.<\/li><\/ul>\t\t\t\t\t\t\t\t<\/div>\n\t\t\t\t<div class=\"elementor-element elementor-element-0a8e122 elementor-widget elementor-widget-text-editor\" data-id=\"0a8e122\" data-element_type=\"widget\" data-widget_type=\"text-editor.default\">\n\t\t\t\t\t\t\t\t\t<h2 class=\"\" style=\"text-align: center;\" data-start=\"1081\" data-end=\"1100\">El desaf\u00edo:<\/h2><h4 style=\"text-align: center;\" data-start=\"1101\" data-end=\"1141\">El pasado es poderoso, pero tambi\u00e9n lo es el silencio<\/h4><p class=\"\" data-start=\"1143\" data-end=\"1168\">Sin nuevo compromiso:<\/p><ul><li data-start=\"1171\" data-end=\"1202\">Los museos parecen est\u00e1ticos y no vitales.<\/li><li data-start=\"1205\" data-end=\"1248\">Los j\u00f3venes pierden la conexi\u00f3n con el lugar y el prop\u00f3sito.<\/li><li data-start=\"1251\" data-end=\"1293\">Las historias no contadas corren el riesgo de desaparecer por completo.<\/li><li data-start=\"1296\" data-end=\"1356\">Su equipo est\u00e1 al l\u00edmite de sus posibilidades: grandes sue\u00f1os, recursos limitados.<\/li><\/ul><p class=\"\" data-start=\"1358\" data-end=\"1450\">Y sin una verdadera conexi\u00f3n emocional, los visitantes <strong data-start=\"1406\" data-end=\"1416\">olvidar<\/strong> \u2014 cuando los necesites <strong data-start=\"1441\" data-end=\"1449\">sentir<\/strong>.<\/p>\t\t\t\t\t\t\t\t<\/div>\n\t\t\t\t<\/div>\n\t\t\t\t\t<\/div>\n\t\t\t\t<\/div>\n\t\t<div class=\"elementor-element elementor-element-c81cc65 e-flex e-con-boxed e-con e-parent\" data-id=\"c81cc65\" data-element_type=\"container\" data-settings=\"{&quot;background_background&quot;:&quot;slideshow&quot;,&quot;background_slideshow_gallery&quot;:[],&quot;background_slideshow_loop&quot;:&quot;yes&quot;,&quot;background_slideshow_slide_duration&quot;:5000,&quot;background_slideshow_slide_transition&quot;:&quot;fade&quot;,&quot;background_slideshow_transition_duration&quot;:500}\">\n\t\t\t\t\t<div class=\"e-con-inner\">\n\t\t\t\t<div class=\"elementor-element elementor-element-92763ae elementor-widget elementor-widget-text-editor\" data-id=\"92763ae\" data-element_type=\"widget\" data-widget_type=\"text-editor.default\">\n\t\t\t\t\t\t\t\t\t<h2 class=\"\" style=\"text-align: center;\" data-start=\"1457\" data-end=\"1494\">Imagina tu comunidad reconectada<\/h2><p class=\"\" style=\"text-align: center;\" data-start=\"1496\" data-end=\"1726\">Imag\u00ednese la plaza de su tribunal llena de familias resolviendo misterios sobre pioneros ocultos.<br data-start=\"1587\" data-end=\"1590\" \/>Su museo rebosa de estudiantes que descifran mensajes de las sufragistas.<br data-start=\"1660\" data-end=\"1663\" \/>Tu centro vuelve a respirar con descubrimiento, aventura y orgullo.<\/p><p class=\"\" style=\"text-align: center;\" data-start=\"1728\" data-end=\"1834\">Imagine que los visitantes no solo aprenden historia,<br data-start=\"1772\" data-end=\"1775\" \/>pero <strong data-start=\"1779\" data-end=\"1792\">Vivi\u00e9ndolo<\/strong>, <strong data-start=\"1794\" data-end=\"1808\">Jug\u00e1ndolo<\/strong>, <strong data-start=\"1810\" data-end=\"1833\">llevarlo adelante<\/strong>.<\/p><p class=\"\" style=\"text-align: center;\" data-start=\"1836\" data-end=\"1924\">\u00c9se es el futuro que est\u00e1s protegiendo.<br data-start=\"1873\" data-end=\"1876\" \/>Ese es el futuro que Spectres Past te ayuda a construir.<\/p>\t\t\t\t\t\t\t\t<\/div>\n\t\t\t\t\t<\/div>\n\t\t\t\t<\/div>\n\t\t<div class=\"elementor-element elementor-element-d9d113c e-flex e-con-boxed e-con e-parent\" data-id=\"d9d113c\" data-element_type=\"container\">\n\t\t\t\t\t<div class=\"e-con-inner\">\n\t\t\t\t<div class=\"elementor-element elementor-element-75f9a4b elementor-widget elementor-widget-heading\" data-id=\"75f9a4b\" data-element_type=\"widget\" data-widget_type=\"heading.default\">\n\t\t\t\t\t<h2 class=\"elementor-heading-title elementor-size-default\"><h2 data-start=\"1931\" data-end=\"1956\">\u00bfQu\u00e9 es Spectres Past?<span style=\"font-family: inherit;font-style: inherit\"><\/span><\/h2><\/h2>\t\t\t\t<\/div>\n\t\t\t\t<div class=\"elementor-element elementor-element-d5e12ca elementor-widget elementor-widget-text-editor\" data-id=\"d5e12ca\" data-element_type=\"widget\" data-widget_type=\"text-editor.default\">\n\t\t\t\t\t\t\t\t\t<h3 style=\"text-align: center;\" data-start=\"1958\" data-end=\"2126\">Espectros del pasado crea <strong data-start=\"1980\" data-end=\"2020\">B\u00fasquedas de pistas de misterio hist\u00f3rico personalizadas <\/strong>\u2014 aventuras inmersivas basadas en historias arraigadas en <strong data-start=\"2070\" data-end=\"2085\">personas reales<\/strong>, <strong data-start=\"2087\" data-end=\"2102\">lugares reales<\/strong>, y <strong data-start=\"2108\" data-end=\"2125\">verdades no contadas<\/strong>.<\/h3><p data-start=\"2128\" data-end=\"2138\">Dise\u00f1amos:<\/p><ul><li><strong data-start=\"2141\" data-end=\"2169\">B\u00fasquedas de pistas sobre el terreno<\/strong> en lugares emblem\u00e1ticos, museos y sitios hist\u00f3ricos<\/li><li><strong data-start=\"2218\" data-end=\"2257\">Experiencias de juego virtuales y m\u00f3viles<\/strong> para accesibilidad y alcance<\/li><li><strong data-start=\"2288\" data-end=\"2324\">Rompecabezas y narraciones de misterio<\/strong> que hacen historia <em data-start=\"2343\" data-end=\"2381\">Emotivo, urgente e inolvidable.<\/em><\/li><\/ul><p data-start=\"2383\" data-end=\"2480\">Cada pista, cada rompecabezas, cada giro invita a los jugadores a las capas ocultas del alma de su ciudad.<\/p>\t\t\t\t\t\t\t\t<\/div>\n\t\t<div class=\"elementor-element elementor-element-fbbe4c0 e-grid e-con-full e-con e-child\" data-id=\"fbbe4c0\" data-element_type=\"container\">\n\t\t\t\t<div class=\"elementor-element elementor-element-096ccb3 elementor-widget elementor-widget-text-editor\" data-id=\"096ccb3\" data-element_type=\"widget\" data-widget_type=\"text-editor.default\">\n\t\t\t\t\t\t\t\t\t<h2 class=\"\" data-start=\"2487\" data-end=\"2548\">Dise\u00f1ado para organizaciones que se atreven a contar la historia completa<\/h2><p class=\"\" data-start=\"2550\" data-end=\"2793\">Spectres Past se asocia con:<br \/><strong>\u2705 Museos de Historia y Sociedades Hist\u00f3ricas<\/strong><br data-start=\"2621\" data-end=\"2624\" \/><strong>\u2705 Centros de visitantes y oficinas de turismo<\/strong><br data-start=\"2660\" data-end=\"2663\" \/><strong>\u2705 Grupos de preservaci\u00f3n y asociaciones del centro<\/strong><br data-start=\"2710\" data-end=\"2713\" \/><strong>\u2705 Organizaciones de Patrimonio Cultural<\/strong><br data-start=\"2746\" data-end=\"2749\" \/><strong>\u2705 Grupos c\u00edvicos que fomentan la participaci\u00f3n comunitaria<\/strong><\/p><p class=\"\" data-start=\"2795\" data-end=\"2931\">Si tu misi\u00f3n es contarlo <strong data-start=\"2822\" data-end=\"2866\">La historia completa y viva de tu comunidad<\/strong> \u2014<br data-start=\"2868\" data-end=\"2871\" \/>Spectres Past amplifica tu trabajo a trav\u00e9s del poder del juego.<\/p>\t\t\t\t\t\t\t\t<\/div>\n\t\t\t\t<div class=\"elementor-element elementor-element-059f1b8 elementor-widget elementor-widget-text-editor\" data-id=\"059f1b8\" data-element_type=\"widget\" data-widget_type=\"text-editor.default\">\n\t\t\t\t\t\t\t\t\t<h2 class=\"\" data-start=\"2938\" data-end=\"2976\">\u00bfQu\u00e9 hace que Spectres Past sea diferente?<\/h2><p>\u2705 <strong>Centros Historias no contadas<\/strong>Pioneros negros, cuidadores ind\u00edgenas, sufragistas, inmigrantes: sus verdaderos h\u00e9roes locales.<br \/>\u2705 <strong>Dise\u00f1o multigeneracional:<\/strong> Un llamamiento a familias, escuelas, turistas, personas mayores y j\u00f3venes por igual.<br data-start=\"3197\" data-end=\"3200\" \/>\u2705 <strong data-start=\"3202\" data-end=\"3228\">Alineaci\u00f3n Educativa:<\/strong> Apoya la financiaci\u00f3n de subvenciones, la educaci\u00f3n STEAM y las iniciativas culturales.<br data-start=\"3295\" data-end=\"3298\" \/>\u2705 <strong data-start=\"3300\" data-end=\"3322\">Entrega flexible:<\/strong> Paquetes llave en mano o soporte colaborativo: usted elige su rol.<br data-start=\"3389\" data-end=\"3392\" \/>\u2705 <strong data-start=\"3394\" data-end=\"3415\">Valor de rejugabilidad:<\/strong> Dise\u00f1os creados para renovarse y reutilizarse estacionalmente.<\/p>\t\t\t\t\t\t\t\t<\/div>\n\t\t\t\t<div class=\"elementor-element elementor-element-6590f4f elementor-widget elementor-widget-text-editor\" data-id=\"6590f4f\" data-element_type=\"widget\" data-widget_type=\"text-editor.default\">\n\t\t\t\t\t\t\t\t\t<h2 class=\"\" data-start=\"3475\" data-end=\"3490\">C\u00f3mo funciona<\/h2><ol data-start=\"3492\" data-end=\"3861\"><li class=\"\" data-start=\"3492\" data-end=\"3558\"><p class=\"\" data-start=\"3495\" data-end=\"3558\"><strong data-start=\"3495\" data-end=\"3517\">Sesi\u00f3n de descubrimiento:<\/strong> Conocemos tus metas, activos y sue\u00f1os.<\/p><\/li><li class=\"\" data-start=\"3559\" data-end=\"3654\"><p class=\"\" data-start=\"3562\" data-end=\"3654\"><strong data-start=\"3562\" data-end=\"3585\">Dise\u00f1o de juego personalizado:<\/strong> Creamos rompecabezas, historias y pistas basadas en tu historia.<\/p><\/li><li class=\"\" data-start=\"3655\" data-end=\"3720\"><p class=\"\" data-start=\"3658\" data-end=\"3720\"><strong data-start=\"3658\" data-end=\"3682\">Producci\u00f3n y preparaci\u00f3n:<\/strong> Materiales entregados; personal apoyado.<\/p><\/li><li class=\"\" data-start=\"3721\" data-end=\"3778\"><p class=\"\" data-start=\"3724\" data-end=\"3778\"><strong data-start=\"3724\" data-end=\"3741\">Lanzamiento del evento:<\/strong> Juega, aprende, celebra y con\u00e9ctate.<\/p><\/li><li class=\"\" data-start=\"3779\" data-end=\"3861\"><p class=\"\" data-start=\"3782\" data-end=\"3861\"><strong data-start=\"3782\" data-end=\"3803\">Informe y crecimiento:<\/strong> Aprovechar el impulso para las subvenciones, el crecimiento y el orgullo comunitario.<\/p><\/li><\/ol><p class=\"\" data-start=\"3863\" data-end=\"3912\">T\u00fa llevas la antorcha.<br data-start=\"3883\" data-end=\"3886\" \/>Lo hacemos brillar m\u00e1s.<\/p>\t\t\t\t\t\t\t\t<\/div>\n\t\t\t\t<div class=\"elementor-element elementor-element-ad5b2cd elementor-widget elementor-widget-text-editor\" data-id=\"ad5b2cd\" data-element_type=\"widget\" data-widget_type=\"text-editor.default\">\n\t\t\t\t\t\t\t\t\t<h2 class=\"\" data-start=\"3919\" data-end=\"3964\">Prueba de que funciona: Condado de Benton, Oreg\u00f3n<\/h2><p class=\"\" data-start=\"3966\" data-end=\"3983\">En el condado de Benton:<\/p><ul data-start=\"3984\" data-end=\"4206\"><li class=\"\" data-start=\"3984\" data-end=\"4009\"><p class=\"\" data-start=\"3986\" data-end=\"4009\">3 Espectros Temporadas pasadas<\/p><\/li><li class=\"\" data-start=\"4010\" data-end=\"4032\"><p class=\"\" data-start=\"4012\" data-end=\"4032\">12 episodios hist\u00f3ricos<\/p><\/li><li class=\"\" data-start=\"4033\" data-end=\"4056\"><p class=\"\" data-start=\"4035\" data-end=\"4056\">Cientos de jugadores<\/p><\/li><li class=\"\" data-start=\"4057\" data-end=\"4155\"><p class=\"\" data-start=\"4059\" data-end=\"4155\">Historias no contadas de pioneros negros, herencia ind\u00edgena y victorias sufragistas cobran vida<\/p><\/li><li class=\"\" data-start=\"4156\" data-end=\"4206\"><p class=\"\" data-start=\"4158\" data-end=\"4206\">Se reaviv\u00f3 el orgullo comunitario y la participaci\u00f3n de los visitantes<\/p><\/li><\/ul><p class=\"\" data-start=\"4208\" data-end=\"4250\">Pueblos peque\u00f1os. Grandes historias. Conexi\u00f3n real.<\/p>\t\t\t\t\t\t\t\t<\/div>\n\t\t\t\t<\/div>\n\t\t\t\t\t<\/div>\n\t\t\t\t<\/div>\n\t\t<div class=\"elementor-element elementor-element-b4ef20e e-flex e-con-boxed e-con e-parent\" data-id=\"b4ef20e\" data-element_type=\"container\">\n\t\t\t\t\t<div class=\"e-con-inner\">\n\t\t\t\t<div class=\"elementor-element elementor-element-159942d elementor-widget elementor-widget-text-editor\" data-id=\"159942d\" data-element_type=\"widget\" data-widget_type=\"text-editor.default\">\n\t\t\t\t\t\t\t\t\t<h2 class=\"\" style=\"text-align: center;\" data-start=\"4257\" data-end=\"4303\">\u00bfEst\u00e1s listo para reavivar las historias de tu comunidad?<\/h2><h3 style=\"text-align: center;\" data-start=\"4305\" data-end=\"4399\">Ya proteges tu historia.<br data-start=\"4338\" data-end=\"4341\" \/>Asegur\u00e9monos de que esto sea escuchado, sentido y vivido por todos.<\/h3><p class=\"\" style=\"text-align: center;\" data-start=\"4401\" data-end=\"4499\"><a href=\"https:\/\/calendly.com\/adriennefritze\/30min\" target=\"_blank\" rel=\"noopener\"><img decoding=\"async\" class=\"alignnone size-medium wp-image-5215\" src=\"http:\/\/spectrespast.com\/wp-content\/uploads\/2025\/04\/SCHEDULE-DISCOVERY-CALL-WOODEN-BUTTON-300x51.png\" alt=\"\" width=\"300\" height=\"51\" \/><\/a><\/p><h3 style=\"text-align: center;\">\u201cCuando sacas a la luz historias olvidadas, <br \/>\u201cNo s\u00f3lo cambias el pasado: cambias el futuro\u201d.<\/h3>\t\t\t\t\t\t\t\t<\/div>\n\t\t\t\t\t<\/div>\n\t\t\t\t<\/div>\n\t\t\t\t<\/div>","protected":false},"excerpt":{"rendered":"<p>Dale vida a las historias no contadas de tu comunidad. Honra cada voz. Reaviva el orgullo. Inspira a las nuevas generaciones a escuchar, aprender y liderar. Programa una llamada de descubrimiento en Grange. Proteges historias. Llevas la memoria. Eres custodio de la historia de tu comunidad, preservando las historias que forjaron el alma de tu pueblo. Hoy, sientes un llamado m\u00e1s profundo: a\u2026 <a title=\"Nuestro pasado importa\" class=\"read-more\" href=\"https:\/\/spectrespast.com\/es\/our-past-matters\/\" aria-label=\"Leer m\u00e1s sobre Nuestro pasado importa\">Leer m\u00e1s<\/a><\/p>","protected":false},"author":2,"featured_media":0,"parent":0,"menu_order":0,"comment_status":"closed","ping_status":"closed","template":"","meta":{"footnotes":""},"folder":[],"class_list":["post-5131","page","type-page","status-publish"],"_links":{"self":[{"href":"https:\/\/spectrespast.com\/es\/wp-json\/wp\/v2\/pages\/5131","targetHints":{"allow":["GET"]}}],"collection":[{"href":"https:\/\/spectrespast.com\/es\/wp-json\/wp\/v2\/pages"}],"about":[{"href":"https:\/\/spectrespast.com\/es\/wp-json\/wp\/v2\/types\/page"}],"author":[{"embeddable":true,"href":"https:\/\/spectrespast.com\/es\/wp-json\/wp\/v2\/users\/2"}],"replies":[{"embeddable":true,"href":"https:\/\/spectrespast.com\/es\/wp-json\/wp\/v2\/comments?post=5131"}],"version-history":[{"count":48,"href":"https:\/\/spectrespast.com\/es\/wp-json\/wp\/v2\/pages\/5131\/revisions"}],"predecessor-version":[{"id":5227,"href":"https:\/\/spectrespast.com\/es\/wp-json\/wp\/v2\/pages\/5131\/revisions\/5227"}],"wp:attachment":[{"href":"https:\/\/spectrespast.com\/es\/wp-json\/wp\/v2\/media?parent=5131"}],"wp:term":[{"taxonomy":"folder","embeddable":true,"href":"https:\/\/spectrespast.com\/es\/wp-json\/wp\/v2\/folder?post=5131"}],"curies":[{"name":"wp","href":"https:\/\/api.w.org\/{rel}","templated":true}]}}