{"id":5152,"date":"2025-04-28T20:58:29","date_gmt":"2025-04-29T03:58:29","guid":{"rendered":"https:\/\/spectrespast.com\/?page_id=5152"},"modified":"2025-04-29T14:37:21","modified_gmt":"2025-04-29T21:37:21","slug":"spectres-are-stirring-again","status":"publish","type":"page","link":"https:\/\/spectrespast.com\/es\/spectres-are-stirring-again\/","title":{"rendered":"Los espectros se agitan de nuevo"},"content":{"rendered":"<div data-elementor-type=\"wp-page\" data-elementor-id=\"5152\" class=\"elementor elementor-5152\" data-elementor-post-type=\"page\">\n\t\t\t\t<div class=\"elementor-element elementor-element-72026da e-con-full e-flex e-con e-parent\" data-id=\"72026da\" data-element_type=\"container\">\n\t\t\t\t<div class=\"elementor-element elementor-element-88a4f93 elementor--h-position-center elementor--v-position-middle elementor-arrows-position-inside elementor-pagination-position-inside elementor-widget elementor-widget-slides\" data-id=\"88a4f93\" data-element_type=\"widget\" data-settings=\"{&quot;transition&quot;:&quot;fade&quot;,&quot;transition_speed&quot;:1200,&quot;navigation&quot;:&quot;both&quot;,&quot;autoplay&quot;:&quot;yes&quot;,&quot;pause_on_hover&quot;:&quot;yes&quot;,&quot;pause_on_interaction&quot;:&quot;yes&quot;,&quot;autoplay_speed&quot;:5000,&quot;infinite&quot;:&quot;yes&quot;}\" data-widget_type=\"slides.default\">\n\t\t\t\t\t\t\t\t\t\t<div class=\"elementor-slides-wrapper elementor-main-swiper swiper\" role=\"region\" aria-roledescription=\"carousel\" aria-label=\"Diapositivas\" dir=\"ltr\" data-animation=\"fadeInUp\">\n\t\t\t\t<div class=\"swiper-wrapper elementor-slides\">\n\t\t\t\t\t\t\t\t\t\t<div class=\"elementor-repeater-item-b5beda2 swiper-slide\" role=\"group\" aria-roledescription=\"slide\"><div class=\"swiper-slide-bg elementor-ken-burns elementor-ken-burns--in\" role=\"img\"><\/div><div class=\"elementor-background-overlay\"><\/div><a class=\"swiper-slide-inner\" href=\"https:\/\/spectrespast.com\/es\/our-past-matters\/\"><div class=\"swiper-slide-contents\"><h1 class=\"elementor-slide-heading\">Regreso a trav\u00e9s del velo: las tres temporadas reabren el 10 de mayo<\/h1><h2 class=\"elementor-slide-description\">Sum\u00e9rgete en los misterios del pasado del condado de Benton, renovados, reinventados y listos tanto para nuevos aventureros como para quienes regresan. Las historias que descubriste, y las que te perdiste, esperan ser descubiertas una vez m\u00e1s.\n\n<\/h2><div  class=\"elementor-button elementor-slide-button elementor-size-lg\">Notificarme cuando se lance Spectres<\/div><\/div><\/a><\/div><div class=\"elementor-repeater-item-ee09e8f swiper-slide\" role=\"group\" aria-roledescription=\"slide\"><div class=\"swiper-slide-bg elementor-ken-burns elementor-ken-burns--in\" role=\"img\"><\/div><div class=\"elementor-background-overlay\"><\/div><a class=\"swiper-slide-inner\" href=\"https:\/\/spectrespast.com\/es\/bentonco\/\"><div class=\"swiper-slide-contents\"><h1 class=\"elementor-slide-heading\">Cuentos a trav\u00e9s del tiempo<\/h1><h2 class=\"elementor-slide-description\">EN NUESTRA CIUDAD | Antes de las fronteras, las urnas y los puentes, hubo defensores ind\u00edgenas, pioneros negros y mujeres cuyos sue\u00f1os transformaron el condado de Benton. El esp\u00edritu del condado de Benton perdura, susurrando sus historias a quienes est\u00e9n dispuestos a escuchar...<\/h2><div  class=\"elementor-button elementor-slide-button elementor-size-lg\">Relanzamiento del juego, 10 de mayo - M\u00c1S INFORMACI\u00d3N AQU\u00cd<\/div><\/div><\/a><\/div>\t\t\t\t<\/div>\n\t\t\t\t\t\t\t\t\t\t\t\t\t\t\t<div class=\"elementor-swiper-button elementor-swiper-button-prev\" role=\"button\" tabindex=\"0\" aria-label=\"Diapositiva anterior\">\n\t\t\t\t\t\t\t<svg aria-hidden=\"true\" class=\"e-font-icon-svg e-eicon-chevron-left\" viewbox=\"0 0 1000 1000\" xmlns=\"http:\/\/www.w3.org\/2000\/svg\"><path d=\"M646 125C629 125 613 133 604 142L308 442C296 454 292 471 292 487 292 504 296 521 308 533L604 854C617 867 629 875 646 875 663 875 679 871 692 858 704 846 713 829 713 812 713 796 708 779 692 767L438 487 692 225C700 217 708 204 708 187 708 171 704 154 692 142 675 129 663 125 646 125Z\"><\/path><\/svg>\t\t\t\t\t\t<\/div>\n\t\t\t\t\t\t<div class=\"elementor-swiper-button elementor-swiper-button-next\" role=\"button\" tabindex=\"0\" aria-label=\"Siguiente diapositiva\">\n\t\t\t\t\t\t\t<svg aria-hidden=\"true\" class=\"e-font-icon-svg e-eicon-chevron-right\" viewbox=\"0 0 1000 1000\" xmlns=\"http:\/\/www.w3.org\/2000\/svg\"><path d=\"M696 533C708 521 713 504 713 487 713 471 708 454 696 446L400 146C388 133 375 125 354 125 338 125 325 129 313 142 300 154 292 171 292 187 292 204 296 221 308 233L563 492 304 771C292 783 288 800 288 817 288 833 296 850 308 863 321 871 338 875 354 875 371 875 388 867 400 854L696 533Z\"><\/path><\/svg>\t\t\t\t\t\t<\/div>\n\t\t\t\t\t\t\t\t\t\t\t\t\t\t\t\t<div class=\"swiper-pagination\"><\/div>\n\t\t\t\t\t\t\t\t\t\t\t\t<\/div>\n\t\t\t\t\t\t\t\t<\/div>\n\t\t\t\t<div class=\"elementor-element elementor-element-1b8b3fc elementor-widget elementor-widget-heading\" data-id=\"1b8b3fc\" data-element_type=\"widget\" data-widget_type=\"heading.default\">\n\t\t\t\t\t<h2 class=\"elementor-heading-title elementor-size-default\">Ahora, Espectros del pasado del condado de Benton regresa: Tres temporadas. Doce episodios inmersivos. Innumerables h\u00e9roes ocultos.<\/h2>\t\t\t\t<\/div>\n\t\t<div class=\"elementor-element elementor-element-a77042f e-grid e-con-boxed e-con e-child\" data-id=\"a77042f\" data-element_type=\"container\">\n\t\t\t\t\t<div class=\"e-con-inner\">\n\t\t\t\t<div class=\"elementor-element elementor-element-91a5df5 elementor-widget elementor-widget-html\" data-id=\"91a5df5\" data-element_type=\"widget\" data-widget_type=\"html.default\">\n\t\t\t\t\t<div id=\"mc_embed_shell\">\n      <link href=\"\/\/cdn-images.mailchimp.com\/embedcode\/classic-061523.css\" rel=\"stylesheet\" type=\"text\/css\">\n  <style type=\"text\/css\">\n        #mc_embed_signup{background:#fff; false;clear:left; font:14px Helvetica,Arial,sans-serif; width: 500px;}\n        \/* Add your own Mailchimp form style overrides in your site stylesheet or in this style block.\n           We recommend moving this block and the preceding CSS link to the HEAD of your HTML file. *\/\n<\/style>\n<div id=\"mc_embed_signup\">\n    <form action=\"https:\/\/spectrespast.us1.list-manage.com\/subscribe\/post?u=0938da31c70e34d3afa121e1d&id=089212b1f0&f_id=00c0c9e4f0\" method=\"post\" id=\"mc-embedded-subscribe-form\" name=\"mc-embedded-subscribe-form\" class=\"validate\" target=\"_blank\">\n        <div id=\"mc_embed_signup_scroll\"><h2>Sum\u00e9rgete en la historia: con\u00e9ctate con nosotros<\/h2>\n            <div class=\"indicates-required\"><span class=\"asterisk\">*<\/span> indica requerido<\/div>\n            <div class=\"mc-field-group\"><label for=\"mce-EMAIL\">Direcci\u00f3n de correo electr\u00f3nico <span class=\"asterisk\">*<\/span><\/label><input type=\"email\" name=\"EMAIL\" class=\"required email\" id=\"mce-EMAIL\" required=\"\" value=\"\"><\/div><div class=\"mc-field-group\"><label for=\"mce-FNAME\">Primer nombre <\/label><input type=\"text\" name=\"FNAME\" class=\"text\" id=\"mce-FNAME\" value=\"\"><\/div><div class=\"mc-field-group input-group\"><strong>Tambi\u00e9n interesado en... <\/strong><ul><li><input type=\"checkbox\" name=\"group[383845][32]\" id=\"mce-group[383845]-383845-0\" value=\"\"><label for=\"mce-group[383845]-383845-0\">\u00a1Patrocinando Espectros!<\/label><\/li><li><input type=\"checkbox\" name=\"group[383845][64]\" id=\"mce-group[383845]-383845-1\" value=\"\"><label for=\"mce-group[383845]-383845-1\">\u00a1Nuestros propios espectros del \u00e1rea!<\/label><\/li><li><input type=\"checkbox\" name=\"group[383845][128]\" id=\"mce-group[383845]-383845-2\" value=\"\"><label for=\"mce-group[383845]-383845-2\">\u00a1Temporadas anteriores, por favor!<\/label><\/li><\/ul><\/div>\n<div hidden=\"\"><input type=\"hidden\" name=\"tags\" value=\"6334415\"><\/div>\n        <div id=\"mce-responses\" class=\"clear foot\">\n            <div class=\"response\" id=\"mce-error-response\" style=\"display: none;\"><\/div>\n            <div class=\"response\" id=\"mce-success-response\" style=\"display: none;\"><\/div>\n        <\/div>\n    <div aria-hidden=\"true\" style=\"position: absolute; left: -5000px;\">\n        \/* las personas reales no deber\u00edan completar esto y esperar cosas buenas: no elimine esto o se arriesgue a que se registren bots del formulario *\/\n        <input type=\"text\" name=\"b_0938da31c70e34d3afa121e1d_089212b1f0\" tabindex=\"-1\" value=\"\">\n    <\/div>\n        <div class=\"optionalParent\">\n            <div class=\"clear foot\">\n                <input type=\"submit\" name=\"subscribe\" id=\"mc-embedded-subscribe\" class=\"button\" value=\"Suscribir\">\n                <p style=\"margin: 0px auto;\"><a href=\"http:\/\/eepurl.com\/jddXJE\" title=\"Mailchimp: marketing por correo electr\u00f3nico f\u00e1cil y divertido\"><span style=\"display: inline-block; background-color: transparent; border-radius: 4px;\"><img decoding=\"async\" class=\"refferal_badge\" src=\"https:\/\/digitalasset.intuit.com\/render\/content\/dam\/intuit\/mc-fe\/en_us\/images\/intuit-mc-rewards-text-dark.svg\" alt=\"Intuit Mailchimp\" style=\"width: 220px; height: 40px; display: flex; padding: 2px 0px; justify-content: center; align-items: center;\"><\/span><\/a><\/p>\n            <\/div>\n        <\/div>\n    <\/div>\n<\/form>\n<\/div>\n<script type=\"text\/javascript\" src=\"\/\/s3.amazonaws.com\/downloads.mailchimp.com\/js\/mc-validate.js\"><\/script><script type=\"text\/javascript\">(function($) {window.fnames = new Array(); window.ftypes = new Array();fnames[0]='EMAIL';ftypes[0]='email';fnames[1]='FNAME';ftypes[1]='text';}(jQuery));var $mcj = jQuery.noConflict(true);<\/script><\/div>\n\t\t\t\t<\/div>\n\t\t\t\t<div class=\"elementor-element elementor-element-127f818 elementor-widget elementor-widget-text-editor\" data-id=\"127f818\" data-element_type=\"widget\" data-widget_type=\"text-editor.default\">\n\t\t\t\t\t\t\t\t\t<h2 class=\"\" data-start=\"760\" data-end=\"782\">La historia vuelve a despertar<\/h2><blockquote><p class=\"\" data-start=\"786\" data-end=\"847\">Los fantasmas del pasado del condado de Benton nunca han descansado del todo.<\/p><p class=\"\" data-start=\"854\" data-end=\"968\">Han esperado, pacientemente, a exploradores dispuestos a escuchar, a preguntarse y a honrar vidas a menudo olvidadas.<\/p><p class=\"\" data-start=\"970\" data-end=\"1091\">Tanto para los nuevos aventureros como para los amigos que regresan, el camino se vuelve a abrir, listo para guiarlos a trav\u00e9s de historias que dieron forma al esp\u00edritu de Oreg\u00f3n.<\/p><\/blockquote>\t\t\t\t\t\t\t\t<\/div>\n\t\t\t\t<div class=\"elementor-element elementor-element-ebe2c77 elementor-widget elementor-widget-text-editor\" data-id=\"ebe2c77\" data-element_type=\"widget\" data-widget_type=\"text-editor.default\">\n\t\t\t\t\t\t\t\t\t<h2 class=\"\" data-start=\"1236\" data-end=\"1254\">\u00bfQu\u00e9 te espera?<\/h2><p class=\"\" data-start=\"1258\" data-end=\"1366\"><strong data-start=\"1258\" data-end=\"1291\">Temporada 1: Superando la brecha<\/strong> \u2014 Descubra c\u00f3mo los puentes, las votaciones y las revoluciones silenciosas transformaron un condado.<\/p><p class=\"\" data-start=\"1369\" data-end=\"1513\"><strong data-start=\"1369\" data-end=\"1404\">Temporada 2: Encrucijada de coraje<\/strong> \u2014 seguir a pioneros negros, defensores nativos y sufragistas mientras forjaban legados contra probabilidades imposibles.<\/p><p class=\"\" data-start=\"1516\" data-end=\"1697\"><strong data-start=\"1516\" data-end=\"1555\">Temporada 3: Mensajes a trav\u00e9s del velo<\/strong> \u2014 Camine junto a Hannah y Eliza Gorman, dos mujeres cuyo viaje desde la esclavitud hasta convertirse en pilares de la comunidad desafi\u00f3 las mismas leyes destinadas a borrarlas.<\/p>\t\t\t\t\t\t\t\t<\/div>\n\t\t\t\t<div class=\"elementor-element elementor-element-31f79a1 elementor-widget elementor-widget-text-editor\" data-id=\"31f79a1\" data-element_type=\"widget\" data-widget_type=\"text-editor.default\">\n\t\t\t\t\t\t\t\t\t<h2 class=\"\" data-start=\"1704\" data-end=\"1724\">Cuando puedes jugar<\/h2><h4 data-start=\"1726\" data-end=\"1769\">Relanzamiento oficial: 10 de mayo de 2025<\/h4><ul><li data-start=\"1772\" data-end=\"1818\">Acceso completo a todos los episodios de las temporadas 1 a 3<\/li><li data-start=\"1821\" data-end=\"1869\">Formatos disponibles: imprimibles, m\u00f3viles y virtuales.<\/li><li data-start=\"1872\" data-end=\"1940\">Perfecto para familias, grupos escolares, aventureros y amantes de la historia.<\/li><\/ul><hr class=\"\" data-start=\"1942\" data-end=\"1945\" \/>\t\t\t\t\t\t\t\t<\/div>\n\t\t\t\t\t<\/div>\n\t\t\t\t<\/div>\n\t\t\t\t<\/div>\n\t\t<div class=\"elementor-element elementor-element-7491a99 e-flex e-con-boxed e-con e-parent\" data-id=\"7491a99\" data-element_type=\"container\" data-settings=\"{&quot;background_background&quot;:&quot;classic&quot;}\">\n\t\t\t\t\t<div class=\"e-con-inner\">\n\t\t<div class=\"elementor-element elementor-element-80f1aed e-grid e-con-full e-con e-child\" data-id=\"80f1aed\" data-element_type=\"container\">\n\t\t\t\t<div class=\"elementor-element elementor-element-c47ec6a elementor-widget elementor-widget-text-editor\" data-id=\"c47ec6a\" data-element_type=\"widget\" data-widget_type=\"text-editor.default\">\n\t\t\t\t\t\t\t\t\t<h2 class=\"\" data-start=\"1947\" data-end=\"1971\"><span style=\"color: #ffffff;\">\u00bfQu\u00e9 hay de nuevo esta vez?<\/span><\/h2><ul><li><span style=\"color: #ffffff;\">Gu\u00edas para nuevos jugadores para una incorporaci\u00f3n m\u00e1s sencilla<\/span><\/li><li><span style=\"color: #ffffff;\">Rompecabezas y sugerencias actualizados para nuevas experiencias.<\/span><\/li><li><span style=\"color: #ffffff;\">Contenido adicional que conecta las tres temporadas<\/span><\/li><li><span style=\"color: #ffffff;\">Una inmersi\u00f3n m\u00e1s profunda en el pasado oculto y valiente del condado de Benton<\/span><\/li><\/ul>\t\t\t\t\t\t\t\t<\/div>\n\t\t\t\t<div class=\"elementor-element elementor-element-d37a3b8 elementor-widget elementor-widget-text-editor\" data-id=\"d37a3b8\" data-element_type=\"widget\" data-widget_type=\"text-editor.default\">\n\t\t\t\t\t\t\t\t\t<h2><span style=\"color: #ffffff;\">No te pierdas el regreso<\/span><\/h2><ul><li data-start=\"2210\" data-end=\"2255\"><span style=\"color: #ffffff;\">Sea uno de los primeros en revivir los misterios.<\/span><\/li><li data-start=\"2258\" data-end=\"2379\"><span style=\"color: #ffffff;\">Experimente lo que cientos de jugadores ya han descubierto: <strong data-start=\"2319\" data-end=\"2379\">La historia no ha quedado atr\u00e1s: susurra a nuestro alrededor.<\/strong><\/span><\/li><\/ul>\t\t\t\t\t\t\t\t<\/div>\n\t\t\t\t<div class=\"elementor-element elementor-element-d453aa4 elementor-align-right elementor-widget elementor-widget-button\" data-id=\"d453aa4\" data-element_type=\"widget\" data-widget_type=\"button.default\">\n\t\t\t\t\t\t\t\t\t\t<a class=\"elementor-button elementor-button-link elementor-size-sm\" href=\"#\">\n\t\t\t\t\t\t<span class=\"elementor-button-content-wrapper\">\n\t\t\t\t\t\t\t\t\t<span class=\"elementor-button-text\">Notificarme sobre el relanzamiento de Spectres<\/span>\n\t\t\t\t\t<\/span>\n\t\t\t\t\t<\/a>\n\t\t\t\t\t\t\t\t<\/div>\n\t\t\t\t<div class=\"elementor-element elementor-element-9e5443b elementor-widget elementor-widget-html\" data-id=\"9e5443b\" data-element_type=\"widget\" data-widget_type=\"html.default\">\n\t\t\t\t\t<div id=\"mc_embed_shell\">\n      <link href=\"\/\/cdn-images.mailchimp.com\/embedcode\/classic-061523.css\" rel=\"stylesheet\" type=\"text\/css\">\n  <style type=\"text\/css\">\n        #mc_embed_signup{background:#fff; false;clear:left; font:14px Helvetica,Arial,sans-serif; width: 500px;}\n        \/* Add your own Mailchimp form style overrides in your site stylesheet or in this style block.\n           We recommend moving this block and the preceding CSS link to the HEAD of your HTML file. *\/\n<\/style>\n<div id=\"mc_embed_signup\">\n    <form action=\"https:\/\/spectrespast.us1.list-manage.com\/subscribe\/post?u=0938da31c70e34d3afa121e1d&id=089212b1f0&f_id=00c0c9e4f0\" method=\"post\" id=\"mc-embedded-subscribe-form\" name=\"mc-embedded-subscribe-form\" class=\"validate\" target=\"_blank\">\n        <div id=\"mc_embed_signup_scroll\"><h2>Sum\u00e9rgete en la historia: con\u00e9ctate con nosotros<\/h2>\n            <div class=\"indicates-required\"><span class=\"asterisk\">*<\/span> indica requerido<\/div>\n            <div class=\"mc-field-group\"><label for=\"mce-EMAIL\">Direcci\u00f3n de correo electr\u00f3nico <span class=\"asterisk\">*<\/span><\/label><input type=\"email\" name=\"EMAIL\" class=\"required email\" id=\"mce-EMAIL\" required=\"\" value=\"\"><\/div><div class=\"mc-field-group\"><label for=\"mce-FNAME\">Primer nombre <\/label><input type=\"text\" name=\"FNAME\" class=\"text\" id=\"mce-FNAME\" value=\"\"><\/div><div class=\"mc-field-group input-group\"><strong>Tambi\u00e9n interesado en... <\/strong><ul><li><input type=\"checkbox\" name=\"group[383845][32]\" id=\"mce-group[383845]-383845-0\" value=\"\"><label for=\"mce-group[383845]-383845-0\">\u00a1Patrocinando Espectros!<\/label><\/li><li><input type=\"checkbox\" name=\"group[383845][64]\" id=\"mce-group[383845]-383845-1\" value=\"\"><label for=\"mce-group[383845]-383845-1\">\u00a1Nuestros propios espectros del \u00e1rea!<\/label><\/li><li><input type=\"checkbox\" name=\"group[383845][128]\" id=\"mce-group[383845]-383845-2\" value=\"\"><label for=\"mce-group[383845]-383845-2\">\u00a1Temporadas anteriores, por favor!<\/label><\/li><\/ul><\/div>\n<div hidden=\"\"><input type=\"hidden\" name=\"tags\" value=\"6334415\"><\/div>\n        <div id=\"mce-responses\" class=\"clear foot\">\n            <div class=\"response\" id=\"mce-error-response\" style=\"display: none;\"><\/div>\n            <div class=\"response\" id=\"mce-success-response\" style=\"display: none;\"><\/div>\n        <\/div>\n    <div aria-hidden=\"true\" style=\"position: absolute; left: -5000px;\">\n        \/* las personas reales no deber\u00edan completar esto y esperar cosas buenas: no elimine esto o se arriesgue a que se registren bots del formulario *\/\n        <input type=\"text\" name=\"b_0938da31c70e34d3afa121e1d_089212b1f0\" tabindex=\"-1\" value=\"\">\n    <\/div>\n        <div class=\"optionalParent\">\n            <div class=\"clear foot\">\n                <input type=\"submit\" name=\"subscribe\" id=\"mc-embedded-subscribe\" class=\"button\" value=\"Suscribir\">\n                <p style=\"margin: 0px auto;\"><a href=\"http:\/\/eepurl.com\/jddXJE\" title=\"Mailchimp: marketing por correo electr\u00f3nico f\u00e1cil y divertido\"><span style=\"display: inline-block; background-color: transparent; border-radius: 4px;\"><img decoding=\"async\" class=\"refferal_badge\" src=\"https:\/\/digitalasset.intuit.com\/render\/content\/dam\/intuit\/mc-fe\/en_us\/images\/intuit-mc-rewards-text-dark.svg\" alt=\"Intuit Mailchimp\" style=\"width: 220px; height: 40px; display: flex; padding: 2px 0px; justify-content: center; align-items: center;\"><\/span><\/a><\/p>\n            <\/div>\n        <\/div>\n    <\/div>\n<\/form>\n<\/div>\n<script type=\"text\/javascript\" src=\"\/\/s3.amazonaws.com\/downloads.mailchimp.com\/js\/mc-validate.js\"><\/script><script type=\"text\/javascript\">(function($) {window.fnames = new Array(); window.ftypes = new Array();fnames[0]='EMAIL';ftypes[0]='email';fnames[1]='FNAME';ftypes[1]='text';}(jQuery));var $mcj = jQuery.noConflict(true);<\/script><\/div>\n\t\t\t\t<\/div>\n\t\t\t\t<\/div>\n\t\t\t\t\t<\/div>\n\t\t\t\t<\/div>\n\t\t<div class=\"elementor-element elementor-element-6b0e6d0 e-flex e-con-boxed e-con e-parent\" data-id=\"6b0e6d0\" data-element_type=\"container\">\n\t\t\t\t\t<div class=\"e-con-inner\">\n\t\t\t\t<div class=\"elementor-element elementor-element-861ae36 elementor-widget elementor-widget-text-editor\" data-id=\"861ae36\" data-element_type=\"widget\" data-widget_type=\"text-editor.default\">\n\t\t\t\t\t\t\t\t\t<blockquote data-start=\"2469\" data-end=\"2649\"><h2 style=\"text-align: center;\" data-start=\"2471\" data-end=\"2553\"><em data-start=\"2471\" data-end=\"2508\">Algunas historias se niegan a permanecer en silencio.<\/em><br data-start=\"2508\" data-end=\"2511\" \/><em data-start=\"2513\" data-end=\"2551\">Algunos esp\u00edritus se niegan a ser olvidados.<\/em><\/h2><h2 style=\"text-align: center;\" data-start=\"2560\" data-end=\"2614\"><strong data-start=\"2560\" data-end=\"2612\">Espectros del pasado del condado de Benton regresa el 10 de mayo.<\/strong><\/h2><h2 style=\"text-align: center;\" data-start=\"2621\" data-end=\"2649\">\u00bfEstar\u00e1s listo para escuchar?<\/h2><\/blockquote>\t\t\t\t\t\t\t\t<\/div>\n\t\t\t\t\t<\/div>\n\t\t\t\t<\/div>\n\t\t\t\t<\/div>","protected":false},"excerpt":{"rendered":"<p>Regresa a trav\u00e9s del Velo: Las tres temporadas reabren el 10 de mayo. Sum\u00e9rgete en los misterios del pasado del condado de Benton, renovados, reinventados y listos tanto para nuevos aventureros como para quienes regresan. Las historias que descubriste, y las que te perdiste, esperan tu regreso. Av\u00edsame cuando Spectres lance &quot;Cuentos a trav\u00e9s del tiempo&quot;. <a title=\"Los espectros se agitan de nuevo\" class=\"read-more\" href=\"https:\/\/spectrespast.com\/es\/spectres-are-stirring-again\/\" aria-label=\"Leer m\u00e1s sobre Los espectros se est\u00e1n agitando de nuevo\">Leer m\u00e1s<\/a><\/p>","protected":false},"author":2,"featured_media":0,"parent":0,"menu_order":0,"comment_status":"closed","ping_status":"closed","template":"","meta":{"footnotes":""},"folder":[],"class_list":["post-5152","page","type-page","status-publish"],"_links":{"self":[{"href":"https:\/\/spectrespast.com\/es\/wp-json\/wp\/v2\/pages\/5152","targetHints":{"allow":["GET"]}}],"collection":[{"href":"https:\/\/spectrespast.com\/es\/wp-json\/wp\/v2\/pages"}],"about":[{"href":"https:\/\/spectrespast.com\/es\/wp-json\/wp\/v2\/types\/page"}],"author":[{"embeddable":true,"href":"https:\/\/spectrespast.com\/es\/wp-json\/wp\/v2\/users\/2"}],"replies":[{"embeddable":true,"href":"https:\/\/spectrespast.com\/es\/wp-json\/wp\/v2\/comments?post=5152"}],"version-history":[{"count":35,"href":"https:\/\/spectrespast.com\/es\/wp-json\/wp\/v2\/pages\/5152\/revisions"}],"predecessor-version":[{"id":5190,"href":"https:\/\/spectrespast.com\/es\/wp-json\/wp\/v2\/pages\/5152\/revisions\/5190"}],"wp:attachment":[{"href":"https:\/\/spectrespast.com\/es\/wp-json\/wp\/v2\/media?parent=5152"}],"wp:term":[{"taxonomy":"folder","embeddable":true,"href":"https:\/\/spectrespast.com\/es\/wp-json\/wp\/v2\/folder?post=5152"}],"curies":[{"name":"wp","href":"https:\/\/api.w.org\/{rel}","templated":true}]}}