{"id":928,"date":"2021-04-14T00:00:56","date_gmt":"2021-04-14T07:00:56","guid":{"rendered":"http:\/\/spectrespast.com\/?page_id=928"},"modified":"2021-09-10T14:55:07","modified_gmt":"2021-09-10T21:55:07","slug":"about-us","status":"publish","type":"page","link":"https:\/\/spectrespast.com\/es\/about-us\/","title":{"rendered":"Sobre nosotros"},"content":{"rendered":"<div data-elementor-type=\"wp-page\" data-elementor-id=\"928\" class=\"elementor elementor-928\" data-elementor-post-type=\"page\">\n\t\t\t\t\t\t<section class=\"elementor-section elementor-top-section elementor-element elementor-element-44b380be elementor-section-boxed elementor-section-height-default elementor-section-height-default\" data-id=\"44b380be\" data-element_type=\"section\">\n\t\t\t\t\t\t<div class=\"elementor-container elementor-column-gap-default\">\n\t\t\t\t\t<div class=\"elementor-column elementor-col-100 elementor-top-column elementor-element elementor-element-26e831b9\" data-id=\"26e831b9\" data-element_type=\"column\">\n\t\t\t<div class=\"elementor-widget-wrap elementor-element-populated\">\n\t\t\t\t\t\t<div class=\"elementor-element elementor-element-3032b61 elementor-widget elementor-widget-heading\" data-id=\"3032b61\" data-element_type=\"widget\" data-widget_type=\"heading.default\">\n\t\t\t\t\t<h1 class=\"elementor-heading-title elementor-size-default\">Sobre nosotros<\/h1>\t\t\t\t<\/div>\n\t\t\t\t<div class=\"elementor-element elementor-element-8ed3ae1 elementor-drop-cap-yes elementor-drop-cap-view-framed elementor-widget elementor-widget-text-editor\" data-id=\"8ed3ae1\" data-element_type=\"widget\" data-settings=\"{&quot;drop_cap&quot;:&quot;yes&quot;}\" data-widget_type=\"text-editor.default\">\n\t\t\t\t\t\t\t\t\t<blockquote>\n<p><strong>Espectros del pasado del condado de Benton<\/strong> es una colaboraci\u00f3n encantadora entre Game Makers en Conundrum House, los miembros de la Comisi\u00f3n de Recursos Hist\u00f3ricos del Condado de Benton y nuestras fuentes en todo el condado sin las cuales esta aventura podr\u00eda haberse llevado a cabo. El equipo creativo de Conundrum House est\u00e1 agradecido de estar en compa\u00f1\u00eda de tanta pasi\u00f3n y conocimiento hist\u00f3rico.<\/p>\n<\/blockquote>\t\t\t\t\t\t\t\t<\/div>\n\t\t\t\t<div class=\"elementor-element elementor-element-244bab21 elementor-widget elementor-widget-text-editor\" data-id=\"244bab21\" data-element_type=\"widget\" data-widget_type=\"text-editor.default\">\n\t\t\t\t\t\t\t\t\t<div class=\"innerblocks-wrap\">\n<div id=\"wp-block-themeisle-blocks-advanced-column-ba00a84a\" class=\"wp-block-themeisle-blocks-advanced-column\">\n<section id=\"wp-block-themeisle-blocks-advanced-columns-363eccc7\" class=\"wp-block-themeisle-blocks-advanced-columns has-2-columns has-desktop-equal-layout has-tablet-equal-layout has-mobile-collapsedRows-layout has-nogap-gap has-vertical-center\">\n<div class=\"innerblocks-wrap\">\n<div id=\"wp-block-themeisle-blocks-advanced-column-e32c15f5\" class=\"wp-block-themeisle-blocks-advanced-column\">\n<div id=\"wp-block-themeisle-blocks-advanced-heading-19d0ecdb\" class=\"wp-block-themeisle-blocks-advanced-heading wp-block-themeisle-blocks-advanced-heading-19d0ecdb\" style=\"text-align: left;\"><strong>PRESERVANDO NUESTRO PASADO PARA FUTURAS GENERACIONES<\/strong><\/div>\n<p><!-- \/wp:themeisle-blocks\/advanced-heading --><\/p>\n<p><!-- wp:heading {\"textAlign\":\"left\"} --><\/p>\n<h2 class=\"has-text-align-left\">Comisi\u00f3n de Recursos Hist\u00f3ricos del Condado de Benton<\/h2>\n<p><!-- \/wp:heading --><\/p>\n<p><!-- wp:paragraph {\"align\":\"left\"} --><\/p>\n<p><img fetchpriority=\"high\" decoding=\"async\" class=\"alignright wp-image-1679 size-full\" src=\"http:\/\/spectrespast.com\/wp-content\/uploads\/2021\/04\/HRC-AboutUs-Page.png\" alt=\"\" width=\"754\" height=\"544\" srcset=\"https:\/\/spectrespast.com\/wp-content\/uploads\/2021\/04\/HRC-AboutUs-Page.png 754w, https:\/\/spectrespast.com\/wp-content\/uploads\/2021\/04\/HRC-AboutUs-Page-300x216.png 300w, https:\/\/spectrespast.com\/wp-content\/uploads\/2021\/04\/HRC-AboutUs-Page-16x12.png 16w\" sizes=\"(max-width: 754px) 100vw, 754px\" \/><\/p>\n<p class=\"has-text-align-left\">La Comisi\u00f3n de Recursos Hist\u00f3ricos consta de siete miembros voluntarios de la comunidad del condado de Benton. La comisi\u00f3n tiene un mandato estatal y fue creada para implementar un programa de preservaci\u00f3n hist\u00f3rica en todo el condado (ORS 358.622) que incluye:<\/p>\n<ul>\n<li class=\"has-text-align-left\">Aumentar la conciencia del p\u00fablico sobre nuestro patrimonio hist\u00f3rico;<\/li>\n<li class=\"has-text-align-left\">Coordinar el programa local con programas de preservaci\u00f3n estatales y federales;<\/li>\n<li class=\"has-text-align-left\">Mantener una biblioteca sobre propiedades hist\u00f3ricas e informaci\u00f3n \u00fatil sobre t\u00e9cnicas de preservaci\u00f3n para uso del p\u00fablico en el Museo Hist\u00f3rico del Condado de Benton; y<\/li>\n<li class=\"has-text-align-left\">Supervisar el registro del condado de Benton o el programa de recursos hist\u00f3ricos.<\/li>\n<\/ul>\n<p><strong><a href=\"https:\/\/www.co.benton.or.us\/hrc\" target=\"_blank\" rel=\"noopener\">HAGA CLIC AQU\u00cd<\/a><\/strong> aprender m\u00e1s.<\/p>\n<p><!-- \/wp:paragraph --><\/p>\n<\/div>\n<p><!-- \/wp:themeisle-blocks\/advanced-column --><\/p>\n<p><!-- wp:themeisle-blocks\/advanced-column {\"id\":\"wp-block-themeisle-blocks-advanced-column-6e1f4afe\",\"marginTop\":0,\"marginBottom\":0,\"columnWidth\":\"50\"} --><\/p>\n<div id=\"wp-block-themeisle-blocks-advanced-column-6e1f4afe\" class=\"wp-block-themeisle-blocks-advanced-column\">\n<p><!-- wp:image {\"id\":310,\"sizeSlug\":\"large\"} --><\/p>\n<p><!-- \/wp:image --><\/p>\n<\/div>\n<p><!-- \/wp:themeisle-blocks\/advanced-column --><\/p>\n<\/div>\n<\/section>\n<p><!-- \/wp:themeisle-blocks\/advanced-columns --><\/p>\n<p><!-- wp:themeisle-blocks\/advanced-columns {\"id\":\"wp-block-themeisle-blocks-advanced-columns-3db1a44f\",\"columns\":2,\"layout\":\"equal\",\"layoutMobile\":\"collapsedRows\",\"columnsGap\":\"nogap\",\"padding\":0,\"paddingTablet\":0,\"paddingMobile\":0,\"paddingTop\":80,\"paddingTopTablet\":40,\"paddingTopMobile\":20,\"paddingRightTablet\":20,\"paddingBottom\":80,\"paddingBottomTablet\":40,\"paddingLeftTablet\":20,\"marginMobile\":0,\"marginTop\":0,\"marginTopTablet\":0,\"marginTopMobile\":0,\"marginBottom\":0,\"marginBottomTablet\":0,\"marginBottomMobile\":0,\"columnsWidth\":1170,\"horizontalAlign\":\"center\",\"verticalAlign\":\"center\",\"columnsHTMLTag\":\"section\"} --><\/p>\n<section id=\"wp-block-themeisle-blocks-advanced-columns-3db1a44f\" class=\"wp-block-themeisle-blocks-advanced-columns has-2-columns has-desktop-equal-layout has-tablet-equal-layout has-mobile-collapsedRows-layout has-nogap-gap has-vertical-center\">\n<div class=\"wp-block-themeisle-blocks-advanced-columns-overlay\"><hr \/><\/div>\n<div class=\"innerblocks-wrap\">\n<p><!-- wp:themeisle-blocks\/advanced-column {\"id\":\"wp-block-themeisle-blocks-advanced-column-4d559616\",\"paddingTypeMobile\":\"unlinked\",\"paddingTablet\":20,\"paddingMobile\":20,\"paddingTopMobile\":20,\"paddingRight\":0,\"paddingRightMobile\":20,\"paddingBottomMobile\":0,\"paddingLeft\":0,\"paddingLeftMobile\":20,\"marginTop\":0,\"marginBottom\":0,\"columnWidth\":\"50\"} --><\/p>\n<div id=\"wp-block-themeisle-blocks-advanced-column-4d559616\" class=\"wp-block-themeisle-blocks-advanced-column\" style=\"text-align: center;\">\n<p><!-- wp:image {\"id\":311,\"sizeSlug\":\"large\"} --><\/p>\n<p><!-- \/wp:image --><\/p>\n<\/div>\n<p><!-- \/wp:themeisle-blocks\/advanced-column --><\/p>\n<p><!-- wp:themeisle-blocks\/advanced-column {\"id\":\"wp-block-themeisle-blocks-advanced-column-6b9e306f\",\"marginTop\":0,\"marginBottom\":0,\"columnWidth\":\"50\"} --><\/p>\n<div id=\"wp-block-themeisle-blocks-advanced-column-6b9e306f\" class=\"wp-block-themeisle-blocks-advanced-column\">\n<p><!-- wp:themeisle-blocks\/advanced-heading {\"id\":\"wp-block-themeisle-blocks-advanced-heading-76f90c48\",\"tag\":\"div\",\"align\":\"left\",\"fontSize\":14,\"textTransform\":\"uppercase\",\"marginType\":\"linked\"} --><\/p>\n<img decoding=\"async\" class=\"alignleft wp-image-1698 size-full\" src=\"http:\/\/spectrespast.com\/wp-content\/uploads\/2021\/04\/CH-AboutUs-Page.png\" alt=\"\" width=\"754\" height=\"544\" srcset=\"https:\/\/spectrespast.com\/wp-content\/uploads\/2021\/04\/CH-AboutUs-Page.png 754w, https:\/\/spectrespast.com\/wp-content\/uploads\/2021\/04\/CH-AboutUs-Page-300x216.png 300w, https:\/\/spectrespast.com\/wp-content\/uploads\/2021\/04\/CH-AboutUs-Page-16x12.png 16w\" sizes=\"(max-width: 754px) 100vw, 754px\" \/>\n<div id=\"wp-block-themeisle-blocks-advanced-heading-76f90c48\" class=\"wp-block-themeisle-blocks-advanced-heading wp-block-themeisle-blocks-advanced-heading-76f90c48\" style=\"text-align: left;\"><strong>AGREGAR UN PEQUE\u00d1O MISTERIO Y JUGAR A LA VIDA<\/strong><\/div>\n<p style=\"text-align: left;\"><!-- \/wp:themeisle-blocks\/advanced-heading --><\/p>\n<p style=\"text-align: left;\"><!-- wp:heading {\"textAlign\":\"left\"} --><\/p>\n<h2 class=\"has-text-align-left\" style=\"text-align: left;\">Casa del enigma<\/h2>\n<p><!-- \/wp:heading --><\/p>\n<p><!-- wp:paragraph --><\/p>\n<p>Conundrum House ofrece a los hu\u00e9spedes y miembros un lugar para alquilar, comprar y jugar juegos de mesa, tanto en l\u00ednea como en nuestra biblioteca y sala de juegos tradicionales. Ofrecemos una amplia variedad de juegos, acertijos y experiencias de juego de roles de acci\u00f3n en vivo seleccionados para una variedad de gustos: misterios, novelas polic\u00edacas, acertijos manipulables (piense en el cubo de Rubik o los acertijos de Hanayama), acertijos de ciencia ficci\u00f3n, temas de espionaje y espionaje. juegos, y m\u00e1s. Nuestra sala de juegos y eventos est\u00e1n orientados para servir a todas las edades, y producimos eventos especiales en vivo con lugares asociados. Para las empresas, ofrecemos algunas experiencias \u00fanicas de creaci\u00f3n de equipos, como una experiencia de CSI en la que usted y su equipo est\u00e1n encargados de resolver un asesinato, utilizando herramientas forenses REALES y t\u00e9cnicas de investigaci\u00f3n. Visite nuestro sitio web y ad\u00e9ntrese en un mundo de juegos que es tan divertido que podr\u00eda llamarlo criminal.<\/p>\n<p>Visite nuestra tienda online <a href=\"https:\/\/conundrum.house\" target=\"_blank\" rel=\"noopener\"><strong>AQU\u00cd<\/strong><\/a><\/p>\n<p><!-- \/wp:paragraph --><\/p>\n<\/div>\n<p><!-- \/wp:themeisle-blocks\/advanced-column --><\/p>\n<\/div>\n<\/section>\n<p><!-- \/wp:themeisle-blocks\/advanced-columns --><\/p>\n<\/div>\n<p><!-- \/wp:themeisle-blocks\/advanced-column --><\/p>\n<\/div>\n<p><!-- \/wp:themeisle-blocks\/advanced-columns --><\/p>\t\t\t\t\t\t\t\t<\/div>\n\t\t\t\t\t<\/div>\n\t\t<\/div>\n\t\t\t\t\t<\/div>\n\t\t<\/section>\n\t\t\t\t<\/div>","protected":false},"excerpt":{"rendered":"<p>Acerca de nosotros Espectros del pasado del condado de Benton es una deliciosa colaboraci\u00f3n entre Game Makers en Conundrum House, los miembros de la Comisi\u00f3n de Recursos Hist\u00f3ricos del condado de Benton y nuestras fuentes en todo el condado sin las cuales esta aventura podr\u00eda haber sido posible. El equipo creativo de Conundrum House est\u00e1 agradecido de estar en compa\u00f1\u00eda de tales... <a title=\"Sobre nosotros\" class=\"read-more\" href=\"https:\/\/spectrespast.com\/es\/about-us\/\" aria-label=\"Leer m\u00e1s sobre Nosotros\">Leer m\u00e1s<\/a><\/p>","protected":false},"author":6,"featured_media":0,"parent":0,"menu_order":0,"comment_status":"closed","ping_status":"closed","template":"","meta":{"footnotes":""},"folder":[63],"class_list":["post-928","page","type-page","status-publish"],"_links":{"self":[{"href":"https:\/\/spectrespast.com\/es\/wp-json\/wp\/v2\/pages\/928","targetHints":{"allow":["GET"]}}],"collection":[{"href":"https:\/\/spectrespast.com\/es\/wp-json\/wp\/v2\/pages"}],"about":[{"href":"https:\/\/spectrespast.com\/es\/wp-json\/wp\/v2\/types\/page"}],"author":[{"embeddable":true,"href":"https:\/\/spectrespast.com\/es\/wp-json\/wp\/v2\/users\/6"}],"replies":[{"embeddable":true,"href":"https:\/\/spectrespast.com\/es\/wp-json\/wp\/v2\/comments?post=928"}],"version-history":[{"count":62,"href":"https:\/\/spectrespast.com\/es\/wp-json\/wp\/v2\/pages\/928\/revisions"}],"predecessor-version":[{"id":3236,"href":"https:\/\/spectrespast.com\/es\/wp-json\/wp\/v2\/pages\/928\/revisions\/3236"}],"wp:attachment":[{"href":"https:\/\/spectrespast.com\/es\/wp-json\/wp\/v2\/media?parent=928"}],"wp:term":[{"taxonomy":"folder","embeddable":true,"href":"https:\/\/spectrespast.com\/es\/wp-json\/wp\/v2\/folder?post=928"}],"curies":[{"name":"wp","href":"https:\/\/api.w.org\/{rel}","templated":true}]}}